{"id":68330,"date":"2025-01-30T12:11:58","date_gmt":"2025-01-30T12:11:58","guid":{"rendered":"https:\/\/brandss.com.py\/index\/?post_type=product&#038;p=68330"},"modified":"2026-03-11T11:49:40","modified_gmt":"2026-03-11T11:49:40","slug":"perfume-femenino-antonio-banderas-blue-seduction-edt-200ml","status":"publish","type":"product","link":"https:\/\/brandss.com.py\/index\/producto\/perfume-femenino-antonio-banderas-blue-seduction-edt-200ml\/","title":{"rendered":"PERFUME FEMENINO ANTONIO BANDERAS BLUE SEDUCTION EDT 200ML"},"content":{"rendered":"<p><img loading=\"lazy\" decoding=\"async\" class=\"\" src=\"https:\/\/www.shoppingchina.com.py\/rails\/active_storage\/blobs\/redirect\/eyJfcmFpbHMiOnsibWVzc2FnZSI6IkJBaHBBMVJFQlE9PSIsImV4cCI6bnVsbCwicHVyIjoiYmxvYl9pZCJ9fQ==--adbaa680ab01e41c542cd151fbaf853b469c4e45\/antonioban.webp\" alt=\"KIT PERFUME ANTONIO BANDERAS DIAVOLO FOR ME...\" width=\"105\" height=\"105\" \/><\/p>\n<h1>BLUE SEDUCTION<\/h1>\n<p>Blue Seduction Woman de Antonio Banderas es la sensualidad m\u00e1s fresca y espont\u00e1nea en un perfume chispeante y cautivador. La feminidad de las flores junto a la frescura de las notas de hojas de violeta, pera y mel\u00f3n configuran un perfume muy sensual y atrevido.<\/p>\n<p>Una fragancia perfecta con la que disfrutar de la seducci\u00f3n m\u00e1s divertida y natural en un ambiente \u00edntimo y glamuroso.<\/p>\n<p><img loading=\"lazy\" decoding=\"async\" class=\"alignleft\" src=\"https:\/\/edropcr.com\/wp-content\/uploads\/2022\/02\/Antonio-Banderas-Blue-Seduction-For-Women-200-ml-2.jpg\" width=\"407\" height=\"407\" \/><\/p>\n<h4>Notas Olfativas<\/h4>\n<p>&nbsp;<\/p>\n<p>Blue Seduction de Antonio Banderas es una fragancia de la familia olfativa Floral Acu\u00e1tica para Mujeres. Blue Seduction se lanz\u00f3 en 2008. Blue Seduction fue creada por Olivier Cresp, Elisabeth Vidal y Rosendo Mateu.<\/p>\n<p><strong>Notas de salida:<\/strong> mel\u00f3n, hojas de violeta, pera y bergamota.<\/p>\n<p><strong>Notas de coraz\u00f3n:<\/strong> peon\u00eda, gardenia, jazm\u00edn, lirio de los valles (muguete) y rosa de Bulgaria (rosa Damascena de Bulgaria).<\/p>\n<p><strong>Notas de fondo:<\/strong> pachul\u00ed, almizcle, benju\u00ed y frambuesa.<\/p>\n","protected":false},"excerpt":{"rendered":"<p>BLUE SEDUCTION Blue Seduction Woman de Antonio Banderas es la sensualidad m\u00e1s fresca y espont\u00e1nea en un perfume chispeante y<\/p>\n","protected":false},"featured_media":68331,"comment_status":"open","ping_status":"closed","template":"","meta":{"nf_dc_page":""},"product_brand":[870],"product_cat":[84],"product_tag":[1921],"class_list":{"0":"post-68330","1":"product","2":"type-product","3":"status-publish","4":"has-post-thumbnail","6":"product_brand-antonio-banderas","7":"product_cat-perfumeria","8":"product_tag-1921","10":"first","11":"outofstock","12":"shipping-taxable","13":"purchasable","14":"product-type-simple"},"_links":{"self":[{"href":"https:\/\/brandss.com.py\/index\/wp-json\/wp\/v2\/product\/68330","targetHints":{"allow":["GET"]}}],"collection":[{"href":"https:\/\/brandss.com.py\/index\/wp-json\/wp\/v2\/product"}],"about":[{"href":"https:\/\/brandss.com.py\/index\/wp-json\/wp\/v2\/types\/product"}],"replies":[{"embeddable":true,"href":"https:\/\/brandss.com.py\/index\/wp-json\/wp\/v2\/comments?post=68330"}],"version-history":[{"count":1,"href":"https:\/\/brandss.com.py\/index\/wp-json\/wp\/v2\/product\/68330\/revisions"}],"predecessor-version":[{"id":68335,"href":"https:\/\/brandss.com.py\/index\/wp-json\/wp\/v2\/product\/68330\/revisions\/68335"}],"wp:featuredmedia":[{"embeddable":true,"href":"https:\/\/brandss.com.py\/index\/wp-json\/wp\/v2\/media\/68331"}],"wp:attachment":[{"href":"https:\/\/brandss.com.py\/index\/wp-json\/wp\/v2\/media?parent=68330"}],"wp:term":[{"taxonomy":"product_brand","embeddable":true,"href":"https:\/\/brandss.com.py\/index\/wp-json\/wp\/v2\/product_brand?post=68330"},{"taxonomy":"product_cat","embeddable":true,"href":"https:\/\/brandss.com.py\/index\/wp-json\/wp\/v2\/product_cat?post=68330"},{"taxonomy":"product_tag","embeddable":true,"href":"https:\/\/brandss.com.py\/index\/wp-json\/wp\/v2\/product_tag?post=68330"}],"curies":[{"name":"wp","href":"https:\/\/api.w.org\/{rel}","templated":true}]}}