{"id":68350,"date":"2025-01-30T12:47:24","date_gmt":"2025-01-30T12:47:24","guid":{"rendered":"https:\/\/brandss.com.py\/index\/?post_type=product&#038;p=68350"},"modified":"2025-10-16T13:40:21","modified_gmt":"2025-10-16T13:40:21","slug":"perfume-femenino-gabriela-sabatini-edt-60ml","status":"publish","type":"product","link":"https:\/\/brandss.com.py\/index\/producto\/perfume-femenino-gabriela-sabatini-edt-60ml\/","title":{"rendered":"PERFUME FEMENINO GABRIELA SABATINI EDT 60ML"},"content":{"rendered":"<p><img loading=\"lazy\" decoding=\"async\" class=\"\" src=\"https:\/\/mojalekarensk.vshcdn.net\/upload\/un\/ti\/untitled-2250746-300x300-square.jpg\" alt=\"GABRIELA SABATINI - MojaLek\u00e1re\u0148.sk\" width=\"102\" height=\"102\" \/><\/p>\n<h2 class=\"h4\"><span>Gabriela Sabatini\u00a0<\/span><\/h2>\n<div class=\"productDescription\"><span>Perfume femenino sexy y aut\u00e9ntico, creado para mujeres a las que les gusta tomar decisiones y tienen confianza en s\u00ed mismas. Gabriela Sabatini Eau de Toilette trae una fragancia deliciosamente femenina, que ha encantado a mujeres de todo el mundo durante d\u00e9cadas. Gabriela Sabatini cre\u00f3 esta fragancia femenina cuando se encontraba en la cima de su carrera como tenista. Este lanzamiento consagr\u00f3 el nombre de la deportista en el mundo de la perfumer\u00eda con la misma energ\u00eda y personalidad con la que enfrentaba a sus oponentes. Una perfecta uni\u00f3n de notas que combinan a la perfecci\u00f3n con el clima mixto de Brasil.<img loading=\"lazy\" decoding=\"async\" class=\"alignleft\" src=\"https:\/\/images.tcdn.com.br\/img\/img_prod\/990499\/gabriela_sabatini_60ml_5065_2_e4139bebc49c5c7f0a491cbb06a751f4.jpg\" width=\"561\" height=\"561\" \/> <\/span><\/div>\n<div class=\"productDescription\"><span>Sofisticada, atractiva y ex\u00f3tica, su fragancia combina notas de mandarina, jazm\u00edn, s\u00e1ndalo, almizcle y \u00e1mbar. Ideal para usar por la ma\u00f1ana o por la noche, en citas rom\u00e1nticas o paseos sin preocupaciones al aire libre. Modo de empleo Aplicar sobre la piel desde una distancia aproximada de 30 cm. Consigue un efecto m\u00e1s intenso pulverizando suavemente la piel detr\u00e1s de las orejas y las mu\u00f1ecas. La marca Gabriela Sabatini empez\u00f3 a jugar tenis a los ocho a\u00f1os y gan\u00f3 su primer torneo a los trece. Lleg\u00f3 al n\u00famero 1 en la categor\u00eda junior. Inici\u00f3 su carrera profesional en 1985 y se retir\u00f3 11 a\u00f1os despu\u00e9s. Hasta el d\u00eda de hoy, se la considera la semifinalista m\u00e1s joven de Roland Garros. Hoy Gabriela es due\u00f1a de una cadena de tiendas con perfumes de su propio dise\u00f1o.<\/span><\/div>\n<div><\/div>\n<h3>Notas Olfativas<\/h3>\n<div><\/div>\n<div>\n<div class=\"trix-content\">\n<div>Ideal para usar en todas las ocasiones emana feminidad y ligereza. Es una fragancia de la familia olfativa Oriental Floral.<\/div>\n<div><\/div>\n<div><\/div>\n<div><strong>Notas de salida:<\/strong> aldeh\u00eddos, notas frutales, bergamota, lim\u00f3n, mandarina.<\/div>\n<div><strong>Notas de coraz\u00f3n:<\/strong> madreselva, azahar, jazm\u00edn, heliotropo, lirio de los valles y rosa<\/div>\n<div><strong>Notas de fondo:<\/strong> s\u00e1ndalo, haba tonka, \u00e1mbar, pachul\u00ed, oriza, vainilla, musgo de roble y almizcle.<\/div>\n<\/div>\n<\/div>\n","protected":false},"excerpt":{"rendered":"<p>Gabriela Sabatini\u00a0 Perfume femenino sexy y aut\u00e9ntico, creado para mujeres a las que les gusta tomar decisiones y tienen confianza<\/p>\n","protected":false},"featured_media":68351,"comment_status":"open","ping_status":"closed","template":"","meta":{"nf_dc_page":""},"product_brand":[1018],"product_cat":[84],"product_tag":[1017],"class_list":{"0":"post-68350","1":"product","2":"type-product","3":"status-publish","4":"has-post-thumbnail","6":"product_brand-gabriela-sabatini","7":"product_cat-perfumeria","8":"product_tag-1017","10":"first","11":"instock","12":"sale","13":"shipping-taxable","14":"purchasable","15":"product-type-simple"},"_links":{"self":[{"href":"https:\/\/brandss.com.py\/index\/wp-json\/wp\/v2\/product\/68350","targetHints":{"allow":["GET"]}}],"collection":[{"href":"https:\/\/brandss.com.py\/index\/wp-json\/wp\/v2\/product"}],"about":[{"href":"https:\/\/brandss.com.py\/index\/wp-json\/wp\/v2\/types\/product"}],"replies":[{"embeddable":true,"href":"https:\/\/brandss.com.py\/index\/wp-json\/wp\/v2\/comments?post=68350"}],"version-history":[{"count":1,"href":"https:\/\/brandss.com.py\/index\/wp-json\/wp\/v2\/product\/68350\/revisions"}],"predecessor-version":[{"id":68355,"href":"https:\/\/brandss.com.py\/index\/wp-json\/wp\/v2\/product\/68350\/revisions\/68355"}],"wp:featuredmedia":[{"embeddable":true,"href":"https:\/\/brandss.com.py\/index\/wp-json\/wp\/v2\/media\/68351"}],"wp:attachment":[{"href":"https:\/\/brandss.com.py\/index\/wp-json\/wp\/v2\/media?parent=68350"}],"wp:term":[{"taxonomy":"product_brand","embeddable":true,"href":"https:\/\/brandss.com.py\/index\/wp-json\/wp\/v2\/product_brand?post=68350"},{"taxonomy":"product_cat","embeddable":true,"href":"https:\/\/brandss.com.py\/index\/wp-json\/wp\/v2\/product_cat?post=68350"},{"taxonomy":"product_tag","embeddable":true,"href":"https:\/\/brandss.com.py\/index\/wp-json\/wp\/v2\/product_tag?post=68350"}],"curies":[{"name":"wp","href":"https:\/\/api.w.org\/{rel}","templated":true}]}}