{"id":68385,"date":"2025-01-30T14:15:18","date_gmt":"2025-01-30T14:15:18","guid":{"rendered":"https:\/\/brandss.com.py\/index\/?post_type=product&#038;p=68385"},"modified":"2025-09-24T18:50:43","modified_gmt":"2025-09-24T18:50:43","slug":"crema-facial-loreal-revitalif-acido-hialuronico-dia-50ml","status":"publish","type":"product","link":"https:\/\/brandss.com.py\/index\/producto\/crema-facial-loreal-revitalif-acido-hialuronico-dia-50ml\/","title":{"rendered":"CREMA FACIAL LOREAL REVITALIF ACIDO HIALURONICO DIA 50ML"},"content":{"rendered":"<p><img loading=\"lazy\" decoding=\"async\" class=\"\" src=\"https:\/\/cdn.freebiesupply.com\/logos\/large\/2x\/l-oreal-professionnel-logo-black-and-white.png\" alt=\"L'Oreal Professionnel Logo PNG Transparent &amp; SVG Vector - Freebie Supply\" width=\"207\" height=\"207\" \/><\/p>\n<h1>REVITALIF<\/h1>\n<div class=\"flex max-w-full flex-col flex-grow\">\n<div class=\"min-h-8 text-message flex w-full flex-col items-end gap-2 whitespace-normal break-words text-start [.text-message+&amp;]:mt-5\" dir=\"auto\" data-message-author-role=\"assistant\" data-message-id=\"97472fe0-1803-4d20-be8c-49c3afd745d1\" data-message-model-slug=\"gpt-4o\">\n<div class=\"flex w-full flex-col gap-1 empty:hidden first:pt-[3px]\">\n<div class=\"markdown prose w-full break-words dark:prose-invert light\">\n<p><span>La hidrataci\u00f3n es la clave para una piel joven, firme y luminosa. <\/span><strong><span>L&#8217;Or\u00e9al Paris Revitalift \u00c1cido Hialur\u00f3nico Crema de D\u00eda<\/span><\/strong><span> ha sido especialmente formulada para proporcionar una hidrataci\u00f3n profunda, rellenar visiblemente las arrugas y mejorar la elasticidad de la piel. Gracias a su alta concentraci\u00f3n de <\/span><strong><span>\u00c1cido Hialur\u00f3nico puro<\/span><\/strong><span> , esta crema ligera y de r\u00e1pida absorci\u00f3n ayuda a restaurar la barrera cut\u00e1nea y mantiene la piel hidratada durante todo el d\u00eda.<\/span><\/p>\n<h4><strong><span>F\u00f3rmula avanzada con \u00c1cido Hialur\u00f3nico puro para una piel rellena y radiante<\/span><\/strong><\/h4>\n<p><span>Enriquecida con <\/span><strong><span>\u00c1cido Hialur\u00f3nico de alto y bajo peso molecular<\/span><\/strong><span> , esta crema act\u00faa en distintas capas de la piel: <\/span><br \/>\n<span>\ud83d\udd39 <\/span><strong><span>\u00c1cido Hialur\u00f3nico de alto peso molecular<\/span><\/strong><span> : Hidrata intensamente la superficie de la piel, proporcionando un efecto inmediato de suavidad y frescura. <\/span><br \/>\n<span>\ud83d\udd39 <\/span><strong><span>\u00c1cido Hialur\u00f3nico de bajo peso molecular<\/span><\/strong><span> : Penetra en profundidad para rellenar arrugas y restaurar la elasticidad.<\/span><\/p>\n<p><span>Su textura ligera y sedada se absorbe r\u00e1pidamente sin dejar sensaci\u00f3n de grasa, lo que la convierte en una base ideal para el maquillaje y un imprescindible en la rutina de cuidado diario.<\/span><\/p>\n<h4><strong><span>Beneficios principales:<\/span><\/strong><\/h4>\n<p><span>\u2714\ufe0f <\/span><strong><span>Hidrataci\u00f3n intensa y duradera<\/span><\/strong><span> : Mantiene la piel hidratada durante 24 horas, evitando la sequedad y la tirantez. <\/span><br \/>\n<span>\u2714\ufe0f <\/span><strong><span>Rellena visiblemente las arrugas<\/span><\/strong><span> : Reduce las l\u00edneas de expresi\u00f3n y mejora la firmeza del rostro. <\/span><br \/>\n<span>\u2714\ufe0fPiel <\/span><strong><span>m\u00e1s el\u00e1stica y tonificada<\/span><\/strong><span> : Devuelve la flexibilidad y resistencia natural de la piel. <\/span><br \/>\n<span>\u2714\ufe0f <\/span><strong><span>Textura ligera y de r\u00e1pida absorci\u00f3n<\/span><\/strong><span> : No deja sensaci\u00f3n pegajosa ni grasa, perfecta para todo tipo de pieles. <\/span><br \/>\n<span>\u2714\ufe0fPiel <\/span><strong><span>luminosa y revitalizada<\/span><\/strong><span> : Desde la primera aplicaci\u00f3n, la piel luce m\u00e1s fresca, suave y radiante.<\/span><\/p>\n<h4><strong><span>El complemento perfecto para una rutina de hidrataci\u00f3n completa.<\/span><\/strong><\/h4>\n<p><span>Con el paso del tiempo, la piel pierde su capacidad de retener el agua, lo que provoca deshidrataci\u00f3n y p\u00e9rdida de volumen. <\/span><strong><span>Revitalift \u00c1cido Hialur\u00f3nico Crema de D\u00eda<\/span><\/strong><span> ha sido dise\u00f1ado para combatir estos signos del envejecimiento, proporcionando una hidrataci\u00f3n \u00f3ptima y restaurando la juventud de la piel.<\/span><\/p>\n<p><span>Para potenciar sus efectos, se recomienda aplicar cada ma\u00f1ana sobre el rostro limpio y seco, complement\u00e1ndola con el <\/span><strong><span>S\u00e9rum Revitalift \u00c1cido Hialur\u00f3nico<\/span><\/strong><span> y el <\/span><strong><span>Gel de Limpieza Revitalift \u00c1cido Hialur\u00f3nico<\/span><\/strong><span> .<\/span><\/p>\n<p><strong><span>Modo de uso:<\/span><\/strong><br \/>\n<span> 1\ufe0f\u20e3 Aplicar una peque\u00f1a cantidad sobre la piel limpia y seca. <\/span><br \/>\n<span>2\ufe0f\u20e3 Masajea suavemente con movimientos circulares ascendentes. <\/span><br \/>\n<span>3\ufe0f\u20e3 Completa tu rutina con protector solar para proteger la piel de los efectos del sol.<\/span><\/p>\n<p><span>Descubre el secreto de una piel rellena, hidratada y visiblemente m\u00e1s joven con <\/span><strong><span>L&#8217;Or\u00e9al Paris Revitalift \u00c1cido Hialur\u00f3nico Crema de D\u00eda<\/span><\/strong><span> , el aliado perfecto para una hidrataci\u00f3n profunda y duradera. \u2728<\/span><\/p>\n<\/div>\n<\/div>\n<\/div>\n<\/div>\n","protected":false},"excerpt":{"rendered":"<p>REVITALIF La hidrataci\u00f3n es la clave para una piel joven, firme y luminosa. L&#8217;Or\u00e9al Paris Revitalift \u00c1cido Hialur\u00f3nico Crema de<\/p>\n","protected":false},"featured_media":68387,"comment_status":"open","ping_status":"closed","template":"","meta":{"nf_dc_page":""},"product_brand":[349],"product_cat":[104],"product_tag":[364],"class_list":{"0":"post-68385","1":"product","2":"type-product","3":"status-publish","4":"has-post-thumbnail","6":"product_brand-loreal","7":"product_cat-skin-care","8":"product_tag-364","10":"first","11":"instock","12":"shipping-taxable","13":"purchasable","14":"product-type-simple"},"_links":{"self":[{"href":"https:\/\/brandss.com.py\/index\/wp-json\/wp\/v2\/product\/68385","targetHints":{"allow":["GET"]}}],"collection":[{"href":"https:\/\/brandss.com.py\/index\/wp-json\/wp\/v2\/product"}],"about":[{"href":"https:\/\/brandss.com.py\/index\/wp-json\/wp\/v2\/types\/product"}],"replies":[{"embeddable":true,"href":"https:\/\/brandss.com.py\/index\/wp-json\/wp\/v2\/comments?post=68385"}],"version-history":[{"count":1,"href":"https:\/\/brandss.com.py\/index\/wp-json\/wp\/v2\/product\/68385\/revisions"}],"predecessor-version":[{"id":68395,"href":"https:\/\/brandss.com.py\/index\/wp-json\/wp\/v2\/product\/68385\/revisions\/68395"}],"wp:featuredmedia":[{"embeddable":true,"href":"https:\/\/brandss.com.py\/index\/wp-json\/wp\/v2\/media\/68387"}],"wp:attachment":[{"href":"https:\/\/brandss.com.py\/index\/wp-json\/wp\/v2\/media?parent=68385"}],"wp:term":[{"taxonomy":"product_brand","embeddable":true,"href":"https:\/\/brandss.com.py\/index\/wp-json\/wp\/v2\/product_brand?post=68385"},{"taxonomy":"product_cat","embeddable":true,"href":"https:\/\/brandss.com.py\/index\/wp-json\/wp\/v2\/product_cat?post=68385"},{"taxonomy":"product_tag","embeddable":true,"href":"https:\/\/brandss.com.py\/index\/wp-json\/wp\/v2\/product_tag?post=68385"}],"curies":[{"name":"wp","href":"https:\/\/api.w.org\/{rel}","templated":true}]}}