{"id":68410,"date":"2025-01-30T14:51:11","date_gmt":"2025-01-30T14:51:11","guid":{"rendered":"https:\/\/brandss.com.py\/index\/?post_type=product&#038;p=68410"},"modified":"2025-09-24T18:51:44","modified_gmt":"2025-09-24T18:51:44","slug":"crema-facial-loreal-revitalif-hialuronico-noche-50ml","status":"publish","type":"product","link":"https:\/\/brandss.com.py\/index\/producto\/crema-facial-loreal-revitalif-hialuronico-noche-50ml\/","title":{"rendered":"CREMA FACIAL LOREAL REVITALIF HIALURONICO NOCHE 50ML"},"content":{"rendered":"<p><img loading=\"lazy\" decoding=\"async\" class=\"\" src=\"https:\/\/cdn.freebiesupply.com\/logos\/large\/2x\/l-oreal-professionnel-logo-black-and-white.png\" alt=\"L'Oreal Professionnel Logo PNG Transparent &amp; SVG Vector - Freebie Supply\" width=\"137\" height=\"137\" \/><\/p>\n<h1>REVITALIF<\/h1>\n<div class=\"flex max-w-full flex-col flex-grow\">\n<div class=\"min-h-8 text-message flex w-full flex-col items-end gap-2 whitespace-normal break-words text-start [.text-message+&amp;]:mt-5\" dir=\"auto\" data-message-author-role=\"assistant\" data-message-id=\"89b1218d-91d4-4ae4-94c0-8ba9223f1280\" data-message-model-slug=\"gpt-4o\">\n<div class=\"flex w-full flex-col gap-1 empty:hidden first:pt-[3px]\">\n<div class=\"markdown prose w-full break-words dark:prose-invert light\">\n<p><span>Durante la noche, la piel entra en su fase de regeneraci\u00f3n y necesita una hidrataci\u00f3n profunda para recuperarse de las agresiones diarias. <\/span><strong><span>L&#8217;Or\u00e9al Paris Revitalift \u00c1cido Hialur\u00f3nico Crema de Noche<\/span><\/strong><span> ha sido formulada para actuar mientras duermes, proporcionando una hidrataci\u00f3n intensa, rellenando las l\u00edneas de expresi\u00f3n y restaurando la firmeza de la piel. Gracias a su contenido en <\/span><strong><span>\u00c1cido Hialur\u00f3nico puro<\/span><\/strong><span> , esta crema potencia la regeneraci\u00f3n nocturna y deja la piel m\u00e1s tersa, el\u00e1stica y rejuvenecida al despertar.<\/span><\/p>\n<h4><strong><span>F\u00f3rmula avanzada con \u00c1cido Hialur\u00f3nico para una piel rellena y revitalizada<\/span><\/strong><\/h4>\n<p><span>Esta crema de noche combina el poder del <\/span><strong><span>\u00c1cido Hialur\u00f3nico de alto y bajo peso molecular<\/span><\/strong><span> , que act\u00faa en diferentes capas de la piel: <\/span><br \/>\n<span>\ud83d\udd39 <\/span><strong><span>\u00c1cido Hialur\u00f3nico de alto peso molecular<\/span><\/strong><span> : Hidrata intensamente la superficie de la piel, aportando un efecto inmediato de suavidad y confort. . <\/span><br \/>\n<span>\ud83d\udd39 <\/span><strong><span>\u00c1cido Hialur\u00f3nico de bajo peso molecular<\/span><\/strong><span> : Penetra profundamente para rellenar l\u00edneas de expresi\u00f3n y restaurar la elasticidad de la piel.<\/span><\/p>\n<p><span>Su textura rica y fundente se absorbe r\u00e1pidamente sin dejar sensaci\u00f3n grasa, proporcionando una hidrataci\u00f3n prolongada durante toda la noche.<\/span><\/p>\n<h4><strong><span>Beneficios principales:<\/span><\/strong><\/h4>\n<p><span>\u2714\ufe0f <\/span><strong><span>Hidrataci\u00f3n intensa y prolongada<\/span><\/strong><span> : Mantiene la piel nutrida y suave durante 24 horas. <\/span><br \/>\n<span>\u2714\ufe0f <\/span><strong><span>Rellena visiblemente las l\u00edneas de expresi\u00f3n<\/span><\/strong><span> : Reduce la apariencia de arrugas y mejora la firmeza de la piel. <\/span><br \/>\n<span>\u2714\ufe0f <\/span><strong><span>Favorece la regeneraci\u00f3n nocturna<\/span><\/strong><span> : Estimula la renovaci\u00f3n celular para despertar con una piel m\u00e1s luminosa y revitalizada. <\/span><br \/>\n<span>\u2714\ufe0f <\/span><strong><span>Textura sedada y de r\u00e1pida absorci\u00f3n<\/span><\/strong><span> : Se funde perfectamente con la piel sin dejar sensaci\u00f3n pegajosa. <\/span><br \/>\n<span>\u2714\ufe0fPiel <\/span><strong><span>m\u00e1s firme, el\u00e1stica y rejuvenecida<\/span><\/strong><span> : Recupera la tonicidad y flexibilidad natural del rostro.<\/span><\/p>\n<h4><strong><span>El tratamiento ideal para una piel renovada cada ma\u00f1ana.<\/span><\/strong><\/h4>\n<p><span>Con el paso del tiempo, la piel pierde agua y elasticidad, lo que contribuye a la formaci\u00f3n de arrugas y l\u00edneas de expresi\u00f3n. <\/span><strong><span>Revitalift \u00c1cido Hialur\u00f3nico Crema de Noche<\/span><\/strong><span> ha sido dise\u00f1ado para contrarrestar estos efectos, proporcionando una hidrataci\u00f3n intensa y ayudando a restaurar la juventud de la piel noche tras noche.<\/span><\/p>\n<p><span>Para potenciar sus beneficios, se recomienda aplicarla todas las noches sobre el rostro limpio y seco, complement\u00e1ndola con el <\/span><strong><span>S\u00e9rum Revitalift \u00c1cido Hialur\u00f3nico<\/span><\/strong><span> y el <\/span><strong><span>Gel de Limpieza Revitalift \u00c1cido Hialur\u00f3nico<\/span><\/strong><span> .<\/span><\/p>\n<p><strong><span>Modo de uso:<\/span><\/strong><br \/>\n<span> 1\ufe0f\u20e3 Aplica una peque\u00f1a cantidad sobre la piel limpia y seca antes de dormir. <\/span><br \/>\n<span>2\ufe0f\u20e3 Masajea suavemente con movimientos circulares ascendentes hasta su total absorci\u00f3n. <\/span><br \/>\n<span>3\ufe0f\u20e3 Deja actuar durante la noche y despierta con una piel m\u00e1s fresca, hidratada y rejuvenecida.<\/span><\/p>\n<p><span>Descubre el poder de la hidrataci\u00f3n nocturna con <\/span><strong><span>L&#8217;Or\u00e9al Paris Revitalift \u00c1cido Hialur\u00f3nico Crema de Noche<\/span><\/strong><span> , el tratamiento perfecto para despertar cada d\u00eda con una piel m\u00e1s joven, luminosa y radiante. \u2728\ud83d\udc9c<\/span><\/p>\n<\/div>\n<\/div>\n<\/div>\n<\/div>\n","protected":false},"excerpt":{"rendered":"<p>REVITALIF Durante la noche, la piel entra en su fase de regeneraci\u00f3n y necesita una hidrataci\u00f3n profunda para recuperarse de<\/p>\n","protected":false},"featured_media":68419,"comment_status":"open","ping_status":"closed","template":"","meta":{"nf_dc_page":""},"product_brand":[349],"product_cat":[104],"product_tag":[366],"class_list":{"0":"post-68410","1":"product","2":"type-product","3":"status-publish","4":"has-post-thumbnail","6":"product_brand-loreal","7":"product_cat-skin-care","8":"product_tag-366","10":"first","11":"instock","12":"shipping-taxable","13":"purchasable","14":"product-type-simple"},"_links":{"self":[{"href":"https:\/\/brandss.com.py\/index\/wp-json\/wp\/v2\/product\/68410","targetHints":{"allow":["GET"]}}],"collection":[{"href":"https:\/\/brandss.com.py\/index\/wp-json\/wp\/v2\/product"}],"about":[{"href":"https:\/\/brandss.com.py\/index\/wp-json\/wp\/v2\/types\/product"}],"replies":[{"embeddable":true,"href":"https:\/\/brandss.com.py\/index\/wp-json\/wp\/v2\/comments?post=68410"}],"version-history":[{"count":1,"href":"https:\/\/brandss.com.py\/index\/wp-json\/wp\/v2\/product\/68410\/revisions"}],"predecessor-version":[{"id":68424,"href":"https:\/\/brandss.com.py\/index\/wp-json\/wp\/v2\/product\/68410\/revisions\/68424"}],"wp:featuredmedia":[{"embeddable":true,"href":"https:\/\/brandss.com.py\/index\/wp-json\/wp\/v2\/media\/68419"}],"wp:attachment":[{"href":"https:\/\/brandss.com.py\/index\/wp-json\/wp\/v2\/media?parent=68410"}],"wp:term":[{"taxonomy":"product_brand","embeddable":true,"href":"https:\/\/brandss.com.py\/index\/wp-json\/wp\/v2\/product_brand?post=68410"},{"taxonomy":"product_cat","embeddable":true,"href":"https:\/\/brandss.com.py\/index\/wp-json\/wp\/v2\/product_cat?post=68410"},{"taxonomy":"product_tag","embeddable":true,"href":"https:\/\/brandss.com.py\/index\/wp-json\/wp\/v2\/product_tag?post=68410"}],"curies":[{"name":"wp","href":"https:\/\/api.w.org\/{rel}","templated":true}]}}