{"id":68429,"date":"2025-01-30T16:29:26","date_gmt":"2025-01-30T16:29:26","guid":{"rendered":"https:\/\/brandss.com.py\/index\/?post_type=product&#038;p=68429"},"modified":"2025-09-24T18:52:21","modified_gmt":"2025-09-24T18:52:21","slug":"serum-facial-loreal-revitalif-acido-hialuronico-30ml","status":"publish","type":"product","link":"https:\/\/brandss.com.py\/index\/producto\/serum-facial-loreal-revitalif-acido-hialuronico-30ml\/","title":{"rendered":"SERUM FACIAL LOREAL REVITALIF ACIDO HIALURONICO 30ML"},"content":{"rendered":"<p><img loading=\"lazy\" decoding=\"async\" class=\"\" src=\"https:\/\/cdn.freebiesupply.com\/logos\/large\/2x\/l-oreal-professionnel-logo-black-and-white.png\" alt=\"L'Oreal Professionnel Logo PNG Transparent &amp; SVG Vector - Freebie Supply\" width=\"352\" height=\"352\" \/><\/p>\n<h1>REVITALIF<\/h1>\n<p><span>El secreto para una piel hidratada, firme y visiblemente rejuvenecida est\u00e1 en una hidrataci\u00f3n profunda. <\/span><strong><span>L&#8217;Or\u00e9al Paris Revitalift \u00c1cido Hialur\u00f3nico S\u00e9rum Facial<\/span><\/strong><span> es un tratamiento concentrado con <\/span><strong><span>1.5% de \u00c1cido Hialur\u00f3nico Puro<\/span><\/strong><span> , dise\u00f1ado para rellenar l\u00edneas de expresi\u00f3n, mejorar la elasticidad y restaurar la luminosidad del rostro. Su textura ligera y de r\u00e1pida absorci\u00f3n lo convierte en un paso imprescindible en cualquier rutina de cuidado facial.<\/span><\/p>\n<h4><strong><span>F\u00f3rmula avanzada con \u00c1cido Hialur\u00f3nico puro para una piel rellena y radiante<\/span><\/strong><\/h4>\n<p><span>Este s\u00e9rum combina dos tipos de \u00c1cido Hialur\u00f3nico para una acci\u00f3n intensa y duradera: <\/span><br \/>\n<span>\ud83d\udd39 <\/span><strong><span>\u00c1cido Hialur\u00f3nico de alto peso molecular<\/span><\/strong><span> : Aporta hidrataci\u00f3n inmediata en la superficie de la piel, dej\u00e1ndola suave y flexible. <\/span><br \/>\n<span>\ud83d\udd39 <\/span><strong><span>\u00c1cido Hialur\u00f3nico de bajo peso molecular<\/span><\/strong><span> : Penetra en las capas m\u00e1s profundas de la piel, ayudando a rellenar arrugas y l\u00edneas de expresi\u00f3n desde el interior.<\/span><\/p>\n<p><span>Desde la primera aplicaci\u00f3n, la piel se siente m\u00e1s hidratada, fresca y con un aspecto saludable. Con el uso continuo, las l\u00edneas de expresi\u00f3n se aten\u00faan y el rostro recupera su firmeza y elasticidad.<\/span><\/p>\n<h4><strong><span>Beneficios principales:<\/span><\/strong><\/h4>\n<p><span>\u2714\ufe0f <\/span><strong><span>Hidrataci\u00f3n intensa y prolongada<\/span><\/strong><span> : Ayuda a retener la humedad en la piel hasta por 24 horas. <\/span><br \/>\n<span>\u2714\ufe0f <\/span><strong><span>Rellena l\u00edneas de expresi\u00f3n y arrugas<\/span><\/strong><span> : Mejora la apariencia de la piel, dej\u00e1ndola m\u00e1s lisa y suave. <\/span><br \/>\n<span>\u2714\ufe0fAporta <\/span><strong><span>firmeza y elasticidad<\/span><\/strong><span> : Reafirma el rostro y mejora su tonicidad. <\/span><br \/>\n<span>\u2714\ufe0f <\/span><strong><span>Textura ligera y r\u00e1pida absorci\u00f3n<\/span><\/strong><span> : No deja sensaci\u00f3n grasa ni pegajosa. <\/span><br \/>\n<span>\u2714\ufe0f <\/span><strong><span>Apto para todo tipo de pieles<\/span><\/strong><span> : Incluso para pieles sensibles, con una f\u00f3rmula testada dermatol\u00f3gicamente.<\/span><\/p>\n<h4><span>**El complemento perfecto para una rutina de hidrataci\u00f3n y cuidado.<\/span><\/h4>\n<p>&nbsp;<\/p>\n","protected":false},"excerpt":{"rendered":"<p>REVITALIF El secreto para una piel hidratada, firme y visiblemente rejuvenecida est\u00e1 en una hidrataci\u00f3n profunda. L&#8217;Or\u00e9al Paris Revitalift \u00c1cido<\/p>\n","protected":false},"featured_media":68433,"comment_status":"open","ping_status":"closed","template":"","meta":{"nf_dc_page":""},"product_brand":[349],"product_cat":[104],"product_tag":[367],"class_list":{"0":"post-68429","1":"product","2":"type-product","3":"status-publish","4":"has-post-thumbnail","6":"product_brand-loreal","7":"product_cat-skin-care","8":"product_tag-367","10":"first","11":"instock","12":"shipping-taxable","13":"purchasable","14":"product-type-simple"},"_links":{"self":[{"href":"https:\/\/brandss.com.py\/index\/wp-json\/wp\/v2\/product\/68429","targetHints":{"allow":["GET"]}}],"collection":[{"href":"https:\/\/brandss.com.py\/index\/wp-json\/wp\/v2\/product"}],"about":[{"href":"https:\/\/brandss.com.py\/index\/wp-json\/wp\/v2\/types\/product"}],"replies":[{"embeddable":true,"href":"https:\/\/brandss.com.py\/index\/wp-json\/wp\/v2\/comments?post=68429"}],"version-history":[{"count":1,"href":"https:\/\/brandss.com.py\/index\/wp-json\/wp\/v2\/product\/68429\/revisions"}],"predecessor-version":[{"id":68437,"href":"https:\/\/brandss.com.py\/index\/wp-json\/wp\/v2\/product\/68429\/revisions\/68437"}],"wp:featuredmedia":[{"embeddable":true,"href":"https:\/\/brandss.com.py\/index\/wp-json\/wp\/v2\/media\/68433"}],"wp:attachment":[{"href":"https:\/\/brandss.com.py\/index\/wp-json\/wp\/v2\/media?parent=68429"}],"wp:term":[{"taxonomy":"product_brand","embeddable":true,"href":"https:\/\/brandss.com.py\/index\/wp-json\/wp\/v2\/product_brand?post=68429"},{"taxonomy":"product_cat","embeddable":true,"href":"https:\/\/brandss.com.py\/index\/wp-json\/wp\/v2\/product_cat?post=68429"},{"taxonomy":"product_tag","embeddable":true,"href":"https:\/\/brandss.com.py\/index\/wp-json\/wp\/v2\/product_tag?post=68429"}],"curies":[{"name":"wp","href":"https:\/\/api.w.org\/{rel}","templated":true}]}}