{"id":68434,"date":"2025-01-30T16:44:21","date_gmt":"2025-01-30T16:44:21","guid":{"rendered":"https:\/\/brandss.com.py\/index\/?post_type=product&#038;p=68434"},"modified":"2025-01-30T16:47:15","modified_gmt":"2025-01-30T16:47:15","slug":"sarten-dsp-doble-antiadherente","status":"publish","type":"product","link":"https:\/\/brandss.com.py\/index\/producto\/sarten-dsp-doble-antiadherente\/","title":{"rendered":"SART\u00c9N DSP DOBLE ANTIADHERENTE"},"content":{"rendered":"<h1><img decoding=\"async\" src=\"https:\/\/api.patentes-y-marcas.com\/uploads\/BOPIBrand_imagen\/dsp-a016000127.jpg\" \/><\/h1>\n<h1>CA007 F36<\/h1>\n<p>La sart\u00e9n doble antiadherente DSP CA007-F36 es una herramienta de cocina vers\u00e1til y eficiente, dise\u00f1ada para facilitar la preparaci\u00f3n de diversos platillos con comodidad y rapidez. A continuaci\u00f3n, se detallan sus caracter\u00edsticas principales:<\/p>\n<p><strong>Caracter\u00edsticas:<\/strong><\/p>\n<ul>\n<li><strong>Marca:<\/strong> DSP<\/li>\n<li><strong>Modelo:<\/strong> CA007-F36<\/li>\n<li><strong>Dimensiones internas:<\/strong> 23 cm de largo x 34 cm de ancho<\/li>\n<li><strong>Material:<\/strong> Aluminio fundido con revestimiento antiadherente de alta calidad, que asegura una cocci\u00f3n uniforme y facilita la limpieza.<\/li>\n<li><strong>Dise\u00f1o:<\/strong> Cuenta con un sistema de doble cara que permite voltear los alimentos sin esfuerzo, ideal para cocinar pescados, carnes y otros platillos sin desorden.<\/li>\n<li><strong>Mango:<\/strong> Mango ergon\u00f3mico con cierre magn\u00e9tico de un solo toque, que garantiza un manejo seguro y c\u00f3modo durante la cocci\u00f3n.<\/li>\n<li><strong>Compatibilidad:<\/strong> Apta para su uso en estufas el\u00e9ctricas, de gas, de inducci\u00f3n, de cer\u00e1mica y hal\u00f3genas.<\/li>\n<li><strong>Revestimiento exterior:<\/strong> Recubrimiento cer\u00e1mico en el exterior que proporciona durabilidad y un acabado est\u00e9tico atractivo.<\/li>\n<\/ul>\n<p>Esta sart\u00e9n doble es ideal para quienes buscan eficiencia y versatilidad en la cocina, permitiendo preparar una variedad de platillos de manera m\u00e1s r\u00e1pida y con menos complicaciones.<\/p>\n","protected":false},"excerpt":{"rendered":"<p>CA007 F36 La sart\u00e9n doble antiadherente DSP CA007-F36 es una herramienta de cocina vers\u00e1til y eficiente, dise\u00f1ada para facilitar la<\/p>\n","protected":false},"featured_media":68447,"comment_status":"open","ping_status":"closed","template":"","meta":{"nf_dc_page":""},"product_brand":[],"product_cat":[83],"product_tag":[],"class_list":{"0":"post-68434","1":"product","2":"type-product","3":"status-publish","4":"has-post-thumbnail","6":"product_cat-hogar","8":"first","9":"instock","10":"shipping-taxable","11":"purchasable","12":"product-type-simple"},"_links":{"self":[{"href":"https:\/\/brandss.com.py\/index\/wp-json\/wp\/v2\/product\/68434","targetHints":{"allow":["GET"]}}],"collection":[{"href":"https:\/\/brandss.com.py\/index\/wp-json\/wp\/v2\/product"}],"about":[{"href":"https:\/\/brandss.com.py\/index\/wp-json\/wp\/v2\/types\/product"}],"replies":[{"embeddable":true,"href":"https:\/\/brandss.com.py\/index\/wp-json\/wp\/v2\/comments?post=68434"}],"version-history":[{"count":1,"href":"https:\/\/brandss.com.py\/index\/wp-json\/wp\/v2\/product\/68434\/revisions"}],"predecessor-version":[{"id":68452,"href":"https:\/\/brandss.com.py\/index\/wp-json\/wp\/v2\/product\/68434\/revisions\/68452"}],"wp:featuredmedia":[{"embeddable":true,"href":"https:\/\/brandss.com.py\/index\/wp-json\/wp\/v2\/media\/68447"}],"wp:attachment":[{"href":"https:\/\/brandss.com.py\/index\/wp-json\/wp\/v2\/media?parent=68434"}],"wp:term":[{"taxonomy":"product_brand","embeddable":true,"href":"https:\/\/brandss.com.py\/index\/wp-json\/wp\/v2\/product_brand?post=68434"},{"taxonomy":"product_cat","embeddable":true,"href":"https:\/\/brandss.com.py\/index\/wp-json\/wp\/v2\/product_cat?post=68434"},{"taxonomy":"product_tag","embeddable":true,"href":"https:\/\/brandss.com.py\/index\/wp-json\/wp\/v2\/product_tag?post=68434"}],"curies":[{"name":"wp","href":"https:\/\/api.w.org\/{rel}","templated":true}]}}