{"id":68453,"date":"2025-01-30T16:54:50","date_gmt":"2025-01-30T16:54:50","guid":{"rendered":"https:\/\/brandss.com.py\/index\/?post_type=product&#038;p=68453"},"modified":"2025-01-30T16:55:15","modified_gmt":"2025-01-30T16:55:15","slug":"sarten-dsp-set-de-3-piezas","status":"publish","type":"product","link":"https:\/\/brandss.com.py\/index\/producto\/sarten-dsp-set-de-3-piezas\/","title":{"rendered":"SART\u00c9N DSP SET DE 3 PIEZAS"},"content":{"rendered":"<h1><img decoding=\"async\" src=\"https:\/\/api.patentes-y-marcas.com\/uploads\/BOPIBrand_imagen\/dsp-a016000127.jpg\" \/><\/h1>\n<h1>CA008 S01 627<\/h1>\n<p>El juego de sartenes DSP de 3 piezas CA008-S01 es una excelente adici\u00f3n para cualquier cocina, ofreciendo versatilidad y durabilidad en la preparaci\u00f3n de diversos platillos. A continuaci\u00f3n, se detallan sus caracter\u00edsticas principales:<\/p>\n<p><strong>Caracter\u00edsticas:<\/strong><\/p>\n<ul>\n<li><strong>Marca:<\/strong> DSP<\/li>\n<li><strong>Modelo:<\/strong> CA008-S01<\/li>\n<li><strong>Color:<\/strong> Gris<\/li>\n<li><strong>Material:<\/strong> Aluminio forjado con revestimiento antiadherente reforzado, que facilita la cocci\u00f3n y la limpieza.<\/li>\n<li><strong>Composici\u00f3n del set:<\/strong>\n<ul>\n<li>Sart\u00e9n de 24 cm de di\u00e1metro y 4.8 cm de altura, con capacidad de 1.7 litros.<\/li>\n<li>Sart\u00e9n de 28 cm de di\u00e1metro y 5.4 cm de altura, con capacidad de 2.7 litros.<\/li>\n<li>Sart\u00e9n honda de 24 cm de di\u00e1metro y 6.5 cm de altura, con capacidad de 2.5 litros.<\/li>\n<\/ul>\n<\/li>\n<li><strong>Dise\u00f1o:<\/strong> Las sartenes cuentan con mangos ergon\u00f3micos que ofrecen un agarre c\u00f3modo y seguro durante la cocci\u00f3n.<\/li>\n<li><strong>Compatibilidad:<\/strong> Aptas para todo tipo de cocinas, incluyendo estufas el\u00e9ctricas, de gas, de inducci\u00f3n, de cer\u00e1mica y hal\u00f3genas.<\/li>\n<\/ul>\n<p>Este set es ideal para quienes buscan utensilios de cocina de alta calidad que permitan una cocci\u00f3n uniforme y una f\u00e1cil liberaci\u00f3n de los alimentos, gracias a su revestimiento antiadherente. Adem\u00e1s, su dise\u00f1o elegante en color gris complementa cualquier estilo de cocina.<\/p>\n","protected":false},"excerpt":{"rendered":"<p>CA008 S01 627 El juego de sartenes DSP de 3 piezas CA008-S01 es una excelente adici\u00f3n para cualquier cocina, ofreciendo<\/p>\n","protected":false},"featured_media":68454,"comment_status":"open","ping_status":"closed","template":"","meta":{"nf_dc_page":""},"product_brand":[],"product_cat":[83],"product_tag":[],"class_list":{"0":"post-68453","1":"product","2":"type-product","3":"status-publish","4":"has-post-thumbnail","6":"product_cat-hogar","8":"first","9":"instock","10":"shipping-taxable","11":"purchasable","12":"product-type-simple"},"_links":{"self":[{"href":"https:\/\/brandss.com.py\/index\/wp-json\/wp\/v2\/product\/68453","targetHints":{"allow":["GET"]}}],"collection":[{"href":"https:\/\/brandss.com.py\/index\/wp-json\/wp\/v2\/product"}],"about":[{"href":"https:\/\/brandss.com.py\/index\/wp-json\/wp\/v2\/types\/product"}],"replies":[{"embeddable":true,"href":"https:\/\/brandss.com.py\/index\/wp-json\/wp\/v2\/comments?post=68453"}],"version-history":[{"count":1,"href":"https:\/\/brandss.com.py\/index\/wp-json\/wp\/v2\/product\/68453\/revisions"}],"predecessor-version":[{"id":68459,"href":"https:\/\/brandss.com.py\/index\/wp-json\/wp\/v2\/product\/68453\/revisions\/68459"}],"wp:featuredmedia":[{"embeddable":true,"href":"https:\/\/brandss.com.py\/index\/wp-json\/wp\/v2\/media\/68454"}],"wp:attachment":[{"href":"https:\/\/brandss.com.py\/index\/wp-json\/wp\/v2\/media?parent=68453"}],"wp:term":[{"taxonomy":"product_brand","embeddable":true,"href":"https:\/\/brandss.com.py\/index\/wp-json\/wp\/v2\/product_brand?post=68453"},{"taxonomy":"product_cat","embeddable":true,"href":"https:\/\/brandss.com.py\/index\/wp-json\/wp\/v2\/product_cat?post=68453"},{"taxonomy":"product_tag","embeddable":true,"href":"https:\/\/brandss.com.py\/index\/wp-json\/wp\/v2\/product_tag?post=68453"}],"curies":[{"name":"wp","href":"https:\/\/api.w.org\/{rel}","templated":true}]}}