{"id":68507,"date":"2025-01-30T18:07:13","date_gmt":"2025-01-30T18:07:13","guid":{"rendered":"https:\/\/brandss.com.py\/index\/?post_type=product&#038;p=68507"},"modified":"2025-01-30T18:07:32","modified_gmt":"2025-01-30T18:07:32","slug":"sarten-dsp-con-tapa-4-3l","status":"publish","type":"product","link":"https:\/\/brandss.com.py\/index\/producto\/sarten-dsp-con-tapa-4-3l\/","title":{"rendered":"SART\u00c9N DSP CON TAPA 4.3L"},"content":{"rendered":"<div class=\"flex-shrink-0 flex flex-col relative items-end\">\n<div>\n<div class=\"pt-0\">\n<div class=\"gizmo-bot-avatar flex h-8 w-8 items-center justify-center overflow-hidden rounded-full\">\n<div class=\"relative p-1 rounded-sm flex items-center justify-center bg-token-main-surface-primary text-token-text-primary h-8 w-8\"><\/div>\n<\/div>\n<\/div>\n<\/div>\n<\/div>\n<div class=\"group\/conversation-turn relative flex w-full min-w-0 flex-col agent-turn\">\n<div class=\"flex-col gap-1 md:gap-3\">\n<div class=\"flex max-w-full flex-col flex-grow\">\n<div class=\"min-h-8 text-message flex w-full flex-col items-end gap-2 whitespace-normal break-words text-start [.text-message+&amp;]:mt-5\" dir=\"auto\" data-message-author-role=\"assistant\" data-message-id=\"ac7d2643-effa-42da-a434-81a6b50548e9\" data-message-model-slug=\"gpt-4o\">\n<div class=\"flex w-full flex-col gap-1 empty:hidden first:pt-[3px]\">\n<div class=\"markdown prose w-full break-words dark:prose-invert light\">\n<h1><img loading=\"lazy\" decoding=\"async\" class=\"\" src=\"https:\/\/api.patentes-y-marcas.com\/uploads\/BOPIBrand_imagen\/dsp-a016000127.jpg\" width=\"235\" height=\"98\" \/><\/h1>\n<h1>CS001 C28<\/h1>\n<p>La sart\u00e9n DSP modelo CS001-C28 es una opci\u00f3n vers\u00e1til y de alta calidad para diversas preparaciones culinarias. A continuaci\u00f3n, se detallan sus caracter\u00edsticas principales:<\/p>\n<p><strong>Caracter\u00edsticas:<\/strong><\/p>\n<ul>\n<li><strong>Marca:<\/strong> DSP<\/li>\n<li><strong>Modelo:<\/strong> CS001-C28<\/li>\n<li><strong>Dimensiones:<\/strong> 28 cm de di\u00e1metro y 7 cm de altura<\/li>\n<li><strong>Capacidad:<\/strong> 4.3 litros<\/li>\n<li><strong>Material:<\/strong> Acero inoxidable de alta calidad, que garantiza durabilidad y una distribuci\u00f3n uniforme del calor<\/li>\n<li><strong>Revestimiento:<\/strong> Superficie antiadherente sin recubrimiento adicional, facilitando la cocci\u00f3n y la limpieza<\/li>\n<li><strong>Tapa:<\/strong> Incluye una tapa que ayuda a retener el calor y la humedad durante la cocci\u00f3n<\/li>\n<li><strong>Escala de medici\u00f3n:<\/strong> Incorporada en el interior de la sart\u00e9n para mayor precisi\u00f3n al cocinar<\/li>\n<li><strong>Compatibilidad:<\/strong> Apta para estufas el\u00e9ctricas, de gas y de inducci\u00f3n<\/li>\n<li><strong>Limpieza:<\/strong> Apta para lavavajillas, lo que facilita su mantenimiento<\/li>\n<\/ul>\n<p>Esta sart\u00e9n es ideal para fre\u00edr, saltear y cocinar una variedad de platos, ofreciendo una excelente retenci\u00f3n y distribuci\u00f3n del calor gracias a su construcci\u00f3n en acero inoxidable. La inclusi\u00f3n de una escala de medici\u00f3n interna y su compatibilidad con diferentes fuentes de calor la convierten en una herramienta vers\u00e1til en la cocina.<\/p>\n<\/div>\n<\/div>\n<\/div>\n<\/div>\n<\/div>\n<\/div>\n","protected":false},"excerpt":{"rendered":"<p>CS001 C28 La sart\u00e9n DSP modelo CS001-C28 es una opci\u00f3n vers\u00e1til y de alta calidad para diversas preparaciones culinarias. A<\/p>\n","protected":false},"featured_media":68508,"comment_status":"open","ping_status":"closed","template":"","meta":{"nf_dc_page":""},"product_brand":[],"product_cat":[83],"product_tag":[],"class_list":{"0":"post-68507","1":"product","2":"type-product","3":"status-publish","4":"has-post-thumbnail","6":"product_cat-hogar","8":"first","9":"instock","10":"shipping-taxable","11":"purchasable","12":"product-type-simple"},"_links":{"self":[{"href":"https:\/\/brandss.com.py\/index\/wp-json\/wp\/v2\/product\/68507","targetHints":{"allow":["GET"]}}],"collection":[{"href":"https:\/\/brandss.com.py\/index\/wp-json\/wp\/v2\/product"}],"about":[{"href":"https:\/\/brandss.com.py\/index\/wp-json\/wp\/v2\/types\/product"}],"replies":[{"embeddable":true,"href":"https:\/\/brandss.com.py\/index\/wp-json\/wp\/v2\/comments?post=68507"}],"version-history":[{"count":1,"href":"https:\/\/brandss.com.py\/index\/wp-json\/wp\/v2\/product\/68507\/revisions"}],"predecessor-version":[{"id":68514,"href":"https:\/\/brandss.com.py\/index\/wp-json\/wp\/v2\/product\/68507\/revisions\/68514"}],"wp:featuredmedia":[{"embeddable":true,"href":"https:\/\/brandss.com.py\/index\/wp-json\/wp\/v2\/media\/68508"}],"wp:attachment":[{"href":"https:\/\/brandss.com.py\/index\/wp-json\/wp\/v2\/media?parent=68507"}],"wp:term":[{"taxonomy":"product_brand","embeddable":true,"href":"https:\/\/brandss.com.py\/index\/wp-json\/wp\/v2\/product_brand?post=68507"},{"taxonomy":"product_cat","embeddable":true,"href":"https:\/\/brandss.com.py\/index\/wp-json\/wp\/v2\/product_cat?post=68507"},{"taxonomy":"product_tag","embeddable":true,"href":"https:\/\/brandss.com.py\/index\/wp-json\/wp\/v2\/product_tag?post=68507"}],"curies":[{"name":"wp","href":"https:\/\/api.w.org\/{rel}","templated":true}]}}