{"id":68513,"date":"2025-01-30T18:10:22","date_gmt":"2025-01-30T18:10:22","guid":{"rendered":"https:\/\/brandss.com.py\/index\/?post_type=product&#038;p=68513"},"modified":"2026-03-14T12:12:48","modified_gmt":"2026-03-14T12:12:48","slug":"perfume-masculino-mercedes-benz-select-night-edp-100ml","status":"publish","type":"product","link":"https:\/\/brandss.com.py\/index\/producto\/perfume-masculino-mercedes-benz-select-night-edp-100ml\/","title":{"rendered":"PERFUME MASCULINO MERCEDES-BENZ SELECT NIGHT EDP 100ML"},"content":{"rendered":"<p><img loading=\"lazy\" decoding=\"async\" class=\"\" src=\"https:\/\/seeklogo.com\/images\/M\/mercedes-benz-logo-7A7730DC79-seeklogo.com.png\" alt=\"mercedes-benz Logo PNG Vector (AI) Free Download\" width=\"90\" height=\"52\" \/><\/p>\n<h1>SELECT NIGHT<\/h1>\n<p><span class=\"product__intro-excerpt\"><span>Una nueva interpretaci\u00f3n m\u00e1s intensa del famoso Mercedes-Benz Select original, esta fragancia es a\u00fan m\u00e1s sensual y<\/span><\/span>\u00a0<span class=\"product__intro-text\"><span>adictivo. <\/span><\/span><span>Mercedes-Benz Select Night es la creaci\u00f3n del maestro perfumista franc\u00e9s Olivier Cresp. Al crear esta variaci\u00f3n, Olivier Cresp opt\u00f3 por la dualidad, combinando el encanto de un Foug\u00e8re amaderado con la sensualidad de un Oriental.<\/span><br \/>\n<img loading=\"lazy\" decoding=\"async\" class=\"alignleft\" src=\"https:\/\/drogariaspacheco.vteximg.com.br\/arquivos\/ids\/931859-1000-1000\/image-186bc750c80a457dafb18c4d1353c27d.jpg?v=637947072040570000\" width=\"745\" height=\"745\" \/><br \/>\n<span>Brillante, misteriosa e hipn\u00f3tica a la vez, Mercedes-Benz Select Night es una fragancia adictiva. Es un perfume sin el que ya no puedes imaginarte vivir. Como el hombre que lo usa.<\/span><\/p>\n<p><span>\u201cQuer\u00eda crear un aroma sensual y misterioso. La esencia misma de la seducci\u00f3n\u201d. Olivier Cresp, Firmenich<\/span><\/p>\n<p>&nbsp;<\/p>\n<h3>Notas Olfativas<\/h3>\n<p>En este Eau de Parfum, la frescura de la bergamota se mezcla con el refinamiento del cardamomo y la elegancia de la lavanda. En su coraz\u00f3n, la flor de azahar resalta las notas poderosas de cedro y madera de guayaco, mientras que las notas de fondo de s\u00e1ndalo, pachul\u00ed y vainilla embriagan los sentidos.<\/p>\n<p>&nbsp;<\/p>\n<p>El perfume Mercedes-Benz Select Night es una fragancia de la familia olfativa \u00e1mbar especiada para hombres.<\/p>\n<ul>\n<li><strong>Notas de salida:<\/strong> Lavanda, cardamomo y bergamota.<\/li>\n<li><strong>Notas de coraz\u00f3n:<\/strong> Flor de azahar del naranjo, madera de gaiac y cedro.<\/li>\n<li><strong>Notas de fondo:<\/strong> Vainilla, s\u00e1ndalo y pachul\u00ed.<\/li>\n<\/ul>\n","protected":false},"excerpt":{"rendered":"<p>SELECT NIGHT Una nueva interpretaci\u00f3n m\u00e1s intensa del famoso Mercedes-Benz Select original, esta fragancia es a\u00fan m\u00e1s sensual y\u00a0adictivo. Mercedes-Benz<\/p>\n","protected":false},"featured_media":68515,"comment_status":"open","ping_status":"closed","template":"","meta":{"nf_dc_page":""},"product_brand":[793],"product_cat":[84],"product_tag":[1924],"class_list":{"0":"post-68513","1":"product","2":"type-product","3":"status-publish","4":"has-post-thumbnail","6":"product_brand-mercedes-benz","7":"product_cat-perfumeria","8":"product_tag-1924","10":"first","11":"outofstock","12":"shipping-taxable","13":"purchasable","14":"product-type-simple"},"_links":{"self":[{"href":"https:\/\/brandss.com.py\/index\/wp-json\/wp\/v2\/product\/68513","targetHints":{"allow":["GET"]}}],"collection":[{"href":"https:\/\/brandss.com.py\/index\/wp-json\/wp\/v2\/product"}],"about":[{"href":"https:\/\/brandss.com.py\/index\/wp-json\/wp\/v2\/types\/product"}],"replies":[{"embeddable":true,"href":"https:\/\/brandss.com.py\/index\/wp-json\/wp\/v2\/comments?post=68513"}],"version-history":[{"count":1,"href":"https:\/\/brandss.com.py\/index\/wp-json\/wp\/v2\/product\/68513\/revisions"}],"predecessor-version":[{"id":68522,"href":"https:\/\/brandss.com.py\/index\/wp-json\/wp\/v2\/product\/68513\/revisions\/68522"}],"wp:featuredmedia":[{"embeddable":true,"href":"https:\/\/brandss.com.py\/index\/wp-json\/wp\/v2\/media\/68515"}],"wp:attachment":[{"href":"https:\/\/brandss.com.py\/index\/wp-json\/wp\/v2\/media?parent=68513"}],"wp:term":[{"taxonomy":"product_brand","embeddable":true,"href":"https:\/\/brandss.com.py\/index\/wp-json\/wp\/v2\/product_brand?post=68513"},{"taxonomy":"product_cat","embeddable":true,"href":"https:\/\/brandss.com.py\/index\/wp-json\/wp\/v2\/product_cat?post=68513"},{"taxonomy":"product_tag","embeddable":true,"href":"https:\/\/brandss.com.py\/index\/wp-json\/wp\/v2\/product_tag?post=68513"}],"curies":[{"name":"wp","href":"https:\/\/api.w.org\/{rel}","templated":true}]}}