{"id":68549,"date":"2025-01-31T11:05:36","date_gmt":"2025-01-31T11:05:36","guid":{"rendered":"https:\/\/brandss.com.py\/index\/?post_type=product&#038;p=68549"},"modified":"2026-03-14T12:12:48","modified_gmt":"2026-03-14T12:12:48","slug":"perfume-masculino-mercedes-benz-sea-edp-100ml","status":"publish","type":"product","link":"https:\/\/brandss.com.py\/index\/producto\/perfume-masculino-mercedes-benz-sea-edp-100ml\/","title":{"rendered":"PERFUME MASCULINO MERCEDES-BENZ SEA EDP 100ML"},"content":{"rendered":"<p><img loading=\"lazy\" decoding=\"async\" class=\"\" src=\"https:\/\/seeklogo.com\/images\/M\/mercedes-benz-logo-7A7730DC79-seeklogo.com.png\" alt=\"mercedes-benz Logo PNG Vector (AI) Free Download\" width=\"80\" height=\"46\" \/><\/p>\n<h1>SEA<\/h1>\n<div class=\"product__intro js-accordion is-visible\"><span class=\"product__intro-excerpt\"><span>La sensaci\u00f3n refrescante de una ola rompiendo en la orilla, con hojas violetas verdes energizadas por la vivaz mandarina.<\/span><\/span>\u00a0<span class=\"product__intro-text\"><span>y Seaweed. Inspir\u00e1ndose en el coraz\u00f3n mismo de la leyenda de Mercedes-Benz, la estrella de tres puntas, y su simbolismo de convertirse en un pionero &#8220;en tierra, mar o aire&#8221;, Land, Sea, Air representa un profundo regreso a los elementos en forma de Trilog\u00eda para el Hombre Realizado. Descubra el regreso a los elementos con Sea.<img loading=\"lazy\" decoding=\"async\" class=\"alignleft\" src=\"https:\/\/parfums.mercedes-benz.com\/cdn\/shop\/files\/Seaadbottle.png?crop=center&amp;height=1000&amp;v=1699956182&amp;width=1000\" width=\"665\" height=\"665\" \/><\/span><\/span><\/div>\n<div class=\"product__intro js-accordion is-visible\"><\/div>\n<div class=\"product__tabs product__tabs--2 js-tabs\"><span>Desde sus inicios, Mercedes-Benz Parfums ha ejemplificado la m\u00e1xima encarnaci\u00f3n de la singularidad de la marca, su sentido innato del detalle y su exaltaci\u00f3n de los sentidos. Hoy, el lanzamiento de Land, Sea, Air se\u00f1ala una nueva era en el mundo de las fragancias de lujo para hombres.<\/span><\/p>\n<p><span>Tomando como inspiraci\u00f3n el coraz\u00f3n mismo de la leyenda de Mercedes-Benz, la estrella de tres puntas y su significado ic\u00f3nico: ser un pionero y dise\u00f1ar su propio futuro\/viaje donde sea que el viaje lo lleve &#8220;en tierra, en el mar y en el aire&#8221;, Land, Sea Air representa un regreso profundamente significativo a los elementos.<\/span><\/p>\n<p><span>A lo largo de los siglos y las filosof\u00edas a lo largo de la historia de la humanidad, estos tres elementos naturales siempre han funcionado como un faro; inspirando diferentes formas de vida y definiendo diferentes facetas de nuestra personalidad. Land representa la cultura, el legado y la autenticidad, la energ\u00eda que extraemos de lo que construimos y protegemos. Air resalta nuestro lado visionario; nuestra innovaci\u00f3n, nuestra imaginaci\u00f3n; nuestra libertad en ascenso. Y el agua es el canal de nuestro instinto, nuestra atenci\u00f3n, nuestra sensibilidad y nuestro apetito por la aventura.<\/span><\/p>\n<p><span>Juntos se combinan en una Trilog\u00eda innovadora: una Trilog\u00eda para un hombre completo, con los tres elementos fundamentales unidos.<\/span><\/div>\n<div><\/div>\n<h3>Notas Olfativas<\/h3>\n<div><\/div>\n<div>\n<div>Sea evoca la sensaci\u00f3n refrescante de una ola rompiendo en la orilla, con hojas de violeta de alto verde vigorizadas por la v\u00edvida y afrutada mandarina, creando un efecto marino a\u00fan m\u00e1s amplificado por el toque salino y acuarelado de las algas marinas.<\/div>\n<div>Creada por la maestra perfumista francesa Anne Flipo, Mercedes-Benz Land, Sea, Air se une en torno a una base com\u00fan, con cada elemento expandi\u00e9ndose en su propio universo olfativo distintivo<\/div>\n<\/div>\n<div>\n<p><strong>Familia olfativa:<\/strong> Olfativa para hombres.<\/p>\n<p><strong>Notas de salida:<\/strong> Naranja tangerina.<\/p>\n<p><strong>Notas de coraz\u00f3n:<\/strong> Notas florales y hojas de violeta.<\/p>\n<p><strong>Notas de fondo:<\/strong> Notas amaderadas y pachul\u00ed.<\/p>\n<\/div>\n","protected":false},"excerpt":{"rendered":"<p>SEA La sensaci\u00f3n refrescante de una ola rompiendo en la orilla, con hojas violetas verdes energizadas por la vivaz mandarina.\u00a0y<\/p>\n","protected":false},"featured_media":68550,"comment_status":"open","ping_status":"closed","template":"","meta":{"nf_dc_page":""},"product_brand":[793],"product_cat":[84],"product_tag":[1926],"class_list":{"0":"post-68549","1":"product","2":"type-product","3":"status-publish","4":"has-post-thumbnail","6":"product_brand-mercedes-benz","7":"product_cat-perfumeria","8":"product_tag-1926","10":"first","11":"outofstock","12":"shipping-taxable","13":"purchasable","14":"product-type-simple"},"_links":{"self":[{"href":"https:\/\/brandss.com.py\/index\/wp-json\/wp\/v2\/product\/68549","targetHints":{"allow":["GET"]}}],"collection":[{"href":"https:\/\/brandss.com.py\/index\/wp-json\/wp\/v2\/product"}],"about":[{"href":"https:\/\/brandss.com.py\/index\/wp-json\/wp\/v2\/types\/product"}],"replies":[{"embeddable":true,"href":"https:\/\/brandss.com.py\/index\/wp-json\/wp\/v2\/comments?post=68549"}],"version-history":[{"count":1,"href":"https:\/\/brandss.com.py\/index\/wp-json\/wp\/v2\/product\/68549\/revisions"}],"predecessor-version":[{"id":68557,"href":"https:\/\/brandss.com.py\/index\/wp-json\/wp\/v2\/product\/68549\/revisions\/68557"}],"wp:featuredmedia":[{"embeddable":true,"href":"https:\/\/brandss.com.py\/index\/wp-json\/wp\/v2\/media\/68550"}],"wp:attachment":[{"href":"https:\/\/brandss.com.py\/index\/wp-json\/wp\/v2\/media?parent=68549"}],"wp:term":[{"taxonomy":"product_brand","embeddable":true,"href":"https:\/\/brandss.com.py\/index\/wp-json\/wp\/v2\/product_brand?post=68549"},{"taxonomy":"product_cat","embeddable":true,"href":"https:\/\/brandss.com.py\/index\/wp-json\/wp\/v2\/product_cat?post=68549"},{"taxonomy":"product_tag","embeddable":true,"href":"https:\/\/brandss.com.py\/index\/wp-json\/wp\/v2\/product_tag?post=68549"}],"curies":[{"name":"wp","href":"https:\/\/api.w.org\/{rel}","templated":true}]}}