{"id":68591,"date":"2025-01-31T11:50:40","date_gmt":"2025-01-31T11:50:40","guid":{"rendered":"https:\/\/brandss.com.py\/index\/?post_type=product&#038;p=68591"},"modified":"2026-03-30T18:17:54","modified_gmt":"2026-03-30T18:17:54","slug":"perfume-femenino-mercedes-benz-woman-edp-90ml","status":"publish","type":"product","link":"https:\/\/brandss.com.py\/index\/producto\/perfume-femenino-mercedes-benz-woman-edp-90ml\/","title":{"rendered":"PERFUME FEMENINO MERCEDES-BENZ WOMAN EDP 90ML"},"content":{"rendered":"<p><img loading=\"lazy\" decoding=\"async\" class=\"\" src=\"https:\/\/seeklogo.com\/images\/M\/mercedes-benz-logo-7A7730DC79-seeklogo.com.png\" alt=\"mercedes-benz Logo PNG Vector (AI) Free Download\" width=\"107\" height=\"62\" \/><\/p>\n<h1>WOMAN<\/h1>\n<p><span class=\"product__intro-excerpt\"><span>Una fragancia encantadora, lujosa e inesperada creada para acentuar y exaltar la personalidad de una mujer. Una magn\u00edfica historia de feminidad.<\/span><\/span>\u00a0<span class=\"product__intro-text\"><span>y seguridad en s\u00ed misma, envolvi\u00e9ndola en un aura fragante de delicadeza.<\/span><\/span><\/p>\n<p><img loading=\"lazy\" decoding=\"async\" class=\"alignleft\" src=\"https:\/\/m.media-amazon.com\/images\/I\/71IkZDUAHmL._SL1080_.jpg\" width=\"722\" height=\"722\" \/><\/p>\n<h3>Notas Olfativas<\/h3>\n<p>&nbsp;<\/p>\n<p><span>Una fragancia opulenta, lujosa y absolutamente femenina creada por la aclamada maestra perfumista Honorine Blanc.<\/span><\/p>\n<p><span>La historia comienza con la intensidad sutil de la gardenia brasile\u00f1a que inscribe sus notas sensuales en la base \u00e1cida de las hojas de grosella negra, suavizadas por la pulpa de la pera. Luego viene la flor de naranja, cuyos acordes c\u00e1lidos y polvorientos son escoltados por el embriagador y cautivador aroma del jazm\u00edn. Y finalmente el lujo de un acorde rico y sofisticado compuesto de s\u00e1ndalo, vainilla, almizcle y maderas de cachemira prolonga este adictivo y gourmand bouquet.<\/span><\/p>\n<p><span>Mercedes-Benz Woman Perfume es una fragancia de la familia olfativa Floral \u00c1mbar para Mujeres.<\/span><\/p>\n<ul>\n<li><strong><span>Notas de salida:<\/span><\/strong><span>\u00a0Pera, gardenia y hojas de grosella negra.<\/span><\/li>\n<li><strong><span>Notas de coraz\u00f3n:<\/span><\/strong><span>\u00a0Jazm\u00edn y flor de naranja.<\/span><\/li>\n<li><strong><span>Notas de fondo:<\/span><\/strong><span>\u00a0vainilla, madera de cachemira, almizcle y s\u00e1ndalo.<\/span><\/li>\n<\/ul>\n","protected":false},"excerpt":{"rendered":"<p>WOMAN Una fragancia encantadora, lujosa e inesperada creada para acentuar y exaltar la personalidad de una mujer. Una magn\u00edfica historia<\/p>\n","protected":false},"featured_media":68595,"comment_status":"open","ping_status":"closed","template":"","meta":{"nf_dc_page":""},"product_brand":[793],"product_cat":[84],"product_tag":[792],"class_list":{"0":"post-68591","1":"product","2":"type-product","3":"status-publish","4":"has-post-thumbnail","6":"product_brand-mercedes-benz","7":"product_cat-perfumeria","8":"product_tag-792","10":"first","11":"instock","12":"shipping-taxable","13":"purchasable","14":"product-type-simple"},"_links":{"self":[{"href":"https:\/\/brandss.com.py\/index\/wp-json\/wp\/v2\/product\/68591","targetHints":{"allow":["GET"]}}],"collection":[{"href":"https:\/\/brandss.com.py\/index\/wp-json\/wp\/v2\/product"}],"about":[{"href":"https:\/\/brandss.com.py\/index\/wp-json\/wp\/v2\/types\/product"}],"replies":[{"embeddable":true,"href":"https:\/\/brandss.com.py\/index\/wp-json\/wp\/v2\/comments?post=68591"}],"version-history":[{"count":1,"href":"https:\/\/brandss.com.py\/index\/wp-json\/wp\/v2\/product\/68591\/revisions"}],"predecessor-version":[{"id":68605,"href":"https:\/\/brandss.com.py\/index\/wp-json\/wp\/v2\/product\/68591\/revisions\/68605"}],"wp:featuredmedia":[{"embeddable":true,"href":"https:\/\/brandss.com.py\/index\/wp-json\/wp\/v2\/media\/68595"}],"wp:attachment":[{"href":"https:\/\/brandss.com.py\/index\/wp-json\/wp\/v2\/media?parent=68591"}],"wp:term":[{"taxonomy":"product_brand","embeddable":true,"href":"https:\/\/brandss.com.py\/index\/wp-json\/wp\/v2\/product_brand?post=68591"},{"taxonomy":"product_cat","embeddable":true,"href":"https:\/\/brandss.com.py\/index\/wp-json\/wp\/v2\/product_cat?post=68591"},{"taxonomy":"product_tag","embeddable":true,"href":"https:\/\/brandss.com.py\/index\/wp-json\/wp\/v2\/product_tag?post=68591"}],"curies":[{"name":"wp","href":"https:\/\/api.w.org\/{rel}","templated":true}]}}