{"id":68608,"date":"2025-01-31T12:11:01","date_gmt":"2025-01-31T12:11:01","guid":{"rendered":"https:\/\/brandss.com.py\/index\/?post_type=product&#038;p=68608"},"modified":"2026-03-14T12:12:47","modified_gmt":"2026-03-14T12:12:47","slug":"perfume-femenino-mercedes-benz-woman-in-red-edp-90ml","status":"publish","type":"product","link":"https:\/\/brandss.com.py\/index\/producto\/perfume-femenino-mercedes-benz-woman-in-red-edp-90ml\/","title":{"rendered":"PERFUME FEMENINO MERCEDES-BENZ WOMAN IN RED EDP 90ML"},"content":{"rendered":"<p><img loading=\"lazy\" decoding=\"async\" class=\"\" src=\"https:\/\/seeklogo.com\/images\/M\/mercedes-benz-logo-7A7730DC79-seeklogo.com.png\" alt=\"mercedes-benz Logo PNG Vector (AI) Free Download\" width=\"107\" height=\"62\" \/><\/p>\n<h1>WOMAN IN RED<\/h1>\n<p><span class=\"product__intro-excerpt\"><span>La nueva fragancia de la gama Mercedes-Benz Woman, esta versi\u00f3n es m\u00e1s glamurosa que nunca. Intensa, indulgente y<\/span><\/span>\u00a0<span class=\"product__intro-text\"><span>Decididamente sensual, es la fragancia de las mujeres m\u00e1s atrevidas.<img loading=\"lazy\" decoding=\"async\" class=\"alignleft\" src=\"https:\/\/parfums.mercedes-benz.com\/cdn\/shop\/files\/Womaninredlifestyle.jpg?crop=center&amp;height=1000&amp;v=1719407706&amp;width=1000\" width=\"675\" height=\"675\" \/><\/span><\/span><\/p>\n<p>Algunas fragancias encapsulan la esencia misma de la feminidad. Fragancias que resaltan la singularidad y el encanto de cada mujer. Fragancias que hacen \u00fanica a quien las usa. Este es el caso de Mercedes Woman In Red.<\/p>\n<p>&nbsp;<\/p>\n<h3>Notas Olfativas<\/h3>\n<p>&nbsp;<\/p>\n<p><span>Creada por una mujer para mujeres, Woman In Red revela una composici\u00f3n floral, amaderada y oriental. La c\u00e9lebre maestra perfumista Honorine Blanc sigui\u00f3 su intuici\u00f3n y su amor por las cosas bellas para componer este excepcional bouquet. Para envolver su coraz\u00f3n de flores blancas, concretamente jazm\u00edn \u00e1rabe y gardenia, eleg\u00ed la frescura y vitalidad de la mandarina y la pera, algunos p\u00e9talos de flor de cerezo y un toque de pistacho. Y para realzar su creaci\u00f3n, a\u00f1adi\u00f3 la indulgencia del haba tonka y el benju\u00ed, la suavidad del pachul\u00ed y la profundidad del s\u00e1ndalo. Esta fragancia sensual y elegante deja una estela \u00fanica y radiante detr\u00e1s de cada mujer que la usa.<\/span><\/p>\n<p><span>El jazm\u00edn \u00e1rabe <\/span><span>es una de las flores m\u00e1s antiguas que ha cultivado la humanidad. Originario de la provincia de Tamil Nadu, en la India, el jazm\u00edn \u00e1rabe se utiliza tradicionalmente como adorno para el pelo, para crear guirnaldas de bienvenida y como ofrenda en los templos. Para preservar el poder de su aroma, los capullos se recogen a mano a primera hora de la ma\u00f1ana y se extienden en el suelo, donde los trabajadores observan c\u00f3mo florecen antes de extraer su esencia \u00fanica.<\/span><\/p>\n<p>El Perfume Mercedes-Benz Woman In Red es una fragancia de la familia olfativa \u00e1mbar floral para mujeres.<\/p>\n<ul>\n<li><strong>Notas de salida:<\/strong> Pera, mandarina, flor del cerezo y pistacho (pistache).<\/li>\n<li><strong>Notas de coraz\u00f3n:<\/strong> Jazm\u00edn y gardenia.<\/li>\n<li><strong>Notas de fondo:<\/strong> Haba tonka, s\u00e1ndalo, benju\u00ed y pachul\u00ed.<\/li>\n<\/ul>\n","protected":false},"excerpt":{"rendered":"<p>WOMAN IN RED La nueva fragancia de la gama Mercedes-Benz Woman, esta versi\u00f3n es m\u00e1s glamurosa que nunca. Intensa, indulgente<\/p>\n","protected":false},"featured_media":68609,"comment_status":"open","ping_status":"closed","template":"","meta":{"nf_dc_page":""},"product_brand":[793],"product_cat":[84],"product_tag":[1928],"class_list":{"0":"post-68608","1":"product","2":"type-product","3":"status-publish","4":"has-post-thumbnail","6":"product_brand-mercedes-benz","7":"product_cat-perfumeria","8":"product_tag-1928","10":"first","11":"outofstock","12":"shipping-taxable","13":"purchasable","14":"product-type-simple"},"_links":{"self":[{"href":"https:\/\/brandss.com.py\/index\/wp-json\/wp\/v2\/product\/68608","targetHints":{"allow":["GET"]}}],"collection":[{"href":"https:\/\/brandss.com.py\/index\/wp-json\/wp\/v2\/product"}],"about":[{"href":"https:\/\/brandss.com.py\/index\/wp-json\/wp\/v2\/types\/product"}],"replies":[{"embeddable":true,"href":"https:\/\/brandss.com.py\/index\/wp-json\/wp\/v2\/comments?post=68608"}],"version-history":[{"count":1,"href":"https:\/\/brandss.com.py\/index\/wp-json\/wp\/v2\/product\/68608\/revisions"}],"predecessor-version":[{"id":68615,"href":"https:\/\/brandss.com.py\/index\/wp-json\/wp\/v2\/product\/68608\/revisions\/68615"}],"wp:featuredmedia":[{"embeddable":true,"href":"https:\/\/brandss.com.py\/index\/wp-json\/wp\/v2\/media\/68609"}],"wp:attachment":[{"href":"https:\/\/brandss.com.py\/index\/wp-json\/wp\/v2\/media?parent=68608"}],"wp:term":[{"taxonomy":"product_brand","embeddable":true,"href":"https:\/\/brandss.com.py\/index\/wp-json\/wp\/v2\/product_brand?post=68608"},{"taxonomy":"product_cat","embeddable":true,"href":"https:\/\/brandss.com.py\/index\/wp-json\/wp\/v2\/product_cat?post=68608"},{"taxonomy":"product_tag","embeddable":true,"href":"https:\/\/brandss.com.py\/index\/wp-json\/wp\/v2\/product_tag?post=68608"}],"curies":[{"name":"wp","href":"https:\/\/api.w.org\/{rel}","templated":true}]}}