{"id":68627,"date":"2025-01-31T12:39:24","date_gmt":"2025-01-31T12:39:24","guid":{"rendered":"https:\/\/brandss.com.py\/index\/?post_type=product&#038;p=68627"},"modified":"2026-03-14T14:14:37","modified_gmt":"2026-03-14T14:14:37","slug":"perfume-femenino-puccini-orient-intense-edp-80ml","status":"publish","type":"product","link":"https:\/\/brandss.com.py\/index\/producto\/perfume-femenino-puccini-orient-intense-edp-80ml\/","title":{"rendered":"PERFUME FEMENINO PUCCINI ORIENT INTENSE EDP 80ML"},"content":{"rendered":"<p><img loading=\"lazy\" decoding=\"async\" class=\"\" src=\"https:\/\/fimgs.net\/mdimg\/dizajneri\/o.3733.jpg\" alt=\"Puccini Paris Fragancias Y Colonias\" width=\"115\" height=\"46\" \/><\/p>\n<h1>ORIENT INTENSE<\/h1>\n<div class=\"product-single-top-description mb-5\">\n<article id=\"more-content\" class=\"article article--main relative overflow-hidden transition-all max-h-0 duration-300\">Disfrute de un mundo de lujo y atracci\u00f3n con el Perfume Puccini Orient Intense, considerado uno de los perfumes orientales lujosos y concentrados. Esta fragancia rica y c\u00e1lida es perfecta para personas que buscan una experiencia de fragancia \u00fanica y distintiva. Con su concentraci\u00f3n profunda, Puccini Oriente Intense te lleva a un viaje a trav\u00e9s de los encantadores aromas de Oriente.<\/p>\n<p><strong>Notas de fragancia: <\/strong><\/p>\n<p>La fragancia se abre con una mezcla de ricas notas orientales que combinan especias lujosas y flores asombrosas. El coraz\u00f3n de la fragancia se centra en el \u00e1mbar c\u00e1lido y el oud, lo que le da una fuerte profundidad y una calidez inolvidable. La base presenta ricos aromas amaderados con toques de vainilla y almizcle, creando un equilibrio perfecto entre fuerza y \u200b\u200bsuavidad.<\/p>\n<p><strong>Ocasiones de uso: <\/strong><\/p>\n<p>El perfume Puccini Oriente Intense es la elecci\u00f3n perfecta para ocasiones especiales y veladas lujosas, ya que agrega un toque de misterio y atracci\u00f3n. Tambi\u00e9n es adecuado para estaciones fr\u00edas, ya que sus c\u00e1lidos componentes orientales potencian su sensaci\u00f3n de confort y calidez. Ya sea que est\u00e9s en una ocasi\u00f3n festiva o en una reuni\u00f3n especial, esta fragancia permanecer\u00e1 en la memoria de quienes te rodean.<\/p>\n<p><strong>Empaque: <\/strong><\/p>\n<p>Puccini Oriente Intense se presenta en un elegante y lujoso empaque, con un dise\u00f1o que refleja la magnificencia de los ingredientes que contiene. El envase concentrado permite disfrutar de su maravilloso aroma durante mucho tiempo.<\/p>\n<p><strong>Conclusi\u00f3n:<\/strong><\/p>\n<p>si eres fan de los perfumes orientales con aromas profundos y concentrados, Puccini Orient Intense es la elecci\u00f3n perfecta para ti. Deja que el aroma de esta fragancia te lleve a un viaje sensual a trav\u00e9s de Oriente, dejando una impresi\u00f3n inolvidable dondequiera que vayas.<\/p>\n<p>&nbsp;<\/p>\n<h3>Notas Olfativas<\/h3>\n<p>&nbsp;<\/p>\n<p>El\u00a0perfume\u00a0Puccini Paris Orient Intense\u00a0es una fragancia de la familia olfativa oriental especiada para mujeres.\u00a0Con una concentraci\u00f3n del tipo Eau de Parfum, ofrece una duradera y alta intensidad arom\u00e1tica en la piel. Sus notas est\u00e1n compuestas por los siguientes ingredientes.<\/p>\n<ul>\n<li><span dir=\"ltr\" lang=\"PT-BR\"><strong>Notas de salida:\u00a0<\/strong>Grosella negra, pimienta rosa, naranja, aceite de lim\u00f3n, pi\u00f1a, frambuesa, manzana, azafr\u00e1n y frutas tropicales.<\/span><\/li>\n<li><strong>Notas de coraz\u00f3n:\u00a0<\/strong>Lavanda, nuez moscada, jazm\u00edn, lirios, rosas y caramelo.<\/li>\n<li><strong>Notas de fondo:\u00a0<\/strong>Almizcle, \u00e1mbar, cedros, vainilla y s\u00e1ndalo.<\/li>\n<\/ul>\n<\/article>\n<\/div>\n","protected":false},"excerpt":{"rendered":"<p>ORIENT INTENSE Disfrute de un mundo de lujo y atracci\u00f3n con el Perfume Puccini Orient Intense, considerado uno de los<\/p>\n","protected":false},"featured_media":68633,"comment_status":"open","ping_status":"closed","template":"","meta":{"nf_dc_page":""},"product_brand":[1780],"product_cat":[84],"product_tag":[1929],"class_list":{"0":"post-68627","1":"product","2":"type-product","3":"status-publish","4":"has-post-thumbnail","6":"product_brand-puccini","7":"product_cat-perfumeria","8":"product_tag-1929","10":"first","11":"outofstock","12":"shipping-taxable","13":"purchasable","14":"product-type-simple"},"_links":{"self":[{"href":"https:\/\/brandss.com.py\/index\/wp-json\/wp\/v2\/product\/68627","targetHints":{"allow":["GET"]}}],"collection":[{"href":"https:\/\/brandss.com.py\/index\/wp-json\/wp\/v2\/product"}],"about":[{"href":"https:\/\/brandss.com.py\/index\/wp-json\/wp\/v2\/types\/product"}],"replies":[{"embeddable":true,"href":"https:\/\/brandss.com.py\/index\/wp-json\/wp\/v2\/comments?post=68627"}],"version-history":[{"count":1,"href":"https:\/\/brandss.com.py\/index\/wp-json\/wp\/v2\/product\/68627\/revisions"}],"predecessor-version":[{"id":68638,"href":"https:\/\/brandss.com.py\/index\/wp-json\/wp\/v2\/product\/68627\/revisions\/68638"}],"wp:featuredmedia":[{"embeddable":true,"href":"https:\/\/brandss.com.py\/index\/wp-json\/wp\/v2\/media\/68633"}],"wp:attachment":[{"href":"https:\/\/brandss.com.py\/index\/wp-json\/wp\/v2\/media?parent=68627"}],"wp:term":[{"taxonomy":"product_brand","embeddable":true,"href":"https:\/\/brandss.com.py\/index\/wp-json\/wp\/v2\/product_brand?post=68627"},{"taxonomy":"product_cat","embeddable":true,"href":"https:\/\/brandss.com.py\/index\/wp-json\/wp\/v2\/product_cat?post=68627"},{"taxonomy":"product_tag","embeddable":true,"href":"https:\/\/brandss.com.py\/index\/wp-json\/wp\/v2\/product_tag?post=68627"}],"curies":[{"name":"wp","href":"https:\/\/api.w.org\/{rel}","templated":true}]}}