{"id":68639,"date":"2025-01-31T12:56:56","date_gmt":"2025-01-31T12:56:56","guid":{"rendered":"https:\/\/brandss.com.py\/index\/?post_type=product&#038;p=68639"},"modified":"2026-03-14T14:14:37","modified_gmt":"2026-03-14T14:14:37","slug":"perfume-femenino-puccini-orient-gold-edp-80ml","status":"publish","type":"product","link":"https:\/\/brandss.com.py\/index\/producto\/perfume-femenino-puccini-orient-gold-edp-80ml\/","title":{"rendered":"PERFUME FEMENINO PUCCINI ORIENT GOLD EDP 80ML"},"content":{"rendered":"<p><img loading=\"lazy\" decoding=\"async\" class=\"\" src=\"https:\/\/fimgs.net\/mdimg\/dizajneri\/o.3733.jpg\" alt=\"Puccini Paris Fragancias Y Colonias\" width=\"118\" height=\"47\" \/><\/p>\n<h1>ORIENT GOLD<\/h1>\n<p>Emb\u00e1rcate en un viaje fragante donde cada respiraci\u00f3n captura la esencia de tierras lejanas. Este elixir oriental revela tesoros escondidos y teje una historia de opulencia y m\u00edstica. Disfrute de un aroma que trasciende el tiempo y el lugar, haciendo eco del encanto de lo desconocido.<\/p>\n<h3>Notas Olfativas<\/h3>\n<p>El perfume\u00a0Orient Gold\u00a0de\u00a0Puccini Paris\u00a0es una fragancia de la familia olfativa almizcle floral amaderado\u00a0para mujeres. Con una concentraci\u00f3n del tipo Eau de Parfum, ofrece una duradera y alta intensidad arom\u00e1tica en la piel. Sus notas est\u00e1n compuestas por los siguientes ingredientes.<\/p>\n<ul>\n<li><strong>Notas de salida:<\/strong>\u00a0Pera, jengibre y mandarina<\/li>\n<li><strong>Nota de coraz\u00f3n:\u00a0<\/strong>Flor de loto, lirio de los valles (muguete) y rosa<\/li>\n<li><span dir=\"ltr\" lang=\"es-MX\"><strong>Notas de fondo:\u00a0<\/strong><\/span><span dir=\"ltr\" lang=\"es-MX\">S\u00e1ndalo, almizcle blanco y \u00e1mbar<\/span><\/li>\n<\/ul>\n","protected":false},"excerpt":{"rendered":"<p>ORIENT GOLD Emb\u00e1rcate en un viaje fragante donde cada respiraci\u00f3n captura la esencia de tierras lejanas. Este elixir oriental revela<\/p>\n","protected":false},"featured_media":68640,"comment_status":"open","ping_status":"closed","template":"","meta":{"nf_dc_page":""},"product_brand":[1780],"product_cat":[84],"product_tag":[1930],"class_list":{"0":"post-68639","1":"product","2":"type-product","3":"status-publish","4":"has-post-thumbnail","6":"product_brand-puccini","7":"product_cat-perfumeria","8":"product_tag-1930","10":"first","11":"outofstock","12":"shipping-taxable","13":"purchasable","14":"product-type-simple"},"_links":{"self":[{"href":"https:\/\/brandss.com.py\/index\/wp-json\/wp\/v2\/product\/68639","targetHints":{"allow":["GET"]}}],"collection":[{"href":"https:\/\/brandss.com.py\/index\/wp-json\/wp\/v2\/product"}],"about":[{"href":"https:\/\/brandss.com.py\/index\/wp-json\/wp\/v2\/types\/product"}],"replies":[{"embeddable":true,"href":"https:\/\/brandss.com.py\/index\/wp-json\/wp\/v2\/comments?post=68639"}],"version-history":[{"count":1,"href":"https:\/\/brandss.com.py\/index\/wp-json\/wp\/v2\/product\/68639\/revisions"}],"predecessor-version":[{"id":68644,"href":"https:\/\/brandss.com.py\/index\/wp-json\/wp\/v2\/product\/68639\/revisions\/68644"}],"wp:featuredmedia":[{"embeddable":true,"href":"https:\/\/brandss.com.py\/index\/wp-json\/wp\/v2\/media\/68640"}],"wp:attachment":[{"href":"https:\/\/brandss.com.py\/index\/wp-json\/wp\/v2\/media?parent=68639"}],"wp:term":[{"taxonomy":"product_brand","embeddable":true,"href":"https:\/\/brandss.com.py\/index\/wp-json\/wp\/v2\/product_brand?post=68639"},{"taxonomy":"product_cat","embeddable":true,"href":"https:\/\/brandss.com.py\/index\/wp-json\/wp\/v2\/product_cat?post=68639"},{"taxonomy":"product_tag","embeddable":true,"href":"https:\/\/brandss.com.py\/index\/wp-json\/wp\/v2\/product_tag?post=68639"}],"curies":[{"name":"wp","href":"https:\/\/api.w.org\/{rel}","templated":true}]}}