{"id":68684,"date":"2025-01-31T13:48:53","date_gmt":"2025-01-31T13:48:53","guid":{"rendered":"https:\/\/brandss.com.py\/index\/?post_type=product&#038;p=68684"},"modified":"2026-03-14T14:14:37","modified_gmt":"2026-03-14T14:14:37","slug":"perfume-femenino-puccini-donna-paris-edp-100ml","status":"publish","type":"product","link":"https:\/\/brandss.com.py\/index\/producto\/perfume-femenino-puccini-donna-paris-edp-100ml\/","title":{"rendered":"PERFUME FEMENINO PUCCINI PARIS DONNA NUDE EDP 100ML"},"content":{"rendered":"<p><img loading=\"lazy\" decoding=\"async\" class=\"\" src=\"https:\/\/fimgs.net\/mdimg\/dizajneri\/o.3733.jpg\" alt=\"Puccini Paris Fragancias Y Colonias\" width=\"135\" height=\"54\" \/><\/p>\n<h1>DONNA PARIS<\/h1>\n<p>Este perfume est\u00e1 destinada a las mujeres amantes de los dulces aromas florales. Puccini Donna es una fragancia ex\u00f3tica, rom\u00e1ntica y sofisticada. Es extremadamente femenino y sensual.<\/p>\n<p>&nbsp;<\/p>\n<h3>Notas Olfativas<\/h3>\n<p>&nbsp;<\/p>\n<p>El perfume Donna Nude de Puccini Paris es una fragancia de la familia olfativa Floral Frutal para mujeres.<\/p>\n<ul>\n<li><strong>Notas de salida:<\/strong>\u00a0Bergamota, lim\u00f3n, manzana y frambuesa<\/li>\n<li><strong>Notas de coraz\u00f3n:<\/strong>\u00a0Jazm\u00edn, naranja y pachul\u00ed<\/li>\n<li><strong>Notas de fondo:<\/strong>\u00a0Vainilla<\/li>\n<\/ul>\n","protected":false},"excerpt":{"rendered":"<p>DONNA PARIS Este perfume est\u00e1 destinada a las mujeres amantes de los dulces aromas florales. Puccini Donna es una fragancia<\/p>\n","protected":false},"featured_media":68685,"comment_status":"open","ping_status":"closed","template":"","meta":{"nf_dc_page":""},"product_brand":[1780],"product_cat":[84],"product_tag":[1932],"class_list":{"0":"post-68684","1":"product","2":"type-product","3":"status-publish","4":"has-post-thumbnail","6":"product_brand-puccini","7":"product_cat-perfumeria","8":"product_tag-1932","10":"first","11":"outofstock","12":"shipping-taxable","13":"purchasable","14":"product-type-simple"},"_links":{"self":[{"href":"https:\/\/brandss.com.py\/index\/wp-json\/wp\/v2\/product\/68684","targetHints":{"allow":["GET"]}}],"collection":[{"href":"https:\/\/brandss.com.py\/index\/wp-json\/wp\/v2\/product"}],"about":[{"href":"https:\/\/brandss.com.py\/index\/wp-json\/wp\/v2\/types\/product"}],"replies":[{"embeddable":true,"href":"https:\/\/brandss.com.py\/index\/wp-json\/wp\/v2\/comments?post=68684"}],"version-history":[{"count":2,"href":"https:\/\/brandss.com.py\/index\/wp-json\/wp\/v2\/product\/68684\/revisions"}],"predecessor-version":[{"id":87227,"href":"https:\/\/brandss.com.py\/index\/wp-json\/wp\/v2\/product\/68684\/revisions\/87227"}],"wp:featuredmedia":[{"embeddable":true,"href":"https:\/\/brandss.com.py\/index\/wp-json\/wp\/v2\/media\/68685"}],"wp:attachment":[{"href":"https:\/\/brandss.com.py\/index\/wp-json\/wp\/v2\/media?parent=68684"}],"wp:term":[{"taxonomy":"product_brand","embeddable":true,"href":"https:\/\/brandss.com.py\/index\/wp-json\/wp\/v2\/product_brand?post=68684"},{"taxonomy":"product_cat","embeddable":true,"href":"https:\/\/brandss.com.py\/index\/wp-json\/wp\/v2\/product_cat?post=68684"},{"taxonomy":"product_tag","embeddable":true,"href":"https:\/\/brandss.com.py\/index\/wp-json\/wp\/v2\/product_tag?post=68684"}],"curies":[{"name":"wp","href":"https:\/\/api.w.org\/{rel}","templated":true}]}}