{"id":68722,"date":"2025-01-31T16:18:19","date_gmt":"2025-01-31T16:18:19","guid":{"rendered":"https:\/\/brandss.com.py\/index\/?post_type=product&#038;p=68722"},"modified":"2026-03-30T18:42:39","modified_gmt":"2026-03-30T18:42:39","slug":"perfume-masculino-karen-low-xchange-unlimited-edt-100ml","status":"publish","type":"product","link":"https:\/\/brandss.com.py\/index\/producto\/perfume-masculino-karen-low-xchange-unlimited-edt-100ml\/","title":{"rendered":"PERFUME MASCULINO KAREN LOW XCHANGE UNLIMITED EDT 100ML"},"content":{"rendered":"<p><img loading=\"lazy\" decoding=\"async\" class=\"\" src=\"https:\/\/fimgs.net\/mdimg\/dizajneri\/o.2257.jpg\" alt=\"Karen Low Fragancias Y Colonias\" width=\"129\" height=\"90\" \/><\/p>\n<h1>XCHANGE UNLIMITED<\/h1>\n<p><span>Presentamos X Change Unlimited de Karen Low, una fragancia masculina sofisticada y cautivadora que sin duda llamar\u00e1 la atenci\u00f3n. Este Eau De Toilette es el complemento perfecto para cualquier colecci\u00f3n, ya que ofrece un aroma duradero que te har\u00e1 sentir fresco y seguro durante todo el d\u00eda. Karen Low es famosa por crear fragancias \u00fanicas y de alta calidad, y X Change Unlimited no es la excepci\u00f3n.<\/span><\/p>\n<p><span>Con notas de c\u00edtricos, almizcle y maderas arom\u00e1ticas, esta colonia exuda un aura de masculinidad y elegancia. Ya sea que te dirijas a la oficina o salgas a pasar una noche en la ciudad, X Change Unlimited te har\u00e1 sentir de maravilla. Con solo unas cuantas pulverizaciones, te envolver\u00e1 una fragancia que llamar\u00e1 la atenci\u00f3n y dejar\u00e1 una impresi\u00f3n duradera.<\/span><\/p>\n<p><span>Esta colonia es perfecta para el hombre moderno que valora el estilo y la sofisticaci\u00f3n. Su aroma vers\u00e1til se puede usar en cualquier ocasi\u00f3n, lo que la convierte en un imprescindible en la rutina de cuidado personal de todo hombre. Del\u00e9itese con el lujoso aroma de X Change Unlimited de Karen Low y experimente la confianza que le aporta usar una fragancia exclusiva.<\/span><\/p>\n<p><span>Actualice su colecci\u00f3n hoy y descubra por qu\u00e9 esta colonia es una de las favoritas entre los hombres de todo el mundo.<\/span><\/p>\n<p>&nbsp;<\/p>\n<h3>Notas Olfativas<\/h3>\n<p>&nbsp;<\/p>\n<p>El perfume Geparlys Karen Low Xchange Unlimited es una fragancia de la familia olfativa amaderada arom\u00e1tica para hombres.<\/p>\n<ul>\n<li><strong>Notas de salida:<\/strong>\u00a0Bergamota, cardamomo y lim\u00f3n<\/li>\n<li><strong>Notas de coraz\u00f3n:<\/strong>\u00a0Lavanda, pachul\u00ed, salvia y azahar<\/li>\n<li><strong>Notas de fondo:<\/strong>\u00a0\u00c1mbar, benju\u00ed, vainilla y almizcle<\/li>\n<\/ul>\n","protected":false},"excerpt":{"rendered":"<p>XCHANGE UNLIMITED Presentamos X Change Unlimited de Karen Low, una fragancia masculina sofisticada y cautivadora que sin duda llamar\u00e1 la<\/p>\n","protected":false},"featured_media":68723,"comment_status":"open","ping_status":"closed","template":"","meta":{"nf_dc_page":""},"product_brand":[1934],"product_cat":[84],"product_tag":[1935],"class_list":{"0":"post-68722","1":"product","2":"type-product","3":"status-publish","4":"has-post-thumbnail","6":"product_brand-karen-low","7":"product_cat-perfumeria","8":"product_tag-1935","10":"first","11":"instock","12":"sale","13":"shipping-taxable","14":"purchasable","15":"product-type-simple"},"_links":{"self":[{"href":"https:\/\/brandss.com.py\/index\/wp-json\/wp\/v2\/product\/68722","targetHints":{"allow":["GET"]}}],"collection":[{"href":"https:\/\/brandss.com.py\/index\/wp-json\/wp\/v2\/product"}],"about":[{"href":"https:\/\/brandss.com.py\/index\/wp-json\/wp\/v2\/types\/product"}],"replies":[{"embeddable":true,"href":"https:\/\/brandss.com.py\/index\/wp-json\/wp\/v2\/comments?post=68722"}],"version-history":[{"count":1,"href":"https:\/\/brandss.com.py\/index\/wp-json\/wp\/v2\/product\/68722\/revisions"}],"predecessor-version":[{"id":68727,"href":"https:\/\/brandss.com.py\/index\/wp-json\/wp\/v2\/product\/68722\/revisions\/68727"}],"wp:featuredmedia":[{"embeddable":true,"href":"https:\/\/brandss.com.py\/index\/wp-json\/wp\/v2\/media\/68723"}],"wp:attachment":[{"href":"https:\/\/brandss.com.py\/index\/wp-json\/wp\/v2\/media?parent=68722"}],"wp:term":[{"taxonomy":"product_brand","embeddable":true,"href":"https:\/\/brandss.com.py\/index\/wp-json\/wp\/v2\/product_brand?post=68722"},{"taxonomy":"product_cat","embeddable":true,"href":"https:\/\/brandss.com.py\/index\/wp-json\/wp\/v2\/product_cat?post=68722"},{"taxonomy":"product_tag","embeddable":true,"href":"https:\/\/brandss.com.py\/index\/wp-json\/wp\/v2\/product_tag?post=68722"}],"curies":[{"name":"wp","href":"https:\/\/api.w.org\/{rel}","templated":true}]}}