{"id":68750,"date":"2025-01-31T16:51:18","date_gmt":"2025-01-31T16:51:18","guid":{"rendered":"https:\/\/brandss.com.py\/index\/?post_type=product&#038;p=68750"},"modified":"2025-01-31T18:18:20","modified_gmt":"2025-01-31T18:18:20","slug":"bano-de-pies-dsp-electrico-450w","status":"publish","type":"product","link":"https:\/\/brandss.com.py\/index\/producto\/bano-de-pies-dsp-electrico-450w\/","title":{"rendered":"BA\u00d1O DE PIES DSP EL\u00c9CTRICO 450W"},"content":{"rendered":"<h1><img loading=\"lazy\" decoding=\"async\" class=\"\" src=\"https:\/\/api.patentes-y-marcas.com\/uploads\/BOPIBrand_imagen\/dsp-a016000127.jpg\" width=\"202\" height=\"84\" \/><\/h1>\n<div class=\"flex-shrink-0 flex flex-col relative items-end\">\n<div>\n<div class=\"pt-0\">\n<div class=\"gizmo-bot-avatar flex h-8 w-8 items-center justify-center overflow-hidden rounded-full\">\n<h1 class=\"relative p-1 rounded-sm flex items-center justify-center bg-token-main-surface-primary text-token-text-primary h-8 w-8\"><strong>KD9000<\/strong><\/h1>\n<\/div>\n<\/div>\n<\/div>\n<\/div>\n<div class=\"group\/conversation-turn relative flex w-full min-w-0 flex-col agent-turn\">\n<div class=\"flex-col gap-1 md:gap-3\">\n<div class=\"flex max-w-full flex-col flex-grow\">\n<div class=\"min-h-8 text-message flex w-full flex-col items-end gap-2 whitespace-normal break-words text-start [.text-message+&amp;]:mt-5\" dir=\"auto\" data-message-author-role=\"assistant\" data-message-id=\"3d421c9a-8b5b-49af-a2af-c74b517f5f1c\" data-message-model-slug=\"gpt-4o\">\n<div class=\"flex w-full flex-col gap-1 empty:hidden first:pt-[3px]\">\n<div class=\"markdown prose w-full break-words dark:prose-invert light\">\n<p>El ba\u00f1o de pies el\u00e9ctrico DSP modelo KD9000 es un dispositivo dise\u00f1ado para brindar una experiencia de relajaci\u00f3n y cuidado personal en la comodidad de su hogar. A continuaci\u00f3n, se detallan sus principales caracter\u00edsticas:<\/p>\n<p><strong>Caracter\u00edsticas:<\/strong><\/p>\n<ul>\n<li><strong>Marca:<\/strong> DSP<\/li>\n<li><strong>Modelo:<\/strong> KD9000<\/li>\n<li><strong>Voltaje:<\/strong> 220-240V~50Hz<\/li>\n<li><strong>Potencia:<\/strong> 450W<\/li>\n<li><strong>Capacidad del tanque de agua:<\/strong> 7.7 litros<\/li>\n<li><strong>Dise\u00f1o plegable:<\/strong> Facilita su almacenamiento y transporte.<\/li>\n<li><strong>Sistema de separaci\u00f3n de agua y electricidad:<\/strong> Garantiza una operaci\u00f3n segura.<\/li>\n<li><strong>Calefacci\u00f3n aislada:<\/strong> Mantiene el agua a una temperatura constante y c\u00f3moda.<\/li>\n<li><strong>Protector de alta temperatura incorporado:<\/strong> Evita el sobrecalentamiento para mayor seguridad.<\/li>\n<li><strong>Indicador de calentamiento rojo:<\/strong> Muestra el estado de funcionamiento del dispositivo.<\/li>\n<li><strong>Control de temperatura predeterminado:<\/strong> Mantiene el agua a una temperatura constante de 42\u00b0C.<\/li>\n<li><strong>Rodillos de masaje:<\/strong> Incluye ocho conjuntos de rodillos para masajear los pies durante el uso.<\/li>\n<li><strong>Caja extra\u00edble para hierbas o sales:<\/strong> Permite la adici\u00f3n de paquetes de hierbas, jengibre, artemisa, entre otros, para una experiencia de ba\u00f1o de pies mejorada.<\/li>\n<\/ul>\n<p>Este ba\u00f1o de pies es ideal para aliviar la fatiga, mejorar la circulaci\u00f3n sangu\u00ednea y promover un mejor sue\u00f1o. Su dise\u00f1o plegable y caracter\u00edsticas de seguridad lo convierten en una excelente opci\u00f3n para el cuidado personal en el hogar.<\/p>\n<\/div>\n<\/div>\n<\/div>\n<\/div>\n<\/div>\n<\/div>\n","protected":false},"excerpt":{"rendered":"<p>KD9000 El ba\u00f1o de pies el\u00e9ctrico DSP modelo KD9000 es un dispositivo dise\u00f1ado para brindar una experiencia de relajaci\u00f3n y<\/p>\n","protected":false},"featured_media":68769,"comment_status":"open","ping_status":"closed","template":"","meta":{"nf_dc_page":""},"product_brand":[],"product_cat":[83],"product_tag":[],"class_list":{"0":"post-68750","1":"product","2":"type-product","3":"status-publish","4":"has-post-thumbnail","6":"product_cat-hogar","8":"first","9":"instock","10":"shipping-taxable","11":"purchasable","12":"product-type-simple"},"_links":{"self":[{"href":"https:\/\/brandss.com.py\/index\/wp-json\/wp\/v2\/product\/68750","targetHints":{"allow":["GET"]}}],"collection":[{"href":"https:\/\/brandss.com.py\/index\/wp-json\/wp\/v2\/product"}],"about":[{"href":"https:\/\/brandss.com.py\/index\/wp-json\/wp\/v2\/types\/product"}],"replies":[{"embeddable":true,"href":"https:\/\/brandss.com.py\/index\/wp-json\/wp\/v2\/comments?post=68750"}],"version-history":[{"count":1,"href":"https:\/\/brandss.com.py\/index\/wp-json\/wp\/v2\/product\/68750\/revisions"}],"predecessor-version":[{"id":68756,"href":"https:\/\/brandss.com.py\/index\/wp-json\/wp\/v2\/product\/68750\/revisions\/68756"}],"wp:featuredmedia":[{"embeddable":true,"href":"https:\/\/brandss.com.py\/index\/wp-json\/wp\/v2\/media\/68769"}],"wp:attachment":[{"href":"https:\/\/brandss.com.py\/index\/wp-json\/wp\/v2\/media?parent=68750"}],"wp:term":[{"taxonomy":"product_brand","embeddable":true,"href":"https:\/\/brandss.com.py\/index\/wp-json\/wp\/v2\/product_brand?post=68750"},{"taxonomy":"product_cat","embeddable":true,"href":"https:\/\/brandss.com.py\/index\/wp-json\/wp\/v2\/product_cat?post=68750"},{"taxonomy":"product_tag","embeddable":true,"href":"https:\/\/brandss.com.py\/index\/wp-json\/wp\/v2\/product_tag?post=68750"}],"curies":[{"name":"wp","href":"https:\/\/api.w.org\/{rel}","templated":true}]}}