{"id":68826,"date":"2025-01-31T18:30:27","date_gmt":"2025-01-31T18:30:27","guid":{"rendered":"https:\/\/brandss.com.py\/index\/?post_type=product&#038;p=68826"},"modified":"2025-12-11T14:33:41","modified_gmt":"2025-12-11T14:33:41","slug":"perfume-femenino-zirconia-prive-princess-edp-100ml","status":"publish","type":"product","link":"https:\/\/brandss.com.py\/index\/producto\/perfume-femenino-zirconia-prive-princess-edp-100ml\/","title":{"rendered":"PERFUME FEMENINO ZIRCONIA PRIV\u00c9 PRINCESS EDP 100ML"},"content":{"rendered":"<p><img loading=\"lazy\" decoding=\"async\" class=\"\" src=\"https:\/\/res.cloudinary.com\/beleza-na-web\/image\/upload\/f_auto,fl_progressive,q_auto:best\/v1\/imagens\/brands\/zircn_64dbbb531174ca4e0b2c2d4b\/logo_logo-zircania.svg\" alt=\"Zirc\u00f4nia Priv\u00ea\" width=\"110\" height=\"110\" \/><\/p>\n<h1>PRINCESS<\/h1>\n<p><span>Una fragancia que no s\u00f3lo retrata a una mujer ejemplar, sino a una que conquista y tiene el mundo a sus pies. Una fragancia floral oriental adictiva, perfecta para esa mujer que naturalmente llama la atenci\u00f3n, una mujer que no s\u00f3lo quiere resaltar su lado dominante, sino que tambi\u00e9n busca hipnotizar a todos donde quiera que vaya. Atractivo y sofisticado, intenso y refrescante. El jazm\u00edn y su feminidad asociada al cacao y al haba tonka hacen <\/span><strong><span>Princesa <\/span><\/strong><span>Un perfume \u00fanico y misterioso. El caf\u00e9 y las almendras le dan una fragancia atrevida. La seducci\u00f3n viene de las otras flores y maderas. La princesa definitivamente hipnotiza a todos.<\/span><\/p>\n<p>&nbsp;<\/p>\n<h3>Notas Olfativas<\/h3>\n<p>&nbsp;<\/p>\n<p>El perfume Princess de\u00a0Zirconia Priv\u00e9 es una fragancia de la familia olfativa oriental floral para mujeres.<\/p>\n<ul>\n<li><strong>Notas de salida:<\/strong>\u00a0Almendra, caf\u00e9, bergamota y lim\u00f3n<\/li>\n<li><strong>Notas de coraz\u00f3n:<\/strong>\u00a0Tuberosa, jazm\u00edn sambac, orris, azahar y rosa b\u00falgara<\/li>\n<li><strong>Notas de fondo:<\/strong>\u00a0Cumar\u00fa, cacao, vainilla, pralin\u00e9, s\u00e1ndalo, \u00e1mbar, cachemira, almizcle, pachul\u00ed, canela y cedro<\/li>\n<\/ul>\n","protected":false},"excerpt":{"rendered":"<p>PRINCESS Una fragancia que no s\u00f3lo retrata a una mujer ejemplar, sino a una que conquista y tiene el mundo<\/p>\n","protected":false},"featured_media":68827,"comment_status":"open","ping_status":"closed","template":"","meta":{"nf_dc_page":""},"product_brand":[1943],"product_cat":[84],"product_tag":[1944],"class_list":{"0":"post-68826","1":"product","2":"type-product","3":"status-publish","4":"has-post-thumbnail","6":"product_brand-zirconia-prive","7":"product_cat-perfumeria","8":"product_tag-1944","10":"first","11":"outofstock","12":"shipping-taxable","13":"purchasable","14":"product-type-simple"},"_links":{"self":[{"href":"https:\/\/brandss.com.py\/index\/wp-json\/wp\/v2\/product\/68826","targetHints":{"allow":["GET"]}}],"collection":[{"href":"https:\/\/brandss.com.py\/index\/wp-json\/wp\/v2\/product"}],"about":[{"href":"https:\/\/brandss.com.py\/index\/wp-json\/wp\/v2\/types\/product"}],"replies":[{"embeddable":true,"href":"https:\/\/brandss.com.py\/index\/wp-json\/wp\/v2\/comments?post=68826"}],"version-history":[{"count":1,"href":"https:\/\/brandss.com.py\/index\/wp-json\/wp\/v2\/product\/68826\/revisions"}],"predecessor-version":[{"id":68831,"href":"https:\/\/brandss.com.py\/index\/wp-json\/wp\/v2\/product\/68826\/revisions\/68831"}],"wp:featuredmedia":[{"embeddable":true,"href":"https:\/\/brandss.com.py\/index\/wp-json\/wp\/v2\/media\/68827"}],"wp:attachment":[{"href":"https:\/\/brandss.com.py\/index\/wp-json\/wp\/v2\/media?parent=68826"}],"wp:term":[{"taxonomy":"product_brand","embeddable":true,"href":"https:\/\/brandss.com.py\/index\/wp-json\/wp\/v2\/product_brand?post=68826"},{"taxonomy":"product_cat","embeddable":true,"href":"https:\/\/brandss.com.py\/index\/wp-json\/wp\/v2\/product_cat?post=68826"},{"taxonomy":"product_tag","embeddable":true,"href":"https:\/\/brandss.com.py\/index\/wp-json\/wp\/v2\/product_tag?post=68826"}],"curies":[{"name":"wp","href":"https:\/\/api.w.org\/{rel}","templated":true}]}}