{"id":68832,"date":"2025-02-01T11:57:13","date_gmt":"2025-02-01T11:57:13","guid":{"rendered":"https:\/\/brandss.com.py\/index\/?post_type=product&#038;p=68832"},"modified":"2026-04-01T10:48:12","modified_gmt":"2026-04-01T10:48:12","slug":"perfume-femenino-zirconia-prive-forbidden-edp-100ml","status":"publish","type":"product","link":"https:\/\/brandss.com.py\/index\/producto\/perfume-femenino-zirconia-prive-forbidden-edp-100ml\/","title":{"rendered":"PERFUME FEMENINO ZIRCONIA PRIV\u00c9 FORBIDDEN EDP 100ML"},"content":{"rendered":"<p><img loading=\"lazy\" decoding=\"async\" class=\"\" src=\"https:\/\/res.cloudinary.com\/beleza-na-web\/image\/upload\/f_auto,fl_progressive,q_auto:best\/v1\/imagens\/brands\/zircn_64dbbb531174ca4e0b2c2d4b\/logo_logo-zircania.svg\" alt=\"Zirc\u00f4nia Priv\u00ea\" width=\"111\" height=\"111\" \/><\/p>\n<h1>FORBIDDEN<\/h1>\n<p><span>Es un homenaje a la mujer moderna. <\/span><span>Una fragancia femenina que evoca la b\u00fasqueda del placer, donde no hay obst\u00e1culos. Un grito de libertad, un camino sin retorno. Para la mujer atrevida, naturalmente elegante cuyo poder de seducci\u00f3n es abrumador. <\/span><span>Caracterizado por la b\u00fasqueda incesante de nuevas emociones y sensaciones, saborear lo prohibido es una forma de evitar la monoton\u00eda. Una fragancia inolvidable, adictiva e intensa, un homenaje al poder de la feminidad audaz y libre que trasciende los contrastes de la mujer femenina. \u00a1Traza un camino hacia el autodescubrimiento y la libertad!<\/span><\/p>\n<h3>Notas Olfativas<\/h3>\n<p><span>Fragancia magn\u00edfica y audaz. <\/span><span>El perfume Forbidden Eau de Parfum Zirconia Priv\u00e9 es una verdadera expresi\u00f3n de sofisticaci\u00f3n y audacia. Inspirada en la mujer moderna y empoderada, esta fragancia \u00fanica evoca la b\u00fasqueda del placer sin obst\u00e1culos. Con una composici\u00f3n rica en contrastes, Forbidden Zirconia Priv\u00e9 es la elecci\u00f3n perfecta para las mujeres que buscan una feminidad elegante y llamativa.<\/span><\/p>\n<p>El perfume Forbidden de Zirconia Priv\u00e9 es una fragancia de la familia olfativa \u00e1mbar floral para mujeres.<\/p>\n<p><span>Fragancia floral oriental atrevida y sofisticada.<\/span><\/p>\n<p><span><strong>Notas de salida:<\/strong> bergamota, pera y cereza \u00e1cida.<\/span><\/p>\n<p><span><strong>Notas de coraz\u00f3n:<\/strong> nardos, flor de naranja y jazm\u00edn sambac.<\/span><\/p>\n<p><span><strong>Notas de base:<\/strong> pachul\u00ed, vetiver, ambroxan, caramelo y vainilla.<\/span><\/p>\n","protected":false},"excerpt":{"rendered":"<p>FORBIDDEN Es un homenaje a la mujer moderna. Una fragancia femenina que evoca la b\u00fasqueda del placer, donde no hay<\/p>\n","protected":false},"featured_media":68833,"comment_status":"open","ping_status":"closed","template":"","meta":{"nf_dc_page":""},"product_brand":[1943],"product_cat":[84],"product_tag":[1945],"class_list":{"0":"post-68832","1":"product","2":"type-product","3":"status-publish","4":"has-post-thumbnail","6":"product_brand-zirconia-prive","7":"product_cat-perfumeria","8":"product_tag-1945","10":"first","11":"outofstock","12":"shipping-taxable","13":"purchasable","14":"product-type-simple"},"_links":{"self":[{"href":"https:\/\/brandss.com.py\/index\/wp-json\/wp\/v2\/product\/68832","targetHints":{"allow":["GET"]}}],"collection":[{"href":"https:\/\/brandss.com.py\/index\/wp-json\/wp\/v2\/product"}],"about":[{"href":"https:\/\/brandss.com.py\/index\/wp-json\/wp\/v2\/types\/product"}],"replies":[{"embeddable":true,"href":"https:\/\/brandss.com.py\/index\/wp-json\/wp\/v2\/comments?post=68832"}],"version-history":[{"count":1,"href":"https:\/\/brandss.com.py\/index\/wp-json\/wp\/v2\/product\/68832\/revisions"}],"predecessor-version":[{"id":68839,"href":"https:\/\/brandss.com.py\/index\/wp-json\/wp\/v2\/product\/68832\/revisions\/68839"}],"wp:featuredmedia":[{"embeddable":true,"href":"https:\/\/brandss.com.py\/index\/wp-json\/wp\/v2\/media\/68833"}],"wp:attachment":[{"href":"https:\/\/brandss.com.py\/index\/wp-json\/wp\/v2\/media?parent=68832"}],"wp:term":[{"taxonomy":"product_brand","embeddable":true,"href":"https:\/\/brandss.com.py\/index\/wp-json\/wp\/v2\/product_brand?post=68832"},{"taxonomy":"product_cat","embeddable":true,"href":"https:\/\/brandss.com.py\/index\/wp-json\/wp\/v2\/product_cat?post=68832"},{"taxonomy":"product_tag","embeddable":true,"href":"https:\/\/brandss.com.py\/index\/wp-json\/wp\/v2\/product_tag?post=68832"}],"curies":[{"name":"wp","href":"https:\/\/api.w.org\/{rel}","templated":true}]}}