{"id":68857,"date":"2025-02-01T12:27:26","date_gmt":"2025-02-01T12:27:26","guid":{"rendered":"https:\/\/brandss.com.py\/index\/?post_type=product&#038;p=68857"},"modified":"2025-12-11T14:36:02","modified_gmt":"2025-12-11T14:36:02","slug":"perfume-masculino-zirconia-prive-magnata-edp-100ml","status":"publish","type":"product","link":"https:\/\/brandss.com.py\/index\/producto\/perfume-masculino-zirconia-prive-magnata-edp-100ml\/","title":{"rendered":"PERFUME MASCULINO ZIRCONIA PRIV\u00c9 MAGNATA EDP 100ML"},"content":{"rendered":"<p><img loading=\"lazy\" decoding=\"async\" class=\"\" src=\"https:\/\/res.cloudinary.com\/beleza-na-web\/image\/upload\/f_auto,fl_progressive,q_auto:best\/v1\/imagens\/brands\/zircn_64dbbb531174ca4e0b2c2d4b\/logo_logo-zircania.svg\" alt=\"Zirc\u00f4nia Priv\u00ea\" width=\"121\" height=\"121\" \/><\/p>\n<h1>MAGNATA<\/h1>\n<p>Magnata es una fragancia masculina contempor\u00e1nea que representa el \u00e9xito del hombre decidido y seguro de s\u00ed mismo. Un elixir potente e intenso que deja una estela inconfundible all\u00e1 donde pasa, reflejo de su fondo amaderado extremadamente viril. La esencia de un hombre vanidoso y extremadamente seductor, un estratega nato, que conquista lo que quiere con su carisma y refinamiento. Tycoon representa al hombre que est\u00e1 en la cima del mundo. Un perfume masculino fresco, c\u00e1lido y moderno con una distinci\u00f3n cl\u00e1sica, basado en el misterio del cine de los a\u00f1os 40, tiene un dise\u00f1o contempor\u00e1neo que promueve un sentido de la emoci\u00f3n y un magnetismo intenso.<\/p>\n<p>&nbsp;<\/p>\n<h3>Notas Olfativas<\/h3>\n<p>&nbsp;<\/p>\n<p>El perfume Magnata de Zirconia Priv\u00e9 es una fragancia de la familia olfativa amaderada oriental para hombres.<\/p>\n<ul>\n<li><strong>Notas de salida:<\/strong>\u00a0Pomelo, menta, manzana verde y bergamota<\/li>\n<li><strong>Notas de coraz\u00f3n:<\/strong>\u00a0Azahar, lavanda, cardamomo y nuez moscada<\/li>\n<li><strong>Notas de fondo:<\/strong>\u00a0Almizcle, hoja de pachul\u00ed, madera de gaiac y madera de teca<\/li>\n<\/ul>\n","protected":false},"excerpt":{"rendered":"<p>MAGNATA Magnata es una fragancia masculina contempor\u00e1nea que representa el \u00e9xito del hombre decidido y seguro de s\u00ed mismo. Un<\/p>\n","protected":false},"featured_media":68859,"comment_status":"open","ping_status":"closed","template":"","meta":{"nf_dc_page":""},"product_brand":[1943],"product_cat":[84],"product_tag":[1948],"class_list":{"0":"post-68857","1":"product","2":"type-product","3":"status-publish","4":"has-post-thumbnail","6":"product_brand-zirconia-prive","7":"product_cat-perfumeria","8":"product_tag-1948","10":"first","11":"instock","12":"shipping-taxable","13":"purchasable","14":"product-type-simple"},"_links":{"self":[{"href":"https:\/\/brandss.com.py\/index\/wp-json\/wp\/v2\/product\/68857","targetHints":{"allow":["GET"]}}],"collection":[{"href":"https:\/\/brandss.com.py\/index\/wp-json\/wp\/v2\/product"}],"about":[{"href":"https:\/\/brandss.com.py\/index\/wp-json\/wp\/v2\/types\/product"}],"replies":[{"embeddable":true,"href":"https:\/\/brandss.com.py\/index\/wp-json\/wp\/v2\/comments?post=68857"}],"version-history":[{"count":1,"href":"https:\/\/brandss.com.py\/index\/wp-json\/wp\/v2\/product\/68857\/revisions"}],"predecessor-version":[{"id":68863,"href":"https:\/\/brandss.com.py\/index\/wp-json\/wp\/v2\/product\/68857\/revisions\/68863"}],"wp:featuredmedia":[{"embeddable":true,"href":"https:\/\/brandss.com.py\/index\/wp-json\/wp\/v2\/media\/68859"}],"wp:attachment":[{"href":"https:\/\/brandss.com.py\/index\/wp-json\/wp\/v2\/media?parent=68857"}],"wp:term":[{"taxonomy":"product_brand","embeddable":true,"href":"https:\/\/brandss.com.py\/index\/wp-json\/wp\/v2\/product_brand?post=68857"},{"taxonomy":"product_cat","embeddable":true,"href":"https:\/\/brandss.com.py\/index\/wp-json\/wp\/v2\/product_cat?post=68857"},{"taxonomy":"product_tag","embeddable":true,"href":"https:\/\/brandss.com.py\/index\/wp-json\/wp\/v2\/product_tag?post=68857"}],"curies":[{"name":"wp","href":"https:\/\/api.w.org\/{rel}","templated":true}]}}