{"id":68871,"date":"2025-02-01T12:55:41","date_gmt":"2025-02-01T12:55:41","guid":{"rendered":"https:\/\/brandss.com.py\/index\/?post_type=product&#038;p=68871"},"modified":"2025-11-28T11:19:16","modified_gmt":"2025-11-28T11:19:16","slug":"perfume-masculino-amaran-kings-queens-excellence-edp-100ml","status":"publish","type":"product","link":"https:\/\/brandss.com.py\/index\/producto\/perfume-masculino-amaran-kings-queens-excellence-edp-100ml\/","title":{"rendered":"PERFUME MASCULINO AMARAN KINGS &amp; QUEENS EXCELLENCE EDP 100ML"},"content":{"rendered":"<p><img loading=\"lazy\" decoding=\"async\" class=\"\" src=\"https:\/\/www.shoppingchina.com.py\/rails\/active_storage\/blobs\/redirect\/eyJfcmFpbHMiOnsibWVzc2FnZSI6IkJBaHBBNWovRHc9PSIsImV4cCI6bnVsbCwicHVyIjoiYmxvYl9pZCJ9fQ==--55c9bc8ed34fd89755e399a0e3913d5380e92eb0\/amaran.webp\" alt=\"PERFUME AMARAN HEAVEN RAYYAN EDP 100ML\" width=\"89\" height=\"89\" \/><\/p>\n<h1>KINGS &amp; QUEENS EXCELLENCE<\/h1>\n<p>Presentamos Amaran Kings &amp; Queens Excellence Eau De Parfum, un aroma majestuoso para hombres. Experimente la lujosa combinaci\u00f3n de fragancias, dise\u00f1ada para exudar elegancia y sofisticaci\u00f3n. Reina en cualquier habitaci\u00f3n con confianza y carisma. Una fragancia arom\u00e1tica cautivadora que captura los sentidos con su salvaje pero encantador choque de notas c\u00edtricas y dulces, creando as\u00ed Kings &amp; Queens Excellence , un aroma poderoso para un hombre masculino sofisticado.<\/p>\n<p>&nbsp;<\/p>\n<h3>Notas Olfativas<\/h3>\n<p>&nbsp;<\/p>\n<p>El perfume Amaran Kings &amp; Queens Excellence es una fragancia de la familia olfativa oriental amaderada para hombres.<\/p>\n<ul>\n<li><strong>Notas de salida:<\/strong>\u00a0Lim\u00f3n y salvia<\/li>\n<li><strong>Notas de coraz\u00f3n:<\/strong>\u00a0Canela, pralin\u00e9, cardamomo negro y b\u00e1lsamo de Tol\u00fa<\/li>\n<li><strong>Notas de fondo:<\/strong>\u00a0Pachul\u00ed, \u00e1mbar negro y palo de rosa de Brasil<\/li>\n<\/ul>\n","protected":false},"excerpt":{"rendered":"<p>KINGS &amp; QUEENS EXCELLENCE Presentamos Amaran Kings &amp; Queens Excellence Eau De Parfum, un aroma majestuoso para hombres. Experimente la<\/p>\n","protected":false},"featured_media":68874,"comment_status":"open","ping_status":"closed","template":"","meta":{"nf_dc_page":""},"product_brand":[1537],"product_cat":[84],"product_tag":[1536],"class_list":{"0":"post-68871","1":"product","2":"type-product","3":"status-publish","4":"has-post-thumbnail","6":"product_brand-amaran","7":"product_cat-perfumeria","8":"product_tag-1536","10":"first","11":"outofstock","12":"sale","13":"shipping-taxable","14":"purchasable","15":"product-type-simple"},"_links":{"self":[{"href":"https:\/\/brandss.com.py\/index\/wp-json\/wp\/v2\/product\/68871","targetHints":{"allow":["GET"]}}],"collection":[{"href":"https:\/\/brandss.com.py\/index\/wp-json\/wp\/v2\/product"}],"about":[{"href":"https:\/\/brandss.com.py\/index\/wp-json\/wp\/v2\/types\/product"}],"replies":[{"embeddable":true,"href":"https:\/\/brandss.com.py\/index\/wp-json\/wp\/v2\/comments?post=68871"}],"version-history":[{"count":1,"href":"https:\/\/brandss.com.py\/index\/wp-json\/wp\/v2\/product\/68871\/revisions"}],"predecessor-version":[{"id":68878,"href":"https:\/\/brandss.com.py\/index\/wp-json\/wp\/v2\/product\/68871\/revisions\/68878"}],"wp:featuredmedia":[{"embeddable":true,"href":"https:\/\/brandss.com.py\/index\/wp-json\/wp\/v2\/media\/68874"}],"wp:attachment":[{"href":"https:\/\/brandss.com.py\/index\/wp-json\/wp\/v2\/media?parent=68871"}],"wp:term":[{"taxonomy":"product_brand","embeddable":true,"href":"https:\/\/brandss.com.py\/index\/wp-json\/wp\/v2\/product_brand?post=68871"},{"taxonomy":"product_cat","embeddable":true,"href":"https:\/\/brandss.com.py\/index\/wp-json\/wp\/v2\/product_cat?post=68871"},{"taxonomy":"product_tag","embeddable":true,"href":"https:\/\/brandss.com.py\/index\/wp-json\/wp\/v2\/product_tag?post=68871"}],"curies":[{"name":"wp","href":"https:\/\/api.w.org\/{rel}","templated":true}]}}