{"id":68892,"date":"2025-02-01T13:09:19","date_gmt":"2025-02-01T13:09:19","guid":{"rendered":"https:\/\/brandss.com.py\/index\/?post_type=product&#038;p=68892"},"modified":"2026-03-30T11:45:54","modified_gmt":"2026-03-30T11:45:54","slug":"perfume-masculino-amaran-kings-queens-ethos-edp-100ml","status":"publish","type":"product","link":"https:\/\/brandss.com.py\/index\/producto\/perfume-masculino-amaran-kings-queens-ethos-edp-100ml\/","title":{"rendered":"PERFUME MASCULINO AMARAN KINGS &amp; QUEENS ETHOS EDP 100ML"},"content":{"rendered":"<p><img loading=\"lazy\" decoding=\"async\" class=\"\" src=\"https:\/\/www.shoppingchina.com.py\/rails\/active_storage\/blobs\/redirect\/eyJfcmFpbHMiOnsibWVzc2FnZSI6IkJBaHBBNWovRHc9PSIsImV4cCI6bnVsbCwicHVyIjoiYmxvYl9pZCJ9fQ==--55c9bc8ed34fd89755e399a0e3913d5380e92eb0\/amaran.webp\" alt=\"PERFUME AMARAN HEAVEN RAYYAN EDP 100ML\" width=\"112\" height=\"112\" \/><\/p>\n<h1>KINGS &amp; QUEENS ETHOS<\/h1>\n<p><span>Este perfume es una firma intensamente refrescante y viril para hombres triunfantes y seductores. Kings &amp; Queens Ethos Eau de Parfum combina notas vibrantes y sofisticadas en una composici\u00f3n que crea una presencia distintiva.<\/span><br \/>\n<span>La fragancia se abre con una explosi\u00f3n energizante de menta, manzana verde y lim\u00f3n, captando inmediatamente la atenci\u00f3n con su vivacidad y frescura. En el coraz\u00f3n, un toque adictivo de haba tonka, ambroxan y geranio a\u00f1ade profundidad y sofisticaci\u00f3n a la fragancia.<\/span><br \/>\n<span>Finalmente, una base sensual de vainilla, cedro, vetiver y musgo de roble completa la composici\u00f3n, dejando una estela irresistible y duradera. Kings &amp; Queens Ethos es el perfume ideal para aquellos hombres que quieren expresar su personalidad llamativa en cualquier situaci\u00f3n. Perfecto para el clubbing, el arte de la seducci\u00f3n y las mejores fiestas. Dise\u00f1ado para dejar una huella inolvidable en todos los sentidos.<img decoding=\"async\" class=\"alignleft\" src=\"https:\/\/ng.jumia.is\/unsafe\/fit-in\/500x500\/filters:fill(white)\/product\/59\/7547502\/1.jpg?2667\" \/><\/span><\/p>\n<p>&nbsp;<\/p>\n<h3>Notas Olfativas<\/h3>\n<p>&nbsp;<\/p>\n<p>Ethos For Men una fragancia que decodifica la realidad a trav\u00e9s de sus sensacionales notas para crear un elixir de sue\u00f1os cautivador y misterioso. Con una botella de ensue\u00f1o y un aroma sensacional.<\/p>\n<p><span>El perfume Amaran Kings &amp; Queens Ethos es una fragancia de la familia olfativa arom\u00e1tica foug\u00e8re para hombres.<\/span><\/p>\n<ul>\n<li><strong><span>Notas de salida:<\/span><\/strong><span>\u00a0Lim\u00f3n, menta y manzana verde.<\/span><\/li>\n<li><strong><span>Notas de coraz\u00f3n:<\/span><\/strong><span>\u00a0haba tonka y geranio<\/span><\/li>\n<li><strong><span>Notas de fondo:<\/span><\/strong><span>\u00a0vainilla, cedro, vetiver y musgo de roble.<\/span><\/li>\n<\/ul>\n","protected":false},"excerpt":{"rendered":"<p>KINGS &amp; QUEENS ETHOS Este perfume es una firma intensamente refrescante y viril para hombres triunfantes y seductores. Kings &amp;<\/p>\n","protected":false},"featured_media":68896,"comment_status":"open","ping_status":"closed","template":"","meta":{"nf_dc_page":""},"product_brand":[1537],"product_cat":[84],"product_tag":[1951],"class_list":{"0":"post-68892","1":"product","2":"type-product","3":"status-publish","4":"has-post-thumbnail","6":"product_brand-amaran","7":"product_cat-perfumeria","8":"product_tag-1951","10":"first","11":"instock","12":"shipping-taxable","13":"purchasable","14":"product-type-simple"},"_links":{"self":[{"href":"https:\/\/brandss.com.py\/index\/wp-json\/wp\/v2\/product\/68892","targetHints":{"allow":["GET"]}}],"collection":[{"href":"https:\/\/brandss.com.py\/index\/wp-json\/wp\/v2\/product"}],"about":[{"href":"https:\/\/brandss.com.py\/index\/wp-json\/wp\/v2\/types\/product"}],"replies":[{"embeddable":true,"href":"https:\/\/brandss.com.py\/index\/wp-json\/wp\/v2\/comments?post=68892"}],"version-history":[{"count":1,"href":"https:\/\/brandss.com.py\/index\/wp-json\/wp\/v2\/product\/68892\/revisions"}],"predecessor-version":[{"id":68901,"href":"https:\/\/brandss.com.py\/index\/wp-json\/wp\/v2\/product\/68892\/revisions\/68901"}],"wp:featuredmedia":[{"embeddable":true,"href":"https:\/\/brandss.com.py\/index\/wp-json\/wp\/v2\/media\/68896"}],"wp:attachment":[{"href":"https:\/\/brandss.com.py\/index\/wp-json\/wp\/v2\/media?parent=68892"}],"wp:term":[{"taxonomy":"product_brand","embeddable":true,"href":"https:\/\/brandss.com.py\/index\/wp-json\/wp\/v2\/product_brand?post=68892"},{"taxonomy":"product_cat","embeddable":true,"href":"https:\/\/brandss.com.py\/index\/wp-json\/wp\/v2\/product_cat?post=68892"},{"taxonomy":"product_tag","embeddable":true,"href":"https:\/\/brandss.com.py\/index\/wp-json\/wp\/v2\/product_tag?post=68892"}],"curies":[{"name":"wp","href":"https:\/\/api.w.org\/{rel}","templated":true}]}}