{"id":68917,"date":"2025-02-01T13:26:56","date_gmt":"2025-02-01T13:26:56","guid":{"rendered":"https:\/\/brandss.com.py\/index\/?post_type=product&#038;p=68917"},"modified":"2026-03-30T11:46:20","modified_gmt":"2026-03-30T11:46:20","slug":"perfume-masculino-amaran-kings-queens-elixir-edp-100ml","status":"publish","type":"product","link":"https:\/\/brandss.com.py\/index\/producto\/perfume-masculino-amaran-kings-queens-elixir-edp-100ml\/","title":{"rendered":"PERFUME MASCULINO AMARAN KINGS &amp; QUEENS ELIXIR EDP 100ML"},"content":{"rendered":"<p><img loading=\"lazy\" decoding=\"async\" class=\"\" src=\"https:\/\/www.shoppingchina.com.py\/rails\/active_storage\/blobs\/redirect\/eyJfcmFpbHMiOnsibWVzc2FnZSI6IkJBaHBBNWovRHc9PSIsImV4cCI6bnVsbCwicHVyIjoiYmxvYl9pZCJ9fQ==--55c9bc8ed34fd89755e399a0e3913d5380e92eb0\/amaran.webp\" alt=\"PERFUME AMARAN HEAVEN RAYYAN EDP 100ML\" width=\"127\" height=\"127\" \/><\/p>\n<h1>KINGS &amp; QUEENS ELIXIR<\/h1>\n<p>Descubre la esencia de la realeza con KINGS &amp; QUEENS ELIXIR, un perfume que te transportar\u00e1 a un mundo de lujo y sofisticaci\u00f3n. Este exquisito perfume pertenece a la familia olfativa floral frutal, perfecto para aquellas personas que buscan destacar su elegancia y distinci\u00f3n en cualquier ocasi\u00f3n. Con este perfume podr\u00e1s sentirte seguro y poderoso, ya que su fragancia \u00fanica y duradera te acompa\u00f1ar\u00e1 a lo largo del d\u00eda, dejando una estela inolvidable a tu paso, es ideal para hombres\u00a0que desean resaltar su personalidad y dejar una impresi\u00f3n imborrable en quienes los rodean. Con este perfume podr\u00e1s conquistar cualquier situaci\u00f3n, ya sea una reuni\u00f3n de negocios, una cita rom\u00e1ntica o una salida con amigos. No pierdas la oportunidad de experimentar la sensaci\u00f3n de ser parte de la realeza con este perfume exclusivo que te har\u00e1 sentir \u00fanico y especial en todo momento.<\/p>\n<p>Recomendamos KINGS &amp; QUEENS ELIXIR\u00a0para aquellas personas que desean destacar su elegancia y distinci\u00f3n en cualquier estaci\u00f3n del a\u00f1o, ya que su fragancia vers\u00e1til se adapta perfectamente a la primavera, verano, oto\u00f1o e invierno.<\/p>\n<p>&nbsp;<\/p>\n<h3>Notas Olfativas<\/h3>\n<p>&nbsp;<\/p>\n<p>El perfume Amaran Kings &amp; Queens Elixir es una fragancia de la familia olfativa amaderada arom\u00e1tica para hombres.<\/p>\n<ul>\n<li><strong>Notas de salida:<\/strong>\u00a0Bergamota, canela, nuez moscada y cardamomo<\/li>\n<li><strong>Notas de coraz\u00f3n:<\/strong>\u00a0Pomelo y lavanda<\/li>\n<li><strong>Notas de fondo:<\/strong>\u00a0S\u00e1ndalo, \u00e1mbar, pachul\u00ed, regaliz, haitiano y vetiver<\/li>\n<\/ul>\n","protected":false},"excerpt":{"rendered":"<p>KINGS &amp; QUEENS ELIXIR Descubre la esencia de la realeza con KINGS &amp; QUEENS ELIXIR, un perfume que te transportar\u00e1<\/p>\n","protected":false},"featured_media":68920,"comment_status":"open","ping_status":"closed","template":"","meta":{"nf_dc_page":""},"product_brand":[1537],"product_cat":[84],"product_tag":[1953],"class_list":{"0":"post-68917","1":"product","2":"type-product","3":"status-publish","4":"has-post-thumbnail","6":"product_brand-amaran","7":"product_cat-perfumeria","8":"product_tag-1953","10":"first","11":"instock","12":"sale","13":"shipping-taxable","14":"purchasable","15":"product-type-simple"},"_links":{"self":[{"href":"https:\/\/brandss.com.py\/index\/wp-json\/wp\/v2\/product\/68917","targetHints":{"allow":["GET"]}}],"collection":[{"href":"https:\/\/brandss.com.py\/index\/wp-json\/wp\/v2\/product"}],"about":[{"href":"https:\/\/brandss.com.py\/index\/wp-json\/wp\/v2\/types\/product"}],"replies":[{"embeddable":true,"href":"https:\/\/brandss.com.py\/index\/wp-json\/wp\/v2\/comments?post=68917"}],"version-history":[{"count":1,"href":"https:\/\/brandss.com.py\/index\/wp-json\/wp\/v2\/product\/68917\/revisions"}],"predecessor-version":[{"id":68923,"href":"https:\/\/brandss.com.py\/index\/wp-json\/wp\/v2\/product\/68917\/revisions\/68923"}],"wp:featuredmedia":[{"embeddable":true,"href":"https:\/\/brandss.com.py\/index\/wp-json\/wp\/v2\/media\/68920"}],"wp:attachment":[{"href":"https:\/\/brandss.com.py\/index\/wp-json\/wp\/v2\/media?parent=68917"}],"wp:term":[{"taxonomy":"product_brand","embeddable":true,"href":"https:\/\/brandss.com.py\/index\/wp-json\/wp\/v2\/product_brand?post=68917"},{"taxonomy":"product_cat","embeddable":true,"href":"https:\/\/brandss.com.py\/index\/wp-json\/wp\/v2\/product_cat?post=68917"},{"taxonomy":"product_tag","embeddable":true,"href":"https:\/\/brandss.com.py\/index\/wp-json\/wp\/v2\/product_tag?post=68917"}],"curies":[{"name":"wp","href":"https:\/\/api.w.org\/{rel}","templated":true}]}}