{"id":68931,"date":"2025-02-01T13:39:59","date_gmt":"2025-02-01T13:39:59","guid":{"rendered":"https:\/\/brandss.com.py\/index\/?post_type=product&#038;p=68931"},"modified":"2026-03-30T11:46:38","modified_gmt":"2026-03-30T11:46:38","slug":"perfume-femenino-amaran-kings-queens-pure-aruba-edp-100ml","status":"publish","type":"product","link":"https:\/\/brandss.com.py\/index\/producto\/perfume-femenino-amaran-kings-queens-pure-aruba-edp-100ml\/","title":{"rendered":"PERFUME FEMENINO AMARAN KINGS &amp; QUEENS PURE ARUBA EDP 100ML"},"content":{"rendered":"<p><img loading=\"lazy\" decoding=\"async\" class=\"\" src=\"https:\/\/www.shoppingchina.com.py\/rails\/active_storage\/blobs\/redirect\/eyJfcmFpbHMiOnsibWVzc2FnZSI6IkJBaHBBNWovRHc9PSIsImV4cCI6bnVsbCwicHVyIjoiYmxvYl9pZCJ9fQ==--55c9bc8ed34fd89755e399a0e3913d5380e92eb0\/amaran.webp\" alt=\"PERFUME AMARAN HEAVEN RAYYAN EDP 100ML\" width=\"116\" height=\"116\" \/><\/p>\n<h1>KINGS &amp; QUEENS PURE ARUBA<\/h1>\n<div><span>Es una fragancia que encapsula el esp\u00edritu del para\u00edso tropical y la feminidad moderna. Este cautivador aroma, presentado en un elegante frasco, se abre con una deliciosa explosi\u00f3n de notas de salida que transportan inmediatamente los sentidos a una isla ba\u00f1ada por el sol.<\/span><\/div>\n<div><span>A medida que la fragancia evoluciona, revela un coraz\u00f3n lleno de notas delicadas y seductoras, creando un ramo armonioso que encarna la esencia del encanto y el atractivo ex\u00f3ticos. Estas notas de coraz\u00f3n a\u00f1aden profundidad y complejidad, evocando una sensaci\u00f3n de belleza y sofisticaci\u00f3n atemporales.<img loading=\"lazy\" decoding=\"async\" class=\"alignleft\" src=\"https:\/\/cdn.dooca.store\/3359\/products\/w4xvpdcey6aqxlpny5bowyrqxmprmkr6gnkg_1600x1600+fill_ffffff.png?v=1720557190\" width=\"740\" height=\"740\" \/><\/span><\/div>\n<div><span>A medida que el aroma permanece en la piel, las notas de fondo de Kings &amp; Queens Pure Aruba brindan una impresi\u00f3n c\u00e1lida y duradera, dejando una estela inolvidable de elegancia y gracia. Este perfume es la opci\u00f3n ideal para la mujer contempor\u00e1nea que busca dejar una impresi\u00f3n duradera con un aroma que sea a la vez cautivador y refinado, evocando la esencia de un para\u00edso tropical. Realza tu presencia con el aroma encantador y duradero de Kings &amp; Queens Pure Aruba de AMARAN.<\/span><\/div>\n<div><\/div>\n<h3>Notas Olfativas<\/h3>\n<div>\n<p>Descubra la esencia del para\u00edso con\u00a0Kings &amp; Queens Pure Aruba , un perfume que encapsula la belleza tropical de la isla de Aruba. La combinaci\u00f3n de notas c\u00edtricas frescas y frutas ex\u00f3ticas proporciona una experiencia olfativa vibrante y lujosa.\u00a0Para las mujeres que buscan un perfume que refleje serenidad y frescura tropical,\u00a0Pure Aruba\u00a0es la elecci\u00f3n perfecta, con una estela duradera de vainilla y \u00e1mbar.<\/p>\n<p>Despierta tus sentidos y ll\u00e9vate un trocito de para\u00edso contigo. \u00a1Obt\u00e9n\u00a0Kings &amp; Queens Pure Aruba<span>\u00a0ahora y disfruta de la gracia tropical todos los d\u00edas!<\/span><\/p>\n<p>El perfume Amaran Kings &amp; Queens Pure Aruba es una fragancia de la familia olfativa \u00e1mbar frutal para mujeres.<\/p>\n<ul>\n<li><strong>Notas de salida:<\/strong>\u00a0Bergamota, lim\u00f3n y naranja<\/li>\n<li><strong>Notas de coraz\u00f3n:<\/strong>\u00a0Frutas<\/li>\n<li><strong>Notas de fondo:\u00a0<\/strong>Almizcle blanco, vainilla de Madagascar y \u00e1mbar<\/li>\n<\/ul>\n<\/div>\n","protected":false},"excerpt":{"rendered":"<p>KINGS &amp; QUEENS PURE ARUBA Es una fragancia que encapsula el esp\u00edritu del para\u00edso tropical y la feminidad moderna. Este<\/p>\n","protected":false},"featured_media":68933,"comment_status":"open","ping_status":"closed","template":"","meta":{"nf_dc_page":""},"product_brand":[1537],"product_cat":[84],"product_tag":[1549],"class_list":{"0":"post-68931","1":"product","2":"type-product","3":"status-publish","4":"has-post-thumbnail","6":"product_brand-amaran","7":"product_cat-perfumeria","8":"product_tag-1549","10":"first","11":"instock","12":"sale","13":"shipping-taxable","14":"purchasable","15":"product-type-simple"},"_links":{"self":[{"href":"https:\/\/brandss.com.py\/index\/wp-json\/wp\/v2\/product\/68931","targetHints":{"allow":["GET"]}}],"collection":[{"href":"https:\/\/brandss.com.py\/index\/wp-json\/wp\/v2\/product"}],"about":[{"href":"https:\/\/brandss.com.py\/index\/wp-json\/wp\/v2\/types\/product"}],"replies":[{"embeddable":true,"href":"https:\/\/brandss.com.py\/index\/wp-json\/wp\/v2\/comments?post=68931"}],"version-history":[{"count":1,"href":"https:\/\/brandss.com.py\/index\/wp-json\/wp\/v2\/product\/68931\/revisions"}],"predecessor-version":[{"id":68937,"href":"https:\/\/brandss.com.py\/index\/wp-json\/wp\/v2\/product\/68931\/revisions\/68937"}],"wp:featuredmedia":[{"embeddable":true,"href":"https:\/\/brandss.com.py\/index\/wp-json\/wp\/v2\/media\/68933"}],"wp:attachment":[{"href":"https:\/\/brandss.com.py\/index\/wp-json\/wp\/v2\/media?parent=68931"}],"wp:term":[{"taxonomy":"product_brand","embeddable":true,"href":"https:\/\/brandss.com.py\/index\/wp-json\/wp\/v2\/product_brand?post=68931"},{"taxonomy":"product_cat","embeddable":true,"href":"https:\/\/brandss.com.py\/index\/wp-json\/wp\/v2\/product_cat?post=68931"},{"taxonomy":"product_tag","embeddable":true,"href":"https:\/\/brandss.com.py\/index\/wp-json\/wp\/v2\/product_tag?post=68931"}],"curies":[{"name":"wp","href":"https:\/\/api.w.org\/{rel}","templated":true}]}}