{"id":68946,"date":"2025-02-01T13:48:07","date_gmt":"2025-02-01T13:48:07","guid":{"rendered":"https:\/\/brandss.com.py\/index\/?post_type=product&#038;p=68946"},"modified":"2025-02-01T16:06:16","modified_gmt":"2025-02-01T16:06:16","slug":"hervidor-dsp-electrico-1-8l","status":"publish","type":"product","link":"https:\/\/brandss.com.py\/index\/producto\/hervidor-dsp-electrico-1-8l\/","title":{"rendered":"HERVIDOR DSP TRANSPARENTE EL\u00c9CTRICO 1.8L"},"content":{"rendered":"<article class=\"w-full text-token-text-primary focus-visible:outline-2 focus-visible:outline-offset-[-4px]\" dir=\"auto\" data-testid=\"conversation-turn-112\" data-scroll-anchor=\"false\">\n<div class=\"m-auto text-base py-[18px] px-3 md:px-4 w-full md:px-5 lg:px-4 xl:px-5\">\n<div class=\"mx-auto flex flex-1 gap-4 text-base md:gap-5 lg:gap-6 md:max-w-3xl lg:max-w-[40rem] xl:max-w-[48rem]\">\n<div class=\"group\/conversation-turn relative flex w-full min-w-0 flex-col\">\n<div class=\"flex-col gap-1 md:gap-3\">\n<div class=\"flex max-w-full flex-col flex-grow\">\n<div class=\"min-h-8 text-message flex w-full flex-col items-end gap-2 whitespace-normal break-words text-start [.text-message+&amp;]:mt-5\" dir=\"auto\" data-message-author-role=\"user\" data-message-id=\"6455de6d-6e51-4d96-9de6-b025884a06a2\">\n<div class=\"flex w-full flex-col gap-1 empty:hidden items-end rtl:items-start\">\n<div class=\"relative max-w-[var(--user-chat-width,70%)] rounded-3xl bg-token-message-surface px-5 py-2.5\"><\/div>\n<\/div>\n<\/div>\n<\/div>\n<\/div>\n<\/div>\n<\/div>\n<\/div>\n<\/article>\n<article class=\"w-full text-token-text-primary focus-visible:outline-2 focus-visible:outline-offset-[-4px]\" dir=\"auto\" data-testid=\"conversation-turn-113\" data-scroll-anchor=\"true\">\n<div class=\"m-auto text-base py-[18px] px-3 md:px-4 w-full md:px-5 lg:px-4 xl:px-5\">\n<div class=\"mx-auto flex flex-1 gap-4 text-base md:gap-5 lg:gap-6 md:max-w-3xl lg:max-w-[40rem] xl:max-w-[48rem]\">\n<div class=\"flex-shrink-0 flex flex-col relative items-end\">\n<div>\n<div class=\"pt-0\">\n<div class=\"gizmo-bot-avatar flex h-8 w-8 items-center justify-center overflow-hidden rounded-full\">\n<h1><img loading=\"lazy\" decoding=\"async\" class=\"\" src=\"https:\/\/api.patentes-y-marcas.com\/uploads\/BOPIBrand_imagen\/dsp-a016000127.jpg\" width=\"228\" height=\"95\" \/><\/h1>\n<h1 class=\"relative p-1 rounded-sm flex items-center justify-center bg-token-main-surface-primary text-token-text-primary h-8 w-8\">KK1129<\/h1>\n<\/div>\n<\/div>\n<\/div>\n<\/div>\n<div class=\"group\/conversation-turn relative flex w-full min-w-0 flex-col agent-turn\">\n<div class=\"flex-col gap-1 md:gap-3\">\n<div class=\"flex max-w-full flex-col flex-grow\">\n<div class=\"min-h-8 text-message flex w-full flex-col items-end gap-2 whitespace-normal break-words text-start [.text-message+&amp;]:mt-5\" dir=\"auto\" data-message-author-role=\"assistant\" data-message-id=\"e64747c3-c33d-4796-80f0-1a157e85a39c\" data-message-model-slug=\"gpt-4o\">\n<div class=\"flex w-full flex-col gap-1 empty:hidden first:pt-[3px]\">\n<div class=\"markdown prose w-full break-words dark:prose-invert light\">\n<p>El hervidor el\u00e9ctrico DSP modelo KK1129 es un electrodom\u00e9stico dise\u00f1ado para calentar agua de manera r\u00e1pida y eficiente. A continuaci\u00f3n, se detallan sus principales caracter\u00edsticas:<\/p>\n<p><strong>Caracter\u00edsticas principales:<\/strong><\/p>\n<ul>\n<li><strong>Capacidad:<\/strong> 1.8 litros<\/li>\n<li><strong>Potencia:<\/strong> 1850-2200W<\/li>\n<li><strong>Voltaje:<\/strong> 220-240V~50\/60Hz<\/li>\n<li><strong>Material:<\/strong> Cuerpo de vidrio transparente con elementos de acero inoxidable<\/li>\n<li><strong>Base giratoria:<\/strong> 360 grados, facilitando su uso desde cualquier \u00e1ngulo<\/li>\n<li><strong>Indicador luminoso:<\/strong> Luz piloto que indica cuando el hervidor est\u00e1 en funcionamiento<\/li>\n<li><strong>Protecciones de seguridad:<\/strong>\n<ul>\n<li>Apagado autom\u00e1tico al hervir el agua<\/li>\n<li>Protecci\u00f3n contra sobrecalentamiento<\/li>\n<li>Protecci\u00f3n contra ebullici\u00f3n en seco<\/li>\n<\/ul>\n<\/li>\n<li><strong>Interruptor de encendido\/apagado:<\/strong> F\u00e1cil acceso para un manejo sencillo<\/li>\n<li><strong>Tapa abatible:<\/strong> Facilita el llenado y la limpieza<\/li>\n<\/ul>\n<p>Este hervidor combina funcionalidad y dise\u00f1o moderno, ofreciendo una forma segura y r\u00e1pida de hervir agua para t\u00e9, caf\u00e9 u otras bebidas calientes. Su construcci\u00f3n en vidrio transparente permite visualizar el proceso de ebullici\u00f3n, a\u00f1adiendo un toque est\u00e9tico a su cocina.<\/p>\n<\/div>\n<\/div>\n<\/div>\n<\/div>\n<\/div>\n<\/div>\n<\/div>\n<\/div>\n<\/article>\n","protected":false},"excerpt":{"rendered":"<p>KK1129 El hervidor el\u00e9ctrico DSP modelo KK1129 es un electrodom\u00e9stico dise\u00f1ado para calentar agua de manera r\u00e1pida y eficiente. A<\/p>\n","protected":false},"featured_media":68948,"comment_status":"open","ping_status":"closed","template":"","meta":{"nf_dc_page":""},"product_brand":[],"product_cat":[83],"product_tag":[],"class_list":{"0":"post-68946","1":"product","2":"type-product","3":"status-publish","4":"has-post-thumbnail","6":"product_cat-hogar","8":"first","9":"instock","10":"shipping-taxable","11":"purchasable","12":"product-type-simple"},"_links":{"self":[{"href":"https:\/\/brandss.com.py\/index\/wp-json\/wp\/v2\/product\/68946","targetHints":{"allow":["GET"]}}],"collection":[{"href":"https:\/\/brandss.com.py\/index\/wp-json\/wp\/v2\/product"}],"about":[{"href":"https:\/\/brandss.com.py\/index\/wp-json\/wp\/v2\/types\/product"}],"replies":[{"embeddable":true,"href":"https:\/\/brandss.com.py\/index\/wp-json\/wp\/v2\/comments?post=68946"}],"version-history":[{"count":2,"href":"https:\/\/brandss.com.py\/index\/wp-json\/wp\/v2\/product\/68946\/revisions"}],"predecessor-version":[{"id":69040,"href":"https:\/\/brandss.com.py\/index\/wp-json\/wp\/v2\/product\/68946\/revisions\/69040"}],"wp:featuredmedia":[{"embeddable":true,"href":"https:\/\/brandss.com.py\/index\/wp-json\/wp\/v2\/media\/68948"}],"wp:attachment":[{"href":"https:\/\/brandss.com.py\/index\/wp-json\/wp\/v2\/media?parent=68946"}],"wp:term":[{"taxonomy":"product_brand","embeddable":true,"href":"https:\/\/brandss.com.py\/index\/wp-json\/wp\/v2\/product_brand?post=68946"},{"taxonomy":"product_cat","embeddable":true,"href":"https:\/\/brandss.com.py\/index\/wp-json\/wp\/v2\/product_cat?post=68946"},{"taxonomy":"product_tag","embeddable":true,"href":"https:\/\/brandss.com.py\/index\/wp-json\/wp\/v2\/product_tag?post=68946"}],"curies":[{"name":"wp","href":"https:\/\/api.w.org\/{rel}","templated":true}]}}