{"id":68951,"date":"2025-02-01T13:54:40","date_gmt":"2025-02-01T13:54:40","guid":{"rendered":"https:\/\/brandss.com.py\/index\/?post_type=product&#038;p=68951"},"modified":"2026-03-30T11:45:25","modified_gmt":"2026-03-30T11:45:25","slug":"perfume-femenino-amaran-kings-queens-blossom-edp-100ml","status":"publish","type":"product","link":"https:\/\/brandss.com.py\/index\/producto\/perfume-femenino-amaran-kings-queens-blossom-edp-100ml\/","title":{"rendered":"PERFUME FEMENINO AMARAN KINGS &amp; QUEENS BLOSSOM EDP 100ML"},"content":{"rendered":"<p><img loading=\"lazy\" decoding=\"async\" class=\"\" src=\"https:\/\/www.shoppingchina.com.py\/rails\/active_storage\/blobs\/redirect\/eyJfcmFpbHMiOnsibWVzc2FnZSI6IkJBaHBBNWovRHc9PSIsImV4cCI6bnVsbCwicHVyIjoiYmxvYl9pZCJ9fQ==--55c9bc8ed34fd89755e399a0e3913d5380e92eb0\/amaran.webp\" alt=\"PERFUME AMARAN HEAVEN RAYYAN EDP 100ML\" width=\"90\" height=\"90\" \/><\/p>\n<h1>KINGS &amp; QUEENS BLOSSOM<\/h1>\n<p>Blossom se cre\u00f3 para desplegarse como su nombre indica, capturando el rico aroma de un jard\u00edn floreciente lleno de abundantes flores. El nardo y el jazm\u00edn se combinan con la Rang\u00fan Creeper, una flor \u00fanica descubierta en el sur de la India, que se est\u00e1 utilizando por primera vez en perfumer\u00eda para crear una fragancia rica que transporta a quien la usa a un jard\u00edn imaginario. <img decoding=\"async\" class=\"alignleft\" src=\"https:\/\/scontent.fagt1-1.fna.fbcdn.net\/v\/t39.30808-6\/452315750_801699038806516_8926040259785108574_n.jpg?stp=dst-jpg_s600x600_tt6&amp;_nc_cat=107&amp;ccb=1-7&amp;_nc_sid=127cfc&amp;_nc_ohc=evwWmgVsMT4Q7kNvgHsWmmK&amp;_nc_oc=AdiVX-k_pSc--GuKOHw9tCfNQ5OJDA79pRH1hlquOSibQHv1bG9PIeB3v3vm10zgDX8&amp;_nc_zt=23&amp;_nc_ht=scontent.fagt1-1.fna&amp;_nc_gid=Ag830O_I2lFa5nOsJwQI6Nc&amp;oh=00_AYAKswy0gOkbf4AlRZ-pYqWDEKRfhmfWpHjL-tddW1OmMQ&amp;oe=67A3E914\" \/><\/p>\n<p>Un perfume cautivador que despierta los sentidos con sus notas frescas. Una fragancia \u00fanica que envuelve elegancia y misterio. Es un perfume con aroma muy sensual y arom\u00e1tico que encantar\u00e1 a todo aquel que tenga gusto por los buenos perfumes. Una combinaci\u00f3n de acordes florales y amaderados forma las notas altas, medias y bajas.<\/p>\n<p>&nbsp;<\/p>\n<h3>Notas Olfativas<\/h3>\n<p>&nbsp;<\/p>\n<p>El perfume Amaran Kings &amp; Queens Blossom es una fragancia de la familia olfativa oriental floral para mujeres.<\/p>\n<ul>\n<li><strong>Notas de salida:<\/strong>\u00a0Nardo, clavo y nota verde<\/li>\n<li><strong>Notas de coraz\u00f3n:<\/strong>\u00a0Jazm\u00edn y nota acu\u00e1tica<\/li>\n<li><strong>Notas de fondo:\u00a0<\/strong>\u00c1mbar y almizcle<\/li>\n<\/ul>\n","protected":false},"excerpt":{"rendered":"<p>KINGS &amp; QUEENS BLOSSOM Blossom se cre\u00f3 para desplegarse como su nombre indica, capturando el rico aroma de un jard\u00edn<\/p>\n","protected":false},"featured_media":68956,"comment_status":"open","ping_status":"closed","template":"","meta":{"nf_dc_page":""},"product_brand":[1537],"product_cat":[84],"product_tag":[1955],"class_list":{"0":"post-68951","1":"product","2":"type-product","3":"status-publish","4":"has-post-thumbnail","6":"product_brand-amaran","7":"product_cat-perfumeria","8":"product_tag-1955","10":"first","11":"outofstock","12":"shipping-taxable","13":"purchasable","14":"product-type-simple"},"_links":{"self":[{"href":"https:\/\/brandss.com.py\/index\/wp-json\/wp\/v2\/product\/68951","targetHints":{"allow":["GET"]}}],"collection":[{"href":"https:\/\/brandss.com.py\/index\/wp-json\/wp\/v2\/product"}],"about":[{"href":"https:\/\/brandss.com.py\/index\/wp-json\/wp\/v2\/types\/product"}],"replies":[{"embeddable":true,"href":"https:\/\/brandss.com.py\/index\/wp-json\/wp\/v2\/comments?post=68951"}],"version-history":[{"count":1,"href":"https:\/\/brandss.com.py\/index\/wp-json\/wp\/v2\/product\/68951\/revisions"}],"predecessor-version":[{"id":68962,"href":"https:\/\/brandss.com.py\/index\/wp-json\/wp\/v2\/product\/68951\/revisions\/68962"}],"wp:featuredmedia":[{"embeddable":true,"href":"https:\/\/brandss.com.py\/index\/wp-json\/wp\/v2\/media\/68956"}],"wp:attachment":[{"href":"https:\/\/brandss.com.py\/index\/wp-json\/wp\/v2\/media?parent=68951"}],"wp:term":[{"taxonomy":"product_brand","embeddable":true,"href":"https:\/\/brandss.com.py\/index\/wp-json\/wp\/v2\/product_brand?post=68951"},{"taxonomy":"product_cat","embeddable":true,"href":"https:\/\/brandss.com.py\/index\/wp-json\/wp\/v2\/product_cat?post=68951"},{"taxonomy":"product_tag","embeddable":true,"href":"https:\/\/brandss.com.py\/index\/wp-json\/wp\/v2\/product_tag?post=68951"}],"curies":[{"name":"wp","href":"https:\/\/api.w.org\/{rel}","templated":true}]}}