{"id":68978,"date":"2025-02-01T14:30:04","date_gmt":"2025-02-01T14:30:04","guid":{"rendered":"https:\/\/brandss.com.py\/index\/?post_type=product&#038;p=68978"},"modified":"2026-03-30T11:45:25","modified_gmt":"2026-03-30T11:45:25","slug":"perfume-femenino-amaran-heaven-liberty-edp-100ml","status":"publish","type":"product","link":"https:\/\/brandss.com.py\/index\/producto\/perfume-femenino-amaran-heaven-liberty-edp-100ml\/","title":{"rendered":"PERFUME FEMENINO AMARAN HEAVEN LIBERTY EDP 100ML"},"content":{"rendered":"<p><img loading=\"lazy\" decoding=\"async\" class=\"\" src=\"https:\/\/www.shoppingchina.com.py\/rails\/active_storage\/blobs\/redirect\/eyJfcmFpbHMiOnsibWVzc2FnZSI6IkJBaHBBNWovRHc9PSIsImV4cCI6bnVsbCwicHVyIjoiYmxvYl9pZCJ9fQ==--55c9bc8ed34fd89755e399a0e3913d5380e92eb0\/amaran.webp\" alt=\"PERFUME AMARAN HEAVEN RAYYAN EDP 100ML\" width=\"125\" height=\"125\" \/><\/p>\n<h1>HEAVEN LIBERTY<\/h1>\n<p>Heaven de Amaran Liberty es una fragancia fina que te da la libertad de forjar tu destino, aunque resalta tu excelencia, sofisticaci\u00f3n y encanto oculto. Una vez combinadas, estas atractivas caracter\u00edsticas te permiten moldearte en un ser de un encanto incomparable.<\/p>\n<h3>Notas Olfativas<\/h3>\n<p><span>El viaje arom\u00e1tico comienza con el brillo \u00fanico de la bergamota picante y el lim\u00f3n c\u00edtrico, con un flujo de pera dulce que allana el camino para las notas de coraz\u00f3n de la fragancia.<\/span><\/p>\n<p><strong>Notas de salida:<\/strong> lavanda, grosella negra, mandarina, petitgrain<br \/>\n<strong>Notas de coraz\u00f3n:<\/strong> flor de naranja, jazm\u00edn<br \/>\n<strong>Notas de fondo:<\/strong> vainilla, almizcle, cedro, \u00e1mbar gris<\/p>\n","protected":false},"excerpt":{"rendered":"<p>HEAVEN LIBERTY Heaven de Amaran Liberty es una fragancia fina que te da la libertad de forjar tu destino, aunque<\/p>\n","protected":false},"featured_media":68979,"comment_status":"open","ping_status":"closed","template":"","meta":{"nf_dc_page":""},"product_brand":[1537],"product_cat":[84],"product_tag":[1959],"class_list":{"0":"post-68978","1":"product","2":"type-product","3":"status-publish","4":"has-post-thumbnail","6":"product_brand-amaran","7":"product_cat-perfumeria","8":"product_tag-1959","10":"first","11":"outofstock","12":"shipping-taxable","13":"purchasable","14":"product-type-simple"},"_links":{"self":[{"href":"https:\/\/brandss.com.py\/index\/wp-json\/wp\/v2\/product\/68978","targetHints":{"allow":["GET"]}}],"collection":[{"href":"https:\/\/brandss.com.py\/index\/wp-json\/wp\/v2\/product"}],"about":[{"href":"https:\/\/brandss.com.py\/index\/wp-json\/wp\/v2\/types\/product"}],"replies":[{"embeddable":true,"href":"https:\/\/brandss.com.py\/index\/wp-json\/wp\/v2\/comments?post=68978"}],"version-history":[{"count":1,"href":"https:\/\/brandss.com.py\/index\/wp-json\/wp\/v2\/product\/68978\/revisions"}],"predecessor-version":[{"id":68983,"href":"https:\/\/brandss.com.py\/index\/wp-json\/wp\/v2\/product\/68978\/revisions\/68983"}],"wp:featuredmedia":[{"embeddable":true,"href":"https:\/\/brandss.com.py\/index\/wp-json\/wp\/v2\/media\/68979"}],"wp:attachment":[{"href":"https:\/\/brandss.com.py\/index\/wp-json\/wp\/v2\/media?parent=68978"}],"wp:term":[{"taxonomy":"product_brand","embeddable":true,"href":"https:\/\/brandss.com.py\/index\/wp-json\/wp\/v2\/product_brand?post=68978"},{"taxonomy":"product_cat","embeddable":true,"href":"https:\/\/brandss.com.py\/index\/wp-json\/wp\/v2\/product_cat?post=68978"},{"taxonomy":"product_tag","embeddable":true,"href":"https:\/\/brandss.com.py\/index\/wp-json\/wp\/v2\/product_tag?post=68978"}],"curies":[{"name":"wp","href":"https:\/\/api.w.org\/{rel}","templated":true}]}}