{"id":68986,"date":"2025-02-01T14:46:52","date_gmt":"2025-02-01T14:46:52","guid":{"rendered":"https:\/\/brandss.com.py\/index\/?post_type=product&#038;p=68986"},"modified":"2025-12-11T16:44:10","modified_gmt":"2025-12-11T16:44:10","slug":"perfume-unisex-sahari-collection-oud-mumataz-edp-100ml","status":"publish","type":"product","link":"https:\/\/brandss.com.py\/index\/producto\/perfume-unisex-sahari-collection-oud-mumataz-edp-100ml\/","title":{"rendered":"PERFUME UNISEX SAHARI COLLECTION OUD MUMAYAZ EDP 100ML"},"content":{"rendered":"<p><img decoding=\"async\" src=\"https:\/\/encrypted-tbn0.gstatic.com\/images?q=tbn:ANd9GcTCyBSEQ8FyWWLlWSlAuCevNcAITRtV5zeZHQ&amp;s\" alt=\"Sahari Perfumes | Fragrance House (@sahari_perfumes) \u2022 Instagram photos and videos\" \/><\/p>\n<h1>COLLECTION OUD MUMAYAZ<\/h1>\n<p>Es una fragancia excepcionalmente lujosa y sofisticada, dise\u00f1ada para quienes aprecian la profundidad y la majestuosidad del oud en su m\u00e1xima expresi\u00f3n. Inspirado en la tradici\u00f3n de la perfumer\u00eda oriental, este perfume combina notas amaderadas, especiadas y ambarinas para crear una experiencia olfativa envolvente, elegante y de gran car\u00e1cter.<\/p>\n<p>La palabra\u00a0<strong>\u201cMumtaz\u201d<\/strong>\u00a0, que significa \u201cexcelente\u201d en \u00e1rabe, refleja la esencia de esta fragancia: un aroma refinado, poderoso y exclusivo, ideal para quienes buscan una firma olfativa inolvidable.<\/p>\n<p>&nbsp;<\/p>\n<h3>Notas Olfativas<\/h3>\n<p>&nbsp;<\/p>\n<p><span dir=\"auto\">Oud Mumayaz de Sahari es una fragancia de la familia olfativa oriental amaderada para hombre y mujer. Con una concentraci\u00f3n de Eau de Parfum, ofrece un aroma arom\u00e1tico intenso y duradero en la piel. Sus notas se componen de los siguientes ingredientes.<\/span><\/p>\n<ul>\n<li><strong><span dir=\"auto\">Notas de salida:<\/span><\/strong><span dir=\"auto\">\u00a0Azafr\u00e1n, bergamota, canela.<\/span><\/li>\n<li><strong><span dir=\"auto\">Notas de coraz\u00f3n:<\/span><\/strong><span dir=\"auto\">\u00a0rosa, pachul\u00ed, madera de cedro<\/span><\/li>\n<li><strong><span dir=\"auto\">Notas de fondo:<\/span><\/strong><span dir=\"auto\">\u00a0madera de agar (oud), \u00e1mbar, almizcle, vainilla.<\/span><\/li>\n<\/ul>\n","protected":false},"excerpt":{"rendered":"<p>COLLECTION OUD MUMAYAZ Es una fragancia excepcionalmente lujosa y sofisticada, dise\u00f1ada para quienes aprecian la profundidad y la majestuosidad del<\/p>\n","protected":false},"featured_media":88315,"comment_status":"open","ping_status":"closed","template":"","meta":{"nf_dc_page":""},"product_brand":[1940],"product_cat":[84],"product_tag":[1960],"class_list":{"0":"post-68986","1":"product","2":"type-product","3":"status-publish","4":"has-post-thumbnail","6":"product_brand-sahari","7":"product_cat-perfumeria","8":"product_tag-1960","10":"first","11":"instock","12":"shipping-taxable","13":"purchasable","14":"product-type-simple"},"_links":{"self":[{"href":"https:\/\/brandss.com.py\/index\/wp-json\/wp\/v2\/product\/68986","targetHints":{"allow":["GET"]}}],"collection":[{"href":"https:\/\/brandss.com.py\/index\/wp-json\/wp\/v2\/product"}],"about":[{"href":"https:\/\/brandss.com.py\/index\/wp-json\/wp\/v2\/types\/product"}],"replies":[{"embeddable":true,"href":"https:\/\/brandss.com.py\/index\/wp-json\/wp\/v2\/comments?post=68986"}],"version-history":[{"count":4,"href":"https:\/\/brandss.com.py\/index\/wp-json\/wp\/v2\/product\/68986\/revisions"}],"predecessor-version":[{"id":88316,"href":"https:\/\/brandss.com.py\/index\/wp-json\/wp\/v2\/product\/68986\/revisions\/88316"}],"wp:featuredmedia":[{"embeddable":true,"href":"https:\/\/brandss.com.py\/index\/wp-json\/wp\/v2\/media\/88315"}],"wp:attachment":[{"href":"https:\/\/brandss.com.py\/index\/wp-json\/wp\/v2\/media?parent=68986"}],"wp:term":[{"taxonomy":"product_brand","embeddable":true,"href":"https:\/\/brandss.com.py\/index\/wp-json\/wp\/v2\/product_brand?post=68986"},{"taxonomy":"product_cat","embeddable":true,"href":"https:\/\/brandss.com.py\/index\/wp-json\/wp\/v2\/product_cat?post=68986"},{"taxonomy":"product_tag","embeddable":true,"href":"https:\/\/brandss.com.py\/index\/wp-json\/wp\/v2\/product_tag?post=68986"}],"curies":[{"name":"wp","href":"https:\/\/api.w.org\/{rel}","templated":true}]}}