{"id":68998,"date":"2025-02-01T15:17:45","date_gmt":"2025-02-01T15:17:45","guid":{"rendered":"https:\/\/brandss.com.py\/index\/?post_type=product&#038;p=68998"},"modified":"2025-06-03T10:33:45","modified_gmt":"2025-06-03T10:33:45","slug":"hervidor-dsp-samovar-electrica-1800w","status":"publish","type":"product","link":"https:\/\/brandss.com.py\/index\/producto\/hervidor-dsp-samovar-electrica-1800w\/","title":{"rendered":"HERVIDOR DSP SAMOVAR EL\u00c9CTRICA 1800W"},"content":{"rendered":"<h1><img loading=\"lazy\" decoding=\"async\" class=\"\" src=\"https:\/\/api.patentes-y-marcas.com\/uploads\/BOPIBrand_imagen\/dsp-a016000127.jpg\" width=\"240\" height=\"100\" \/><\/h1>\n<h1>KK1141<\/h1>\n<p>El samovar el\u00e9ctrico DSP modelo KK1141 es un electrodom\u00e9stico vers\u00e1til que combina las funciones de hervidor el\u00e9ctrico, tetera y cafetera, dise\u00f1ado para calentar agua y preparar bebidas calientes de manera eficiente. A continuaci\u00f3n, se detallan sus principales caracter\u00edsticas:<\/p>\n<p><strong>Caracter\u00edsticas principales:<\/strong><\/p>\n<ul>\n<li><strong>Capacidad:<\/strong>\n<ul>\n<li>Dep\u00f3sito principal: 3.5 litros<\/li>\n<li>Tetera superior: 0.8 litros<\/li>\n<\/ul>\n<\/li>\n<li><strong>Potencia:<\/strong> 1800W<\/li>\n<li><strong>Voltaje:<\/strong> 220-240V~50\/60Hz<\/li>\n<li><strong>Materiales:<\/strong> Fabricado en acero inoxidable y cer\u00e1mica, lo que asegura durabilidad y una est\u00e9tica elegante.<\/li>\n<li><strong>Dise\u00f1o:<\/strong> Presenta un dise\u00f1o cl\u00e1sico y elegante, adecuado para diversas decoraciones de cocina.<\/li>\n<li><strong>Filtro lavable:<\/strong> Incluye un filtro de agua lavable que facilita la limpieza y el mantenimiento.<\/li>\n<li><strong>Sistema de protecci\u00f3n m\u00faltiple:<\/strong>\n<ul>\n<li>Apagado autom\u00e1tico al alcanzar la ebullici\u00f3n.<\/li>\n<li>Protecci\u00f3n contra ebullici\u00f3n en seco, evitando da\u00f1os si se enciende sin agua.<\/li>\n<\/ul>\n<\/li>\n<li><strong>Eficiencia energ\u00e9tica:<\/strong> Sistema dual que permite un ahorro de energ\u00eda de hasta el 90%.<\/li>\n<\/ul>\n<p>Este samovar es ideal para quienes disfrutan de preparar t\u00e9, caf\u00e9 u otras bebidas calientes, ofreciendo una gran capacidad y funcionalidades que facilitan su uso. Su dise\u00f1o y materiales de alta calidad lo convierten en una adici\u00f3n elegante y pr\u00e1ctica para cualquier cocina.<\/p>\n","protected":false},"excerpt":{"rendered":"<p>KK1141 El samovar el\u00e9ctrico DSP modelo KK1141 es un electrodom\u00e9stico vers\u00e1til que combina las funciones de hervidor el\u00e9ctrico, tetera y<\/p>\n","protected":false},"featured_media":68999,"comment_status":"open","ping_status":"closed","template":"","meta":{"nf_dc_page":""},"product_brand":[],"product_cat":[83],"product_tag":[],"class_list":{"0":"post-68998","1":"product","2":"type-product","3":"status-publish","4":"has-post-thumbnail","6":"product_cat-hogar","8":"first","9":"instock","10":"shipping-taxable","11":"purchasable","12":"product-type-simple"},"_links":{"self":[{"href":"https:\/\/brandss.com.py\/index\/wp-json\/wp\/v2\/product\/68998","targetHints":{"allow":["GET"]}}],"collection":[{"href":"https:\/\/brandss.com.py\/index\/wp-json\/wp\/v2\/product"}],"about":[{"href":"https:\/\/brandss.com.py\/index\/wp-json\/wp\/v2\/types\/product"}],"replies":[{"embeddable":true,"href":"https:\/\/brandss.com.py\/index\/wp-json\/wp\/v2\/comments?post=68998"}],"version-history":[{"count":1,"href":"https:\/\/brandss.com.py\/index\/wp-json\/wp\/v2\/product\/68998\/revisions"}],"predecessor-version":[{"id":69004,"href":"https:\/\/brandss.com.py\/index\/wp-json\/wp\/v2\/product\/68998\/revisions\/69004"}],"wp:featuredmedia":[{"embeddable":true,"href":"https:\/\/brandss.com.py\/index\/wp-json\/wp\/v2\/media\/68999"}],"wp:attachment":[{"href":"https:\/\/brandss.com.py\/index\/wp-json\/wp\/v2\/media?parent=68998"}],"wp:term":[{"taxonomy":"product_brand","embeddable":true,"href":"https:\/\/brandss.com.py\/index\/wp-json\/wp\/v2\/product_brand?post=68998"},{"taxonomy":"product_cat","embeddable":true,"href":"https:\/\/brandss.com.py\/index\/wp-json\/wp\/v2\/product_cat?post=68998"},{"taxonomy":"product_tag","embeddable":true,"href":"https:\/\/brandss.com.py\/index\/wp-json\/wp\/v2\/product_tag?post=68998"}],"curies":[{"name":"wp","href":"https:\/\/api.w.org\/{rel}","templated":true}]}}