{"id":69057,"date":"2025-02-01T16:47:47","date_gmt":"2025-02-01T16:47:47","guid":{"rendered":"https:\/\/brandss.com.py\/index\/?post_type=product&#038;p=69057"},"modified":"2025-12-11T16:57:48","modified_gmt":"2025-12-11T16:57:48","slug":"perfume-femenino-sahari-lailat-hub-edp-95ml","status":"publish","type":"product","link":"https:\/\/brandss.com.py\/index\/producto\/perfume-femenino-sahari-lailat-hub-edp-95ml\/","title":{"rendered":"PERFUME FEMENINO SAHARI LAILAT HUB EDP 95ML"},"content":{"rendered":"<p><img decoding=\"async\" src=\"https:\/\/encrypted-tbn0.gstatic.com\/images?q=tbn:ANd9GcTCyBSEQ8FyWWLlWSlAuCevNcAITRtV5zeZHQ&amp;s\" alt=\"Sahari Perfumes | Fragrance House (@sahari_perfumes) \u2022 Instagram photos and videos\" \/><\/p>\n<h1>LAILAT HUB<\/h1>\n<p>Es un poema de amor contado sobre una noche llena de deseo y pasi\u00f3n. Este m\u00e1gico jard\u00edn floral de notas arom\u00e1ticas se une para crear una fragancia que encender\u00e1 para siempre la llama de la pasi\u00f3n.<\/p>\n<p>El perfume tiene un aroma agradable. Este aroma de larga duraci\u00f3n es perfecto para el uso diario porque te hace sentir tranquilo y seguro de ti mismo. Con su aroma atractivo, este perfume te convertir\u00e1 en el centro de atenci\u00f3n dondequiera que vayas. Est\u00e1 hecho para significar exclusividad.<\/p>\n<p><img loading=\"lazy\" decoding=\"async\" class=\"alignleft\" src=\"https:\/\/dcdn-us.mitiendanube.com\/stores\/004\/735\/116\/products\/miss-surf-cherie_20240704_105638_0000-ec0b4d8581286d277617201939041550-1024-1024.png\" width=\"444\" height=\"666\" \/><\/p>\n<h3>Notas Olfativas<\/h3>\n<p>&nbsp;<\/p>\n<p>Lailat Hub es un perfume cautivador que pertenece a la familia olfativa floral frutal, dise\u00f1ada para mujeres. Esta fragancia evoca la frescura y la dulzura de un oasis en el desierto, con una mezcla armoniosa de notas florales y frutales. Las notas frutales aportan una sensaci\u00f3n de vitalidad y energ\u00eda, mientras que las notas florales a\u00f1aden un toque de sofisticaci\u00f3n y elegancia.<\/p>\n<p>Lailat Hub es una encantadora fragancia femenina que revela un equilibrio entre la frescura afrutada y la delicadeza floral. Su composici\u00f3n irradia romanticismo y suavidad, con un toque de sensualidad en su fondo almizclado.<\/p>\n<p>&nbsp;<\/p>\n<p><strong>Notas de salida:<\/strong> Mandarina, pomelo, manzana, notas verdes.<\/p>\n<p>&nbsp;<\/p>\n<p><strong>Notas de coraz\u00f3n:<\/strong> Jazm\u00edn, clavel, rosa.<\/p>\n<p>&nbsp;<\/p>\n<p><strong>Notas de fondo:<\/strong> Almizcle.<\/p>\n","protected":false},"excerpt":{"rendered":"<p>LAILAT HUB Es un poema de amor contado sobre una noche llena de deseo y pasi\u00f3n. Este m\u00e1gico jard\u00edn floral<\/p>\n","protected":false},"featured_media":87923,"comment_status":"open","ping_status":"closed","template":"","meta":{"nf_dc_page":""},"product_brand":[1940],"product_cat":[84],"product_tag":[1964],"class_list":{"0":"post-69057","1":"product","2":"type-product","3":"status-publish","4":"has-post-thumbnail","6":"product_brand-sahari","7":"product_cat-perfumeria","8":"product_tag-1964","10":"first","11":"instock","12":"shipping-taxable","13":"purchasable","14":"product-type-simple"},"_links":{"self":[{"href":"https:\/\/brandss.com.py\/index\/wp-json\/wp\/v2\/product\/69057","targetHints":{"allow":["GET"]}}],"collection":[{"href":"https:\/\/brandss.com.py\/index\/wp-json\/wp\/v2\/product"}],"about":[{"href":"https:\/\/brandss.com.py\/index\/wp-json\/wp\/v2\/types\/product"}],"replies":[{"embeddable":true,"href":"https:\/\/brandss.com.py\/index\/wp-json\/wp\/v2\/comments?post=69057"}],"version-history":[{"count":3,"href":"https:\/\/brandss.com.py\/index\/wp-json\/wp\/v2\/product\/69057\/revisions"}],"predecessor-version":[{"id":87924,"href":"https:\/\/brandss.com.py\/index\/wp-json\/wp\/v2\/product\/69057\/revisions\/87924"}],"wp:featuredmedia":[{"embeddable":true,"href":"https:\/\/brandss.com.py\/index\/wp-json\/wp\/v2\/media\/87923"}],"wp:attachment":[{"href":"https:\/\/brandss.com.py\/index\/wp-json\/wp\/v2\/media?parent=69057"}],"wp:term":[{"taxonomy":"product_brand","embeddable":true,"href":"https:\/\/brandss.com.py\/index\/wp-json\/wp\/v2\/product_brand?post=69057"},{"taxonomy":"product_cat","embeddable":true,"href":"https:\/\/brandss.com.py\/index\/wp-json\/wp\/v2\/product_cat?post=69057"},{"taxonomy":"product_tag","embeddable":true,"href":"https:\/\/brandss.com.py\/index\/wp-json\/wp\/v2\/product_tag?post=69057"}],"curies":[{"name":"wp","href":"https:\/\/api.w.org\/{rel}","templated":true}]}}