{"id":69064,"date":"2025-02-01T16:54:51","date_gmt":"2025-02-01T16:54:51","guid":{"rendered":"https:\/\/brandss.com.py\/index\/?post_type=product&#038;p=69064"},"modified":"2025-02-01T16:55:10","modified_gmt":"2025-02-01T16:55:10","slug":"hervidor-dsp-samovar-electrica-1l-2-5l-2000w","status":"publish","type":"product","link":"https:\/\/brandss.com.py\/index\/producto\/hervidor-dsp-samovar-electrica-1l-2-5l-2000w\/","title":{"rendered":"HERVIDOR DSP SAMOVAR EL\u00c9CTRICA 1L\/2.5L 2000W"},"content":{"rendered":"<h1><img loading=\"lazy\" decoding=\"async\" class=\"\" src=\"https:\/\/api.patentes-y-marcas.com\/uploads\/BOPIBrand_imagen\/dsp-a016000127.jpg\" width=\"230\" height=\"96\" \/><\/h1>\n<h1>KK1277<\/h1>\n<p>El samovar el\u00e9ctrico DSP modelo KK1277 es un dispositivo dise\u00f1ado para la preparaci\u00f3n eficiente y elegante de t\u00e9. A continuaci\u00f3n, se detallan sus principales caracter\u00edsticas:<\/p>\n<p><strong>Caracter\u00edsticas principales:<\/strong><\/p>\n<ul>\n<li><strong>Potencia:<\/strong> 2000W reales, que garantizan un calentamiento r\u00e1pido del agua.<\/li>\n<li><strong>Capacidad:<\/strong>\n<ul>\n<li><strong>Hervidor principal:<\/strong> 2.5 litros.<\/li>\n<li><strong>Tetera superior:<\/strong> 1.0 litro.<\/li>\n<\/ul>\n<\/li>\n<li><strong>Materiales:<\/strong>\n<ul>\n<li><strong>Vidrio de borosilicato alto:<\/strong> Ofrece durabilidad y resistencia al calor.<\/li>\n<\/ul>\n<\/li>\n<li><strong>Funciones adicionales:<\/strong>\n<ul>\n<li><strong>Cinco configuraciones de temperatura:<\/strong> Permiten seleccionar la temperatura ideal para diferentes tipos de t\u00e9.<\/li>\n<li><strong>Protecci\u00f3n contra ebullici\u00f3n en seco:<\/strong> Evita que el dispositivo funcione sin agua, prolongando su vida \u00fatil.<\/li>\n<li><strong>Funci\u00f3n de mantenimiento de calor:<\/strong> Mantiene la bebida a la temperatura deseada durante m\u00e1s tiempo.<\/li>\n<\/ul>\n<\/li>\n<li><strong>Dise\u00f1o:<\/strong>\n<ul>\n<li><strong>Control de un solo toque en la base:<\/strong> Facilita el uso y la selecci\u00f3n de funciones.<\/li>\n<li><strong>Doble capa:<\/strong> Proporciona aislamiento t\u00e9rmico y seguridad al tacto.<\/li>\n<\/ul>\n<\/li>\n<\/ul>\n<p>Este samovar es ideal para los amantes del t\u00e9 que buscan una forma r\u00e1pida y conveniente de preparar sus infusiones favoritas. Su dise\u00f1o elegante y funcional lo convierte en una excelente adici\u00f3n a cualquier cocina u oficina.<\/p>\n","protected":false},"excerpt":{"rendered":"<p>KK1277 El samovar el\u00e9ctrico DSP modelo KK1277 es un dispositivo dise\u00f1ado para la preparaci\u00f3n eficiente y elegante de t\u00e9. A<\/p>\n","protected":false},"featured_media":69075,"comment_status":"open","ping_status":"closed","template":"","meta":{"nf_dc_page":""},"product_brand":[],"product_cat":[83],"product_tag":[],"class_list":{"0":"post-69064","1":"product","2":"type-product","3":"status-publish","4":"has-post-thumbnail","6":"product_cat-hogar","8":"first","9":"instock","10":"shipping-taxable","11":"purchasable","12":"product-type-simple"},"_links":{"self":[{"href":"https:\/\/brandss.com.py\/index\/wp-json\/wp\/v2\/product\/69064","targetHints":{"allow":["GET"]}}],"collection":[{"href":"https:\/\/brandss.com.py\/index\/wp-json\/wp\/v2\/product"}],"about":[{"href":"https:\/\/brandss.com.py\/index\/wp-json\/wp\/v2\/types\/product"}],"replies":[{"embeddable":true,"href":"https:\/\/brandss.com.py\/index\/wp-json\/wp\/v2\/comments?post=69064"}],"version-history":[{"count":1,"href":"https:\/\/brandss.com.py\/index\/wp-json\/wp\/v2\/product\/69064\/revisions"}],"predecessor-version":[{"id":69080,"href":"https:\/\/brandss.com.py\/index\/wp-json\/wp\/v2\/product\/69064\/revisions\/69080"}],"wp:featuredmedia":[{"embeddable":true,"href":"https:\/\/brandss.com.py\/index\/wp-json\/wp\/v2\/media\/69075"}],"wp:attachment":[{"href":"https:\/\/brandss.com.py\/index\/wp-json\/wp\/v2\/media?parent=69064"}],"wp:term":[{"taxonomy":"product_brand","embeddable":true,"href":"https:\/\/brandss.com.py\/index\/wp-json\/wp\/v2\/product_brand?post=69064"},{"taxonomy":"product_cat","embeddable":true,"href":"https:\/\/brandss.com.py\/index\/wp-json\/wp\/v2\/product_cat?post=69064"},{"taxonomy":"product_tag","embeddable":true,"href":"https:\/\/brandss.com.py\/index\/wp-json\/wp\/v2\/product_tag?post=69064"}],"curies":[{"name":"wp","href":"https:\/\/api.w.org\/{rel}","templated":true}]}}