{"id":69086,"date":"2025-02-01T17:09:21","date_gmt":"2025-02-01T17:09:21","guid":{"rendered":"https:\/\/brandss.com.py\/index\/?post_type=product&#038;p=69086"},"modified":"2026-02-21T10:26:57","modified_gmt":"2026-02-21T10:26:57","slug":"perfume-femenino-le-falcone-bella-rouge-edp-100ml","status":"publish","type":"product","link":"https:\/\/brandss.com.py\/index\/producto\/perfume-femenino-le-falcone-bella-rouge-edp-100ml\/","title":{"rendered":"PERFUME FEMENINO LE FALCON\u00c9 BELLA ROUGE EDP 100ML"},"content":{"rendered":"<p><img loading=\"lazy\" decoding=\"async\" class=\"\" src=\"https:\/\/lh3.googleusercontent.com\/proxy\/wthQucO2JDPfuB13cIM5ro1K75uktxEd0xHJ1F1BOmk-DNtsylOwr8Zb13bwxN1EfOfbJ1L0yy_9O2eFcRIaaXeH7mxRjoyrro8SnrShQQEU3yc4PTLo-gax_hPAMFfeDA\" alt=\"LE-FALCONE\" width=\"150\" height=\"83\" \/><\/p>\n<h1>BELLA ROUGE<\/h1>\n<p>Este exquisito perfume es ideal para\u00a0<b>mujeres<\/b>\u00a0que buscan resaltar su personalidad y dejar una impresi\u00f3n duradera. Su concentraci\u00f3n de\u00a0<b>eau de parfum<\/b> garantiza una fijaci\u00f3n prolongada, para que puedas disfrutar de su delicioso aroma durante todo el d\u00eda. Con una combinaci\u00f3n \u00fanica de notas que lo convierten en una fragancia perfecta para cualquier ocasi\u00f3n. Ya sea para una cita rom\u00e1ntica, una reuni\u00f3n de negocios o simplemente para el d\u00eda a d\u00eda, este perfume te acompa\u00f1ar\u00e1 en cada momento, a\u00f1adiendo un toque de distinci\u00f3n y estilo a tu presencia.<\/p>\n<p>Si est\u00e1s buscando un perfume que te haga sentir segura, femenina y elegante, Bella Rouge es la elecci\u00f3n perfecta para ti. Su aroma \u00fanico y envolvente te har\u00e1 destacar entre la multitud y te acompa\u00f1ar\u00e1 a donde quiera que vayas. Bella Rouge es un perfume que no puede faltar en la colecci\u00f3n de cualquier mujer que aprecie la calidad y la exclusividad en cada detalle. Descubre la magia de este exquisito aroma y d\u00e9jate llevar por su encanto inigualable.<\/p>\n<p>&nbsp;<\/p>\n<h3>Notas Olfativas<\/h3>\n<p>&nbsp;<\/p>\n<p>El perfume Le Falcon\u00e9 Bella Rouge presenta una fragancia intensa y fuerte que perdura a lo largo del d\u00eda. Esta cautivadora esencia, clasificada como Eau de Parfum, ofrece una experiencia arom\u00e1tica duradera. Dise\u00f1ado para ambos g\u00e9neros, este perfume encarna la elegancia atemporal y la distinci\u00f3n en cada rociada.<\/p>\n","protected":false},"excerpt":{"rendered":"<p>BELLA ROUGE Este exquisito perfume es ideal para\u00a0mujeres\u00a0que buscan resaltar su personalidad y dejar una impresi\u00f3n duradera. Su concentraci\u00f3n de\u00a0eau<\/p>\n","protected":false},"featured_media":69089,"comment_status":"open","ping_status":"closed","template":"","meta":{"nf_dc_page":""},"product_brand":[1966],"product_cat":[84],"product_tag":[1967],"class_list":{"0":"post-69086","1":"product","2":"type-product","3":"status-publish","4":"has-post-thumbnail","6":"product_brand-le-falcone","7":"product_cat-perfumeria","8":"product_tag-1967","10":"first","11":"outofstock","12":"shipping-taxable","13":"purchasable","14":"product-type-simple"},"_links":{"self":[{"href":"https:\/\/brandss.com.py\/index\/wp-json\/wp\/v2\/product\/69086","targetHints":{"allow":["GET"]}}],"collection":[{"href":"https:\/\/brandss.com.py\/index\/wp-json\/wp\/v2\/product"}],"about":[{"href":"https:\/\/brandss.com.py\/index\/wp-json\/wp\/v2\/types\/product"}],"replies":[{"embeddable":true,"href":"https:\/\/brandss.com.py\/index\/wp-json\/wp\/v2\/comments?post=69086"}],"version-history":[{"count":2,"href":"https:\/\/brandss.com.py\/index\/wp-json\/wp\/v2\/product\/69086\/revisions"}],"predecessor-version":[{"id":98949,"href":"https:\/\/brandss.com.py\/index\/wp-json\/wp\/v2\/product\/69086\/revisions\/98949"}],"wp:featuredmedia":[{"embeddable":true,"href":"https:\/\/brandss.com.py\/index\/wp-json\/wp\/v2\/media\/69089"}],"wp:attachment":[{"href":"https:\/\/brandss.com.py\/index\/wp-json\/wp\/v2\/media?parent=69086"}],"wp:term":[{"taxonomy":"product_brand","embeddable":true,"href":"https:\/\/brandss.com.py\/index\/wp-json\/wp\/v2\/product_brand?post=69086"},{"taxonomy":"product_cat","embeddable":true,"href":"https:\/\/brandss.com.py\/index\/wp-json\/wp\/v2\/product_cat?post=69086"},{"taxonomy":"product_tag","embeddable":true,"href":"https:\/\/brandss.com.py\/index\/wp-json\/wp\/v2\/product_tag?post=69086"}],"curies":[{"name":"wp","href":"https:\/\/api.w.org\/{rel}","templated":true}]}}