{"id":69124,"date":"2025-02-03T11:08:51","date_gmt":"2025-02-03T11:08:51","guid":{"rendered":"https:\/\/brandss.com.py\/index\/?post_type=product&#038;p=69124"},"modified":"2025-12-11T17:03:08","modified_gmt":"2025-12-11T17:03:08","slug":"perfume-masculino-sahari-crystal-al-aswad-edp-100ml","status":"publish","type":"product","link":"https:\/\/brandss.com.py\/index\/producto\/perfume-masculino-sahari-crystal-al-aswad-edp-100ml\/","title":{"rendered":"PERFUME MASCULINO SAHARI CRYSTAL AL ASWAD EDP 100ML"},"content":{"rendered":"<p><img decoding=\"async\" src=\"https:\/\/encrypted-tbn0.gstatic.com\/images?q=tbn:ANd9GcTCyBSEQ8FyWWLlWSlAuCevNcAITRtV5zeZHQ&amp;s\" alt=\"Sahari Perfumes | Fragrance House (@sahari_perfumes) \u2022 Instagram photos and videos\" \/><\/p>\n<h1>CRYSTAL AL ASWAD<\/h1>\n<p>Sum\u00e9rgete en la sombra del lujo puro con Crystal Al Aswad Sahari, una fragancia que captura la esencia del cristal negro: excepcional, irrompible e infinitamente cautivador. Dise\u00f1ada para el hombre que se mueve en silencio pero deja una presencia poderosa, esta fragancia es un homenaje a los profundos misterios de la noche del desierto.<\/p>\n<p><img loading=\"lazy\" decoding=\"async\" class=\" wp-image-87926 alignleft\" src=\"https:\/\/brandss.com.py\/index\/wp-content\/uploads\/2025\/02\/AA-3-300x300.png\" alt=\"\" width=\"413\" height=\"413\" srcset=\"https:\/\/brandss.com.py\/index\/wp-content\/uploads\/2025\/02\/AA-3-300x300.png 300w, https:\/\/brandss.com.py\/index\/wp-content\/uploads\/2025\/02\/AA-3-800x800.png 800w, https:\/\/brandss.com.py\/index\/wp-content\/uploads\/2025\/02\/AA-3-150x150.png 150w, https:\/\/brandss.com.py\/index\/wp-content\/uploads\/2025\/02\/AA-3-768x768.png 768w, https:\/\/brandss.com.py\/index\/wp-content\/uploads\/2025\/02\/AA-3-430x430.png 430w, https:\/\/brandss.com.py\/index\/wp-content\/uploads\/2025\/02\/AA-3-700x700.png 700w, https:\/\/brandss.com.py\/index\/wp-content\/uploads\/2025\/02\/AA-3.png 1000w\" sizes=\"auto, (max-width: 413px) 100vw, 413px\" \/><\/p>\n<p><strong>Intensamente masculino:<\/strong><br \/>\n<span>una mezcla audaz de especias, madera y humo para el hombre moderno que exuda autoridad.<\/span><\/p>\n<p><strong>Inspirado en el cristal negro:<\/strong><br \/>\n<span>simbolizando poder, claridad y protecci\u00f3n, el aroma canaliza la m\u00edstica de los paisajes des\u00e9rticos de medianoche.<\/span><\/p>\n<p><strong>Ingredientes de alta gama:<\/strong><br \/>\n<span>contiene oud raro, incienso ahumado, rosa negra y resinas c\u00e1lidas para una experiencia de m\u00faltiples capas.<\/span><\/p>\n<p><strong>Longevidad imponente:<\/strong><br \/>\n<span>la fuerza de un Eau de Parfum perdura hasta bien entrada la noche y evoluciona con gracia sobre la piel.<\/span><\/p>\n<p><strong>Elegante botella negra:<\/strong><br \/>\n<span>presentada en una botella de vidrio obsidiana profunda inspirada en el cristal con acabados mate y brillante, rematada con una tapa magn\u00e9tica pesada.<\/span><\/p>\n<p>&nbsp;<\/p>\n<h3>Notas Olfativas<\/h3>\n<p>&nbsp;<\/p>\n<p>Con una apertura de especias oscuras y c\u00edtricos frescos, la fragancia se abre a un coraz\u00f3n de incienso ahumado, rosa negra y maderas a\u00f1ejas, para culminar con una opulenta base de cuero, oud y \u00e1mbar cristalizado. Crystal Al Aswad no es solo una fragancia: es un s\u00edmbolo de profundidad, fuerza y masculinidad refinada.<\/p>\n<p><span><strong>Notas de salida:<\/strong> pimienta negra, bergamota, cardamomo<\/span><\/p>\n<p><span><strong>Notas de coraz\u00f3n:<\/strong> rosa negra, incienso, oud<\/span><\/p>\n<p><span><strong>Notas de fondo:<\/strong> cuero, \u00e1mbar, almizcle oscuro, pachul\u00ed.<\/span><\/p>\n","protected":false},"excerpt":{"rendered":"<p>CRYSTAL AL ASWAD Sum\u00e9rgete en la sombra del lujo puro con Crystal Al Aswad Sahari, una fragancia que captura la<\/p>\n","protected":false},"featured_media":69125,"comment_status":"open","ping_status":"closed","template":"","meta":{"nf_dc_page":""},"product_brand":[1940],"product_cat":[84],"product_tag":[1971],"class_list":{"0":"post-69124","1":"product","2":"type-product","3":"status-publish","4":"has-post-thumbnail","6":"product_brand-sahari","7":"product_cat-perfumeria","8":"product_tag-1971","10":"first","11":"instock","12":"shipping-taxable","13":"purchasable","14":"product-type-simple"},"_links":{"self":[{"href":"https:\/\/brandss.com.py\/index\/wp-json\/wp\/v2\/product\/69124","targetHints":{"allow":["GET"]}}],"collection":[{"href":"https:\/\/brandss.com.py\/index\/wp-json\/wp\/v2\/product"}],"about":[{"href":"https:\/\/brandss.com.py\/index\/wp-json\/wp\/v2\/types\/product"}],"replies":[{"embeddable":true,"href":"https:\/\/brandss.com.py\/index\/wp-json\/wp\/v2\/comments?post=69124"}],"version-history":[{"count":3,"href":"https:\/\/brandss.com.py\/index\/wp-json\/wp\/v2\/product\/69124\/revisions"}],"predecessor-version":[{"id":87927,"href":"https:\/\/brandss.com.py\/index\/wp-json\/wp\/v2\/product\/69124\/revisions\/87927"}],"wp:featuredmedia":[{"embeddable":true,"href":"https:\/\/brandss.com.py\/index\/wp-json\/wp\/v2\/media\/69125"}],"wp:attachment":[{"href":"https:\/\/brandss.com.py\/index\/wp-json\/wp\/v2\/media?parent=69124"}],"wp:term":[{"taxonomy":"product_brand","embeddable":true,"href":"https:\/\/brandss.com.py\/index\/wp-json\/wp\/v2\/product_brand?post=69124"},{"taxonomy":"product_cat","embeddable":true,"href":"https:\/\/brandss.com.py\/index\/wp-json\/wp\/v2\/product_cat?post=69124"},{"taxonomy":"product_tag","embeddable":true,"href":"https:\/\/brandss.com.py\/index\/wp-json\/wp\/v2\/product_tag?post=69124"}],"curies":[{"name":"wp","href":"https:\/\/api.w.org\/{rel}","templated":true}]}}