{"id":69141,"date":"2025-02-03T11:38:13","date_gmt":"2025-02-03T11:38:13","guid":{"rendered":"https:\/\/brandss.com.py\/index\/?post_type=product&#038;p=69141"},"modified":"2026-03-30T13:47:55","modified_gmt":"2026-03-30T13:47:55","slug":"perfume-unisex-mirada-shield-rouge-1881-edp-100ml","status":"publish","type":"product","link":"https:\/\/brandss.com.py\/index\/producto\/perfume-unisex-mirada-shield-rouge-1881-edp-100ml\/","title":{"rendered":"PERFUME UNISEX MIRADA SHIELD ROUGE 1881 EDP 100ML"},"content":{"rendered":"<p><img loading=\"lazy\" decoding=\"async\" class=\"\" src=\"https:\/\/static.wixstatic.com\/media\/0db4c0_6b66477cf9894fcc9c58ff827846b2ec~mv2.jpeg\/v1\/fit\/w_500,h_500,q_90\/file.jpg\" alt=\"Mirada | Perfume Wonders\" width=\"94\" height=\"67\" \/><\/p>\n<h1>SHIELD ROUGE 1881<\/h1>\n<p>Es una lujosa fragancia unisex que ofrece un seductor equilibrio de aromas especiados, florales y amaderados. Shield Rouge 1881, como parte de nuestra serie Armor and Shield, es m\u00e1s que una simple fragancia; es una obra de arte. Este Eau de Parfum est\u00e1 dise\u00f1ado para quienes aprecian un aroma carism\u00e1tico y neutro en cuanto al g\u00e9nero que madura maravillosamente con el tiempo, dejando una impresi\u00f3n suave y amaderada.<\/p>\n<h3>La fragancia<img loading=\"lazy\" decoding=\"async\" class=\"alignleft\" src=\"https:\/\/m.media-amazon.com\/images\/I\/61rlUskCk2L._SL1080_.jpg\" width=\"794\" height=\"794\" \/><\/h3>\n<p>La fragancia de Shield Rouge 1881 es una combinaci\u00f3n perfectamente equilibrada de notas florales y amaderadas, dise\u00f1ada para crear una impresi\u00f3n duradera. Las notas altas de azafr\u00e1n, jazm\u00edn y rosa ofrecen una apertura floral audaz y vibrante, mientras que el coraz\u00f3n de madera de \u00e1mbar y \u00e1mbar gris aporta calidez y riqueza a la fragancia. Las notas de fondo de resina de abeto y cedro proporcionan una base amaderada fuerte, a\u00f1adiendo profundidad y longevidad. Este perfume unisex captura la esencia de la elegancia y la fuerza, con un aroma que madura con gracia y deja tras de s\u00ed una estela de sutil dulzura y calidez.<\/p>\n<p>&nbsp;<\/p>\n<h3>Notas Olfativas<\/h3>\n<p>&nbsp;<\/p>\n<p>SHIELD ROUGE 1881 encanta con su sofisticada mezcla de notas altas florales y especiadas, que se transforman en matices c\u00e1lidos y amaderados que encarnan la elegancia y el encanto. Las notas altas de azafr\u00e1n, jazm\u00edn y rosa introducen un ramo floral vibrante y cautivador, mientras que las notas de coraz\u00f3n de madera de \u00e1mbar y \u00e1mbar gris brindan un n\u00facleo c\u00e1lido y resinoso. Finalmente, la base profunda de resina de abeto y cedro agrega un acabado amaderado y aterrizado que permanece elegantemente en la piel.<\/p>\n<p>El perfume Shield Rouge 1881 de Mirada es una fragancia de la familia olfativa floral amaderada para hombres y mujeres.<\/p>\n<ul>\n<li><strong>Notas de salida:<\/strong>\u00a0Azafr\u00e1n, rosa y jazm\u00edn<\/li>\n<li><strong>Notas de coraz\u00f3n:<\/strong>\u00a0Madera de \u00e1mbar y \u00e1mbar<\/li>\n<li><strong>Notas de fondo:\u00a0<\/strong>Resina de abeto y cedro<\/li>\n<\/ul>\n","protected":false},"excerpt":{"rendered":"<p>SHIELD ROUGE 1881 Es una lujosa fragancia unisex que ofrece un seductor equilibrio de aromas especiados, florales y amaderados. Shield<\/p>\n","protected":false},"featured_media":69142,"comment_status":"open","ping_status":"closed","template":"","meta":{"nf_dc_page":""},"product_brand":[1968],"product_cat":[84],"product_tag":[1974],"class_list":{"0":"post-69141","1":"product","2":"type-product","3":"status-publish","4":"has-post-thumbnail","6":"product_brand-mirada","7":"product_cat-perfumeria","8":"product_tag-1974","10":"first","11":"instock","12":"sale","13":"shipping-taxable","14":"purchasable","15":"product-type-simple"},"_links":{"self":[{"href":"https:\/\/brandss.com.py\/index\/wp-json\/wp\/v2\/product\/69141","targetHints":{"allow":["GET"]}}],"collection":[{"href":"https:\/\/brandss.com.py\/index\/wp-json\/wp\/v2\/product"}],"about":[{"href":"https:\/\/brandss.com.py\/index\/wp-json\/wp\/v2\/types\/product"}],"replies":[{"embeddable":true,"href":"https:\/\/brandss.com.py\/index\/wp-json\/wp\/v2\/comments?post=69141"}],"version-history":[{"count":1,"href":"https:\/\/brandss.com.py\/index\/wp-json\/wp\/v2\/product\/69141\/revisions"}],"predecessor-version":[{"id":69149,"href":"https:\/\/brandss.com.py\/index\/wp-json\/wp\/v2\/product\/69141\/revisions\/69149"}],"wp:featuredmedia":[{"embeddable":true,"href":"https:\/\/brandss.com.py\/index\/wp-json\/wp\/v2\/media\/69142"}],"wp:attachment":[{"href":"https:\/\/brandss.com.py\/index\/wp-json\/wp\/v2\/media?parent=69141"}],"wp:term":[{"taxonomy":"product_brand","embeddable":true,"href":"https:\/\/brandss.com.py\/index\/wp-json\/wp\/v2\/product_brand?post=69141"},{"taxonomy":"product_cat","embeddable":true,"href":"https:\/\/brandss.com.py\/index\/wp-json\/wp\/v2\/product_cat?post=69141"},{"taxonomy":"product_tag","embeddable":true,"href":"https:\/\/brandss.com.py\/index\/wp-json\/wp\/v2\/product_tag?post=69141"}],"curies":[{"name":"wp","href":"https:\/\/api.w.org\/{rel}","templated":true}]}}