{"id":69171,"date":"2025-02-03T12:22:54","date_gmt":"2025-02-03T12:22:54","guid":{"rendered":"https:\/\/brandss.com.py\/index\/?post_type=product&#038;p=69171"},"modified":"2026-03-30T13:46:46","modified_gmt":"2026-03-30T13:46:46","slug":"perfume-femenino-mirada-verato-white-musk-edp-100ml","status":"publish","type":"product","link":"https:\/\/brandss.com.py\/index\/producto\/perfume-femenino-mirada-verato-white-musk-edp-100ml\/","title":{"rendered":"PERFUME FEMENINO MIRADA VERATO WHITE MUSK EDP 100ML"},"content":{"rendered":"<p><img loading=\"lazy\" decoding=\"async\" class=\"\" src=\"https:\/\/static.wixstatic.com\/media\/0db4c0_6b66477cf9894fcc9c58ff827846b2ec~mv2.jpeg\/v1\/fit\/w_500,h_500,q_90\/file.jpg\" alt=\"Mirada | Perfume Wonders\" width=\"87\" height=\"62\" \/><\/p>\n<h1>VERATO WHITE MUSK<\/h1>\n<p><img loading=\"lazy\" decoding=\"async\" class=\"alignleft\" src=\"https:\/\/m.media-amazon.com\/images\/I\/51S-Th25I1L.jpg\" width=\"205\" height=\"290\" \/><\/p>\n<p>&nbsp;<\/p>\n<p>Una fragancia cautivadora que combina notas suaves de almizcle blanco con toques florales delicados. Ideal para la mujer moderna, este perfume ofrece una experiencia olfativa \u00fanica que resalta la elegancia y la feminidad. Su presentaci\u00f3n de 100ML lo convierte en el complemento perfecto para cualquier ocasi\u00f3n. Atr\u00e9vete a dejar una huella inolvidable con Mirada Verato White Musk.<br \/>\n\u00a1Hazlo tuyo y disfruta de su esencia duradera!<\/p>\n<p>Un seductor perfume de almizcle blanco para mujer en combinaci\u00f3n con un perfume de lavanda, un perfume de bergamota y un perfume de haba tonka- es una fragancia encantadora dise\u00f1ada para la mujer moderna que busca elegancia y calidez. Mezclada con cuidado, esta fragancia presenta una mezcla cautivadora de notas encantadoras, profundas y adictivas que crean un aroma armonioso y hermoso, \u00a1como parte de nuestra serie de perfumes de lujo para mujeres Perla &amp; Verato!<\/p>\n<p>Es una fragancia que desprende calidez, alegr\u00eda y belleza atemporal, lo que la convierte en una elecci\u00f3n perfecta para cualquier ocasi\u00f3n. Simplemente roc\u00edalo y deja que el seductor aroma te transporte a un mundo de elegancia y encanto.<\/p>\n<h3>La Fragancia<\/h3>\n<p>Las notas altas de lavanda y bergamota introducen un aura refrescante y vigorizante, preparando el escenario para el cautivador viaje que se avecina. Las notas de coraz\u00f3n de canela y clavo a\u00f1aden un toque de especias y encanto, infundiendo profundidad e intriga a la fragancia. Finalmente, las notas de fondo de almizcle, vainilla y haba tonka brindan una base c\u00e1lida y reconfortante, dejando una impresi\u00f3n duradera que es a la vez alegre y seductora.<\/p>\n<p><img loading=\"lazy\" decoding=\"async\" class=\"alignleft\" src=\"https:\/\/i.ebayimg.com\/images\/g\/fs8AAOSwSg1lvkbr\/s-l960.webp\" width=\"593\" height=\"594\" \/><\/p>\n<h3>Notas Olfativas<\/h3>\n<p>&nbsp;<\/p>\n<p><span>VERATO WHITE MUSK es una fragancia encantadora que deleita los sentidos, mezclado en una mezcla embriagadora de notas encantadoras, profundas y adictivas, dulces y almizcladas para producir una mezcla armoniosa de gran belleza, el perfume femenino ideal para su conjunto de perfumes.<\/span><\/p>\n<p><span>Mirada Verato White Musk EDP es una fragancia de la familia olfativa oriental especiada para mujeres.<\/span><\/p>\n<ul>\n<li><strong><span>Notas de salida:<\/span><\/strong><span>\u00a0Lavanda y bergamota.\n<p><\/span><\/li>\n<li><strong><span>Notas de coraz\u00f3n:<\/span><\/strong><span> canela y clavo.\n<p><\/span><\/li>\n<li><strong><span>Notas de fondo:<\/span><\/strong><span>\u00a0Almizcle, vainilla y haba tonka.<\/span><\/li>\n<\/ul>\n","protected":false},"excerpt":{"rendered":"<p>VERATO WHITE MUSK &nbsp; Una fragancia cautivadora que combina notas suaves de almizcle blanco con toques florales delicados. Ideal para<\/p>\n","protected":false},"featured_media":69184,"comment_status":"open","ping_status":"closed","template":"","meta":{"nf_dc_page":""},"product_brand":[1968],"product_cat":[84],"product_tag":[1978],"class_list":{"0":"post-69171","1":"product","2":"type-product","3":"status-publish","4":"has-post-thumbnail","6":"product_brand-mirada","7":"product_cat-perfumeria","8":"product_tag-1978","10":"first","11":"instock","12":"sale","13":"shipping-taxable","14":"purchasable","15":"product-type-simple"},"_links":{"self":[{"href":"https:\/\/brandss.com.py\/index\/wp-json\/wp\/v2\/product\/69171","targetHints":{"allow":["GET"]}}],"collection":[{"href":"https:\/\/brandss.com.py\/index\/wp-json\/wp\/v2\/product"}],"about":[{"href":"https:\/\/brandss.com.py\/index\/wp-json\/wp\/v2\/types\/product"}],"replies":[{"embeddable":true,"href":"https:\/\/brandss.com.py\/index\/wp-json\/wp\/v2\/comments?post=69171"}],"version-history":[{"count":1,"href":"https:\/\/brandss.com.py\/index\/wp-json\/wp\/v2\/product\/69171\/revisions"}],"predecessor-version":[{"id":69192,"href":"https:\/\/brandss.com.py\/index\/wp-json\/wp\/v2\/product\/69171\/revisions\/69192"}],"wp:featuredmedia":[{"embeddable":true,"href":"https:\/\/brandss.com.py\/index\/wp-json\/wp\/v2\/media\/69184"}],"wp:attachment":[{"href":"https:\/\/brandss.com.py\/index\/wp-json\/wp\/v2\/media?parent=69171"}],"wp:term":[{"taxonomy":"product_brand","embeddable":true,"href":"https:\/\/brandss.com.py\/index\/wp-json\/wp\/v2\/product_brand?post=69171"},{"taxonomy":"product_cat","embeddable":true,"href":"https:\/\/brandss.com.py\/index\/wp-json\/wp\/v2\/product_cat?post=69171"},{"taxonomy":"product_tag","embeddable":true,"href":"https:\/\/brandss.com.py\/index\/wp-json\/wp\/v2\/product_tag?post=69171"}],"curies":[{"name":"wp","href":"https:\/\/api.w.org\/{rel}","templated":true}]}}