{"id":69223,"date":"2025-02-03T13:25:46","date_gmt":"2025-02-03T13:25:46","guid":{"rendered":"https:\/\/brandss.com.py\/index\/?post_type=product&#038;p=69223"},"modified":"2026-04-27T18:31:40","modified_gmt":"2026-04-27T18:31:40","slug":"perfume-femenino-mirada-miss-surf-cherie-edp-100ml","status":"publish","type":"product","link":"https:\/\/brandss.com.py\/index\/producto\/perfume-femenino-mirada-miss-surf-cherie-edp-100ml\/","title":{"rendered":"PERFUME FEMENINO MIRADA MISS SURF CHERIE EDP 100ML"},"content":{"rendered":"<p><img loading=\"lazy\" decoding=\"async\" class=\"\" src=\"https:\/\/static.wixstatic.com\/media\/0db4c0_6b66477cf9894fcc9c58ff827846b2ec~mv2.jpeg\/v1\/fit\/w_500,h_500,q_90\/file.jpg\" alt=\"Mirada | Perfume Wonders\" width=\"83\" height=\"59\" \/><\/p>\n<h1>MISS SURF CHERIE<\/h1>\n<p><span class=\"a-list-item\">Es una fragancia encantadora dise\u00f1ada para celebrar el esp\u00edritu despreocupado y aventurero de las mujeres. E<\/span>s una creaci\u00f3n que comprime las maravillas del amor en una fragancia inspiradora. Como parte de la serie Surf, esta lujosa mezcla crea un aroma embriagador dise\u00f1ado para evocar euforia pura. Simplemente roc\u00eda Miss Surf Ch\u00e9rie para disfrutar de su cautivador ramo y disfrutar de la experiencia lujosa y encantadora que ofrece.<\/p>\n<p>Este perfume es ideal para usar en ocasiones especiales, ya que su aroma delicado y femenino lo hace perfecto para eventos formales o salidas nocturnas. Sin embargo, tambi\u00e9n es una excelente opci\u00f3n para el d\u00eda a d\u00eda, ya que su frescura lo convierte en un aliado perfecto para cualquier momento.<\/p>\n<p>Mirada Surf Miss Surf Cherie est\u00e1 dise\u00f1ado para mujeres que buscan destacar su personalidad y dejar una impresi\u00f3n duradera. Su concentraci\u00f3n de perfume garantiza una larga duraci\u00f3n, por lo que podr\u00e1s disfrutar de su aroma durante todo el d\u00eda sin necesidad de reaplicarlo constantemente.<\/p>\n<h5>Aroma<\/h5>\n<p class=\"a-spacing-base\">Esta composici\u00f3n de fragancia es una exquisita mezcla de notas frescas, florales y amaderadas. Las notas altas de fresa, mandarina y naranja proporcionan una apertura dulce y vibrante. Las notas de coraz\u00f3n de Jasmine y Rose aportan elegancia y sofisticaci\u00f3n, mientras que las notas de fondo de pachul\u00ed, s\u00e1ndalo, \u00e1mbar, musgo de roble y vetiver crean una base c\u00e1lida y sensual que perdura maravillosamente.<\/p>\n<p>&nbsp;<\/p>\n<h3>Notas Olfativas<img decoding=\"async\" class=\"alignleft\" src=\"https:\/\/m.media-amazon.com\/images\/I\/61Ar6QbCGjL._SX466_.jpg\" \/><\/h3>\n<p>&nbsp;<\/p>\n<p>Es un perfume que ha conquistado a muchas mujeres por su aroma fresco y juvenil. Pertenece a la familia olfativa floral frutal, lo que lo convierte en una opci\u00f3n perfecta para aquellas que buscan una fragancia dulce y alegre.<\/p>\n<p>El perfume Miss Surf Ch\u00e9rie de Mirada es una fragancia de la familia olfativa chipre floral para mujeres.<\/p>\n<p><strong>Notas de salida:<\/strong> Fresa y mandarina.<\/p>\n<p><strong>Notas de coraz\u00f3n:<\/strong> Jazm\u00edn y rosa.<\/p>\n<p><strong>Notas de fondo:<\/strong> Pachul\u00ed, s\u00e1ndalo, \u00e1mbar, musgo de roble y vetiver.<\/p>\n","protected":false},"excerpt":{"rendered":"<p>MISS SURF CHERIE Es una fragancia encantadora dise\u00f1ada para celebrar el esp\u00edritu despreocupado y aventurero de las mujeres. Es una<\/p>\n","protected":false},"featured_media":69233,"comment_status":"open","ping_status":"closed","template":"","meta":{"nf_dc_page":""},"product_brand":[1968],"product_cat":[84],"product_tag":[1984],"class_list":{"0":"post-69223","1":"product","2":"type-product","3":"status-publish","4":"has-post-thumbnail","6":"product_brand-mirada","7":"product_cat-perfumeria","8":"product_tag-1984","10":"first","11":"instock","12":"sale","13":"shipping-taxable","14":"purchasable","15":"product-type-simple"},"_links":{"self":[{"href":"https:\/\/brandss.com.py\/index\/wp-json\/wp\/v2\/product\/69223","targetHints":{"allow":["GET"]}}],"collection":[{"href":"https:\/\/brandss.com.py\/index\/wp-json\/wp\/v2\/product"}],"about":[{"href":"https:\/\/brandss.com.py\/index\/wp-json\/wp\/v2\/types\/product"}],"replies":[{"embeddable":true,"href":"https:\/\/brandss.com.py\/index\/wp-json\/wp\/v2\/comments?post=69223"}],"version-history":[{"count":1,"href":"https:\/\/brandss.com.py\/index\/wp-json\/wp\/v2\/product\/69223\/revisions"}],"predecessor-version":[{"id":69241,"href":"https:\/\/brandss.com.py\/index\/wp-json\/wp\/v2\/product\/69223\/revisions\/69241"}],"wp:featuredmedia":[{"embeddable":true,"href":"https:\/\/brandss.com.py\/index\/wp-json\/wp\/v2\/media\/69233"}],"wp:attachment":[{"href":"https:\/\/brandss.com.py\/index\/wp-json\/wp\/v2\/media?parent=69223"}],"wp:term":[{"taxonomy":"product_brand","embeddable":true,"href":"https:\/\/brandss.com.py\/index\/wp-json\/wp\/v2\/product_brand?post=69223"},{"taxonomy":"product_cat","embeddable":true,"href":"https:\/\/brandss.com.py\/index\/wp-json\/wp\/v2\/product_cat?post=69223"},{"taxonomy":"product_tag","embeddable":true,"href":"https:\/\/brandss.com.py\/index\/wp-json\/wp\/v2\/product_tag?post=69223"}],"curies":[{"name":"wp","href":"https:\/\/api.w.org\/{rel}","templated":true}]}}