{"id":69255,"date":"2025-02-03T13:51:03","date_gmt":"2025-02-03T13:51:03","guid":{"rendered":"https:\/\/brandss.com.py\/index\/?post_type=product&#038;p=69255"},"modified":"2026-04-27T12:01:09","modified_gmt":"2026-04-27T12:01:09","slug":"perfume-femenino-adylan-norah-passion-edp-100ml","status":"publish","type":"product","link":"https:\/\/brandss.com.py\/index\/producto\/perfume-femenino-adylan-norah-passion-edp-100ml\/","title":{"rendered":"PERFUME FEMENINO ADYAN NORAH PASSION EDP 100ML"},"content":{"rendered":"<p><img loading=\"lazy\" decoding=\"async\" class=\"\" src=\"https:\/\/rafaelos.com\/cdn\/shop\/files\/adyanlogo_2dc9ca67-cb71-40cd-bc9a-2a77987d8902.jpg?v=1737927703&amp;width=1445\" alt=\"ADYAN Riviera 3.4 oz 100 ml EDP \u2013 Rafaelos\" width=\"93\" height=\"92\" \/><\/p>\n<h1>NORAH PASSION<\/h1>\n<p>Descubre la esencia cautivadora Norah Passion, una fragancia que trasciende lo ordinario y despierta los sentidos. Dise\u00f1ada para quienes buscan una experiencia olfativa \u00fanica, esta obra maestra es un homenaje a la pasi\u00f3n y la elegancia.<\/p>\n<p><b><strong>Dulzura equilibrada<img loading=\"lazy\" decoding=\"async\" class=\"alignleft\" src=\"https:\/\/www.perfumeplusoutlet.com\/cdn\/shop\/files\/29_1800x1800.jpg?v=1739819625\" width=\"581\" height=\"581\" \/><\/strong><\/b><\/p>\n<p>Norah Passion logra el equilibrio perfecto entre dulzura y frescura. Las frutas gourmand y tropicales aportan una dulzura alegre, mientras que las notas florales y amaderadas la refinan. Esta armon\u00eda garantiza que la fragancia no sea demasiado pesada ni abrumadora.<\/p>\n<p><b><strong>Sensual y femenina<\/strong><\/b><\/p>\n<p>La mezcla de vainilla, almizcle y orqu\u00eddea crea una sensaci\u00f3n suave y sensual que realza la feminidad. Es la opci\u00f3n perfecta para mujeres que buscan un aroma alegre y a la vez seductor. La fragancia irradia encanto y confianza.<\/p>\n<p><b><strong>Apto para todas las estaciones<\/strong><\/b><\/p>\n<p>Con su mezcla de c\u00edtricos, florales y maderas c\u00e1lidas, Norah Passion es ideal para cualquier estaci\u00f3n. Ofrece frescura para los d\u00edas m\u00e1s c\u00e1lidos y una calidez acogedora para las noches m\u00e1s frescas. Su versatilidad la convierte en una favorita durante todo el a\u00f1o.<\/p>\n<p><b><strong>Rendimiento duradero<\/strong><\/b><\/p>\n<p>La combinaci\u00f3n de notas florales, frutales y amaderadas garantiza una fragancia de impresionante duraci\u00f3n. Permanece en la piel durante horas sin necesidad de retoques frecuentes. Su estela deja una estela memorable y agradable.<\/p>\n<p><b><strong>Embalaje elegante<\/strong><\/b><\/p>\n<p>Norah Passion se presenta en un frasco de hermoso dise\u00f1o. No solo deleita los sentidos, sino que tambi\u00e9n es una magn\u00edfica pieza decorativa para tu tocador. Su elegante dise\u00f1o refleja la sofisticaci\u00f3n de la fragancia que contiene.<\/p>\n<p>&nbsp;<\/p>\n<h3>Notas Olfativas<\/h3>\n<p>&nbsp;<\/p>\n<p>La exquisita Norah Passion es perfecta para mujeres audaces y apasionadas. Comienza con una vibrante mezcla de orqu\u00eddea, heliotropo y mandarina. El coraz\u00f3n combina dulces notas gourmand con frutas tropicales para un toque juguet\u00f3n y ex\u00f3tico. Termina con c\u00e1lida vainilla, almizcle y s\u00e1ndalo, dejando una estela suave y sensual. Esta fragancia es perfecta para mujeres que buscan un equilibrio entre dulzura y calidez.<\/p>\n<p>&nbsp;<\/p>\n<p><b><strong>Notas de salida:\u00a0<\/strong><\/b> orqu\u00eddea, heliotropo, mandarina.<\/p>\n<p><b><strong>Notas de coraz\u00f3n:<\/strong><\/b>\u00a0 Acorde gourmand, frutas tropicales.<\/p>\n<p><b><strong>Notas de fondo:\u00a0<\/strong><\/b> vainilla, almizcle, s\u00e1ndalo.<\/p>\n","protected":false},"excerpt":{"rendered":"<p>NORAH PASSION Descubre la esencia cautivadora Norah Passion, una fragancia que trasciende lo ordinario y despierta los sentidos. Dise\u00f1ada para<\/p>\n","protected":false},"featured_media":88067,"comment_status":"open","ping_status":"closed","template":"","meta":{"nf_dc_page":""},"product_brand":[1972],"product_cat":[84],"product_tag":[1987],"class_list":{"0":"post-69255","1":"product","2":"type-product","3":"status-publish","4":"has-post-thumbnail","6":"product_brand-adyan","7":"product_cat-perfumeria","8":"product_tag-1987","10":"first","11":"instock","12":"sale","13":"shipping-taxable","14":"purchasable","15":"product-type-simple"},"_links":{"self":[{"href":"https:\/\/brandss.com.py\/index\/wp-json\/wp\/v2\/product\/69255","targetHints":{"allow":["GET"]}}],"collection":[{"href":"https:\/\/brandss.com.py\/index\/wp-json\/wp\/v2\/product"}],"about":[{"href":"https:\/\/brandss.com.py\/index\/wp-json\/wp\/v2\/types\/product"}],"replies":[{"embeddable":true,"href":"https:\/\/brandss.com.py\/index\/wp-json\/wp\/v2\/comments?post=69255"}],"version-history":[{"count":5,"href":"https:\/\/brandss.com.py\/index\/wp-json\/wp\/v2\/product\/69255\/revisions"}],"predecessor-version":[{"id":88069,"href":"https:\/\/brandss.com.py\/index\/wp-json\/wp\/v2\/product\/69255\/revisions\/88069"}],"wp:featuredmedia":[{"embeddable":true,"href":"https:\/\/brandss.com.py\/index\/wp-json\/wp\/v2\/media\/88067"}],"wp:attachment":[{"href":"https:\/\/brandss.com.py\/index\/wp-json\/wp\/v2\/media?parent=69255"}],"wp:term":[{"taxonomy":"product_brand","embeddable":true,"href":"https:\/\/brandss.com.py\/index\/wp-json\/wp\/v2\/product_brand?post=69255"},{"taxonomy":"product_cat","embeddable":true,"href":"https:\/\/brandss.com.py\/index\/wp-json\/wp\/v2\/product_cat?post=69255"},{"taxonomy":"product_tag","embeddable":true,"href":"https:\/\/brandss.com.py\/index\/wp-json\/wp\/v2\/product_tag?post=69255"}],"curies":[{"name":"wp","href":"https:\/\/api.w.org\/{rel}","templated":true}]}}