{"id":69270,"date":"2025-02-03T14:14:07","date_gmt":"2025-02-03T14:14:07","guid":{"rendered":"https:\/\/brandss.com.py\/index\/?post_type=product&#038;p=69270"},"modified":"2026-04-27T18:33:25","modified_gmt":"2026-04-27T18:33:25","slug":"perfume-masculino-mirada-verato-man-night-edp-100ml","status":"publish","type":"product","link":"https:\/\/brandss.com.py\/index\/producto\/perfume-masculino-mirada-verato-man-night-edp-100ml\/","title":{"rendered":"PERFUME MASCULINO MIRADA VERATO MAN NIGHT EDP 100ML"},"content":{"rendered":"<p><img loading=\"lazy\" decoding=\"async\" class=\"\" src=\"https:\/\/static.wixstatic.com\/media\/0db4c0_6b66477cf9894fcc9c58ff827846b2ec~mv2.jpeg\/v1\/fit\/w_500,h_500,q_90\/file.jpg\" alt=\"Mirada | Perfume Wonders\" width=\"116\" height=\"82\" \/><\/p>\n<h1>VERATO MAN NIGHT<\/h1>\n<p>Es un Eau de Parfum meticulosamente elaborado para un hombre moderno que irradia sofisticaci\u00f3n inigualable. Con una mezcla din\u00e1mica irresistible, su aroma crea un aura de puro encanto.<\/p>\n<h3>Notas Olfativas<\/h3>\n<ul>\n<li>Notas de salida: Manzana, lim\u00f3n, lima, bergamota, pimienta rosa<\/li>\n<li>Notas de coraz\u00f3n: Pi\u00f1a, pachul\u00ed, grosella negra, jazm\u00edn marroqu\u00ed<\/li>\n<li>Notas de base: Abedul, almizcle, musgo de roble, ambroxano, madera de cedro<\/li>\n<\/ul>\n","protected":false},"excerpt":{"rendered":"<p>VERATO MAN NIGHT Es un Eau de Parfum meticulosamente elaborado para un hombre moderno que irradia sofisticaci\u00f3n inigualable. Con una<\/p>\n","protected":false},"featured_media":69274,"comment_status":"open","ping_status":"closed","template":"","meta":{"nf_dc_page":""},"product_brand":[1968],"product_cat":[84],"product_tag":[1989],"class_list":{"0":"post-69270","1":"product","2":"type-product","3":"status-publish","4":"has-post-thumbnail","6":"product_brand-mirada","7":"product_cat-perfumeria","8":"product_tag-1989","10":"first","11":"instock","12":"sale","13":"shipping-taxable","14":"purchasable","15":"product-type-simple"},"_links":{"self":[{"href":"https:\/\/brandss.com.py\/index\/wp-json\/wp\/v2\/product\/69270","targetHints":{"allow":["GET"]}}],"collection":[{"href":"https:\/\/brandss.com.py\/index\/wp-json\/wp\/v2\/product"}],"about":[{"href":"https:\/\/brandss.com.py\/index\/wp-json\/wp\/v2\/types\/product"}],"replies":[{"embeddable":true,"href":"https:\/\/brandss.com.py\/index\/wp-json\/wp\/v2\/comments?post=69270"}],"version-history":[{"count":1,"href":"https:\/\/brandss.com.py\/index\/wp-json\/wp\/v2\/product\/69270\/revisions"}],"predecessor-version":[{"id":69280,"href":"https:\/\/brandss.com.py\/index\/wp-json\/wp\/v2\/product\/69270\/revisions\/69280"}],"wp:featuredmedia":[{"embeddable":true,"href":"https:\/\/brandss.com.py\/index\/wp-json\/wp\/v2\/media\/69274"}],"wp:attachment":[{"href":"https:\/\/brandss.com.py\/index\/wp-json\/wp\/v2\/media?parent=69270"}],"wp:term":[{"taxonomy":"product_brand","embeddable":true,"href":"https:\/\/brandss.com.py\/index\/wp-json\/wp\/v2\/product_brand?post=69270"},{"taxonomy":"product_cat","embeddable":true,"href":"https:\/\/brandss.com.py\/index\/wp-json\/wp\/v2\/product_cat?post=69270"},{"taxonomy":"product_tag","embeddable":true,"href":"https:\/\/brandss.com.py\/index\/wp-json\/wp\/v2\/product_tag?post=69270"}],"curies":[{"name":"wp","href":"https:\/\/api.w.org\/{rel}","templated":true}]}}