{"id":69295,"date":"2025-02-03T16:38:45","date_gmt":"2025-02-03T16:38:45","guid":{"rendered":"https:\/\/brandss.com.py\/index\/?post_type=product&#038;p=69295"},"modified":"2026-03-30T18:33:32","modified_gmt":"2026-03-30T18:33:32","slug":"perfume-masculino-camara-eldorado-kingdom-edp-100ml","status":"publish","type":"product","link":"https:\/\/brandss.com.py\/index\/producto\/perfume-masculino-camara-eldorado-kingdom-edp-100ml\/","title":{"rendered":"PERFUME MASCULINO CAMARA ELDORADO KINGDOM EDP 100ML"},"content":{"rendered":"<p><img loading=\"lazy\" decoding=\"async\" class=\"\" src=\"https:\/\/aunmasguapa.com\/cdn\/shop\/collections\/Captura_de_pantalla_2025-01-12_a_las_20.12.24.png?v=1736709579&amp;width=1500\" alt=\"A\u00fan M\u00e1s Guapa!\" width=\"107\" height=\"99\" \/><\/p>\n<h1>ELDORADO KINGDOM<\/h1>\n<p>Eldorado Kingdom es un perfume sensual, un aroma rico y oscuro creado manipulando las notas m\u00e1s violentas en un n\u00e9ctar armonioso que despierta tu encanto memorizador. Kingdom Eau de Parfum es una fragancia amaderada para hombres. Momentos de \u00e9xtasis envuelven los sentidos con Eldorado, el cristal blanco. Encendiendo con una emoci\u00f3n adictiva, una explosi\u00f3n ardiente de ron oscuro y rico define la apertura, su dulce acorde gourmand suavizado por vainilla cremosa y frutas secas. El pachul\u00ed picante se mezcla con el aroma fresco y amaderado del cedro al final, encontrando una armon\u00eda animal al final.<\/p>\n<h3>Notas Olfativas<\/h3>\n<p>El perfume Eldorado Kingdom de Camara es una fragancia de la familia olfativa oriental amaderado para hombres. Con una concentraci\u00f3n del tipo Eau de Parfum, ofrece una duradera y alta intensidad arom\u00e1tica en la piel. Sus notas est\u00e1n compuestas por los siguientes ingredientes.<\/p>\n<ul>\n<li><span><strong>Notas de salida:<\/strong> Jazm\u00edn, notas afrutadas, nuez moscada.<\/span><\/li>\n<li><span><strong>Notas coraz\u00f3:<\/strong> Ron, pachul\u00ed.<\/span><\/li>\n<li><span><strong>\u00a0Notas de fondo:<\/strong>\u00a0<\/span>\u00a0\u00a0almizcle, \u00e1mbar, cedro de Virginia, oud, vainilla.<\/li>\n<\/ul>\n","protected":false},"excerpt":{"rendered":"<p>ELDORADO KINGDOM Eldorado Kingdom es un perfume sensual, un aroma rico y oscuro creado manipulando las notas m\u00e1s violentas en<\/p>\n","protected":false},"featured_media":69296,"comment_status":"open","ping_status":"closed","template":"","meta":{"nf_dc_page":""},"product_brand":[1992],"product_cat":[84],"product_tag":[1993],"class_list":{"0":"post-69295","1":"product","2":"type-product","3":"status-publish","4":"has-post-thumbnail","6":"product_brand-camara","7":"product_cat-perfumeria","8":"product_tag-1993","10":"first","11":"outofstock","12":"shipping-taxable","13":"purchasable","14":"product-type-simple"},"_links":{"self":[{"href":"https:\/\/brandss.com.py\/index\/wp-json\/wp\/v2\/product\/69295","targetHints":{"allow":["GET"]}}],"collection":[{"href":"https:\/\/brandss.com.py\/index\/wp-json\/wp\/v2\/product"}],"about":[{"href":"https:\/\/brandss.com.py\/index\/wp-json\/wp\/v2\/types\/product"}],"replies":[{"embeddable":true,"href":"https:\/\/brandss.com.py\/index\/wp-json\/wp\/v2\/comments?post=69295"}],"version-history":[{"count":1,"href":"https:\/\/brandss.com.py\/index\/wp-json\/wp\/v2\/product\/69295\/revisions"}],"predecessor-version":[{"id":69298,"href":"https:\/\/brandss.com.py\/index\/wp-json\/wp\/v2\/product\/69295\/revisions\/69298"}],"wp:featuredmedia":[{"embeddable":true,"href":"https:\/\/brandss.com.py\/index\/wp-json\/wp\/v2\/media\/69296"}],"wp:attachment":[{"href":"https:\/\/brandss.com.py\/index\/wp-json\/wp\/v2\/media?parent=69295"}],"wp:term":[{"taxonomy":"product_brand","embeddable":true,"href":"https:\/\/brandss.com.py\/index\/wp-json\/wp\/v2\/product_brand?post=69295"},{"taxonomy":"product_cat","embeddable":true,"href":"https:\/\/brandss.com.py\/index\/wp-json\/wp\/v2\/product_cat?post=69295"},{"taxonomy":"product_tag","embeddable":true,"href":"https:\/\/brandss.com.py\/index\/wp-json\/wp\/v2\/product_tag?post=69295"}],"curies":[{"name":"wp","href":"https:\/\/api.w.org\/{rel}","templated":true}]}}