{"id":69304,"date":"2025-02-03T17:30:12","date_gmt":"2025-02-03T17:30:12","guid":{"rendered":"https:\/\/brandss.com.py\/index\/?post_type=product&#038;p=69304"},"modified":"2025-12-11T17:15:58","modified_gmt":"2025-12-11T17:15:58","slug":"perfume-femenino-camara-posh-powdery-edp-100ml","status":"publish","type":"product","link":"https:\/\/brandss.com.py\/index\/producto\/perfume-femenino-camara-posh-powdery-edp-100ml\/","title":{"rendered":"PERFUME FEMENINO CAMARA POSH POWDERY EDP 100ML"},"content":{"rendered":"<p><img loading=\"lazy\" decoding=\"async\" class=\"\" src=\"https:\/\/aunmasguapa.com\/cdn\/shop\/collections\/Captura_de_pantalla_2025-01-12_a_las_20.12.24.png?v=1736709579&amp;width=1500\" alt=\"A\u00fan M\u00e1s Guapa!\" width=\"83\" height=\"77\" \/><\/p>\n<h1>POSH POWDERY<\/h1>\n<p>Anuncia tu llegada sin mucho esfuerzo con esta fragancia sensacional. Es una fragancia floral y amaderada impregnada de ex\u00f3ticos aromas gourmand que hacen que todo aquel que la use destaque con su aroma a\u00fan presente despu\u00e9s de que se haya ido de escena. Un aroma muy sensual y arom\u00e1tico que encantar\u00e1 a todo aquel que tenga gusto por los buenos perfumes. <span class=\"Y2IQFc\" lang=\"es\">Este encantador aroma se convierte en un incentivo gratificante para todos los adictos.<\/span><\/p>\n<h3>Notas Olfativas<\/h3>\n<p>El perfume\u00a0Posh Powdery\u00a0de\u00a0Camara\u00a0es una fragancia de la familia olfativa amaderada almizclada<strong>\u00a0<\/strong>para mujeres. Con una concentraci\u00f3n del tipo Eau de Parfum, ofrece una duradera y alta intensidad arom\u00e1tica en la piel. Sus notas est\u00e1n compuestas por los siguientes ingredientes.<\/p>\n<ul>\n<li><strong>Notas de salida:<\/strong>\u00a0Jazm\u00edn, rosa y flor de naranja<\/li>\n<li><strong>Nota de coraz\u00f3n:<\/strong>\u00a0Almizcle y notas polvorientas<\/li>\n<li><span dir=\"ltr\" lang=\"es-MX\"><strong>Notas de fondo:\u00a0<\/strong><\/span><span dir=\"ltr\" lang=\"es-MX\">Cedro, pachul\u00ed, vetiver y cumarina<\/span><\/li>\n<\/ul>\n","protected":false},"excerpt":{"rendered":"<p>POSH POWDERY Anuncia tu llegada sin mucho esfuerzo con esta fragancia sensacional. Es una fragancia floral y amaderada impregnada de<\/p>\n","protected":false},"featured_media":69305,"comment_status":"open","ping_status":"closed","template":"","meta":{"nf_dc_page":""},"product_brand":[1992],"product_cat":[84],"product_tag":[1995],"class_list":{"0":"post-69304","1":"product","2":"type-product","3":"status-publish","4":"has-post-thumbnail","6":"product_brand-camara","7":"product_cat-perfumeria","8":"product_tag-1995","10":"first","11":"instock","12":"shipping-taxable","13":"purchasable","14":"product-type-simple"},"_links":{"self":[{"href":"https:\/\/brandss.com.py\/index\/wp-json\/wp\/v2\/product\/69304","targetHints":{"allow":["GET"]}}],"collection":[{"href":"https:\/\/brandss.com.py\/index\/wp-json\/wp\/v2\/product"}],"about":[{"href":"https:\/\/brandss.com.py\/index\/wp-json\/wp\/v2\/types\/product"}],"replies":[{"embeddable":true,"href":"https:\/\/brandss.com.py\/index\/wp-json\/wp\/v2\/comments?post=69304"}],"version-history":[{"count":2,"href":"https:\/\/brandss.com.py\/index\/wp-json\/wp\/v2\/product\/69304\/revisions"}],"predecessor-version":[{"id":69310,"href":"https:\/\/brandss.com.py\/index\/wp-json\/wp\/v2\/product\/69304\/revisions\/69310"}],"wp:featuredmedia":[{"embeddable":true,"href":"https:\/\/brandss.com.py\/index\/wp-json\/wp\/v2\/media\/69305"}],"wp:attachment":[{"href":"https:\/\/brandss.com.py\/index\/wp-json\/wp\/v2\/media?parent=69304"}],"wp:term":[{"taxonomy":"product_brand","embeddable":true,"href":"https:\/\/brandss.com.py\/index\/wp-json\/wp\/v2\/product_brand?post=69304"},{"taxonomy":"product_cat","embeddable":true,"href":"https:\/\/brandss.com.py\/index\/wp-json\/wp\/v2\/product_cat?post=69304"},{"taxonomy":"product_tag","embeddable":true,"href":"https:\/\/brandss.com.py\/index\/wp-json\/wp\/v2\/product_tag?post=69304"}],"curies":[{"name":"wp","href":"https:\/\/api.w.org\/{rel}","templated":true}]}}