{"id":69330,"date":"2025-02-04T11:03:46","date_gmt":"2025-02-04T11:03:46","guid":{"rendered":"https:\/\/brandss.com.py\/index\/?post_type=product&#038;p=69330"},"modified":"2025-02-04T11:04:24","modified_gmt":"2025-02-04T11:04:24","slug":"chaqueta-deportivo-femenino-nike-anorak-dri-fit-bliss-luxe","status":"publish","type":"product","link":"https:\/\/brandss.com.py\/index\/producto\/chaqueta-deportivo-femenino-nike-anorak-dri-fit-bliss-luxe\/","title":{"rendered":"CHAQUETA DEPORTIVO FEMENINO NIKE ANORAK DRI-FIT BLISS LUXE"},"content":{"rendered":"<p><img loading=\"lazy\" decoding=\"async\" class=\"\" src=\"https:\/\/1000marcas.net\/wp-content\/uploads\/2019\/11\/Logo-Nike.jpg\" alt=\"Logo de Nike: la historia y el significado del logotipo, la marca y el  s\u00edmbolo. | png, vector\" width=\"132\" height=\"74\" \/><\/p>\n<h1>ANORAK DRI-FIT BLISS LUXE<\/h1>\n<p>ENCUENTRA TU FELICIDAD EN UNA COBERTURA REPELENTE AL AGUA.<\/p>\n<p>La chaqueta anorak Nike Dri-FIT Bliss Luxe define el lujo con un tejido de alta elasticidad en un dise\u00f1o repelente al agua que te ayuda a mantenerte seco y moverte con naturalidad, incluso en condiciones dif\u00edciles. La cintura y la capucha se ajustan para crear un look a medida mientras te protegen del clima.<\/p>\n<p>Luxe es m\u00e1s: parte de la l\u00ednea Nike Luxe, esta capa exterior lleva la cobertura al siguiente nivel con un tejido de alta elasticidad que te ayuda a moverte libremente y un acabado repelente al agua para mantener a raya los elementos. Cobertura adicional: una solapa contra tormentas sobre la cremallera delantera se abre a presi\u00f3n para evitar que entre la lluvia y el fr\u00edo. Los pu\u00f1os el\u00e1sticos mantienen las mangas en su lugar mientras te mueves. Comodidad ajustable: los cordones en la cintura y la capucha se ajustan para mantener tu ajuste c\u00f3modo y el clima a raya. El dobladillo dividido en la espalda te ayuda a moverte sin restricciones.<\/p>\n<p><strong>Detalles del producto: <\/strong><\/p>\n<p>Ajuste extragrande para una sensaci\u00f3n holgada y espaciosa.<\/p>\n<p>Llega a la mitad o la parte inferior del muslo.<\/p>\n<p>Bolsillos en el frente.<\/p>\n<p>Composici\u00f3n: 80 % nailon\/20 % elastano.<\/p>\n<p>Lavar a m\u00e1quina.<\/p>\n<p>Importado.<\/p>\n<p>Color: azul marino medianoche\/transparente;<\/p>\n<p>Modelo: DH3527-410<\/p>\n","protected":false},"excerpt":{"rendered":"<p>ANORAK DRI-FIT BLISS LUXE ENCUENTRA TU FELICIDAD EN UNA COBERTURA REPELENTE AL AGUA. La chaqueta anorak Nike Dri-FIT Bliss Luxe<\/p>\n","protected":false},"featured_media":69331,"comment_status":"open","ping_status":"closed","template":"","meta":{"nf_dc_page":""},"product_brand":[],"product_cat":[73],"product_tag":[],"class_list":{"0":"post-69330","1":"product","2":"type-product","3":"status-publish","4":"has-post-thumbnail","6":"product_cat-femenino","8":"first","9":"instock","10":"shipping-taxable","11":"purchasable","12":"product-type-simple"},"_links":{"self":[{"href":"https:\/\/brandss.com.py\/index\/wp-json\/wp\/v2\/product\/69330","targetHints":{"allow":["GET"]}}],"collection":[{"href":"https:\/\/brandss.com.py\/index\/wp-json\/wp\/v2\/product"}],"about":[{"href":"https:\/\/brandss.com.py\/index\/wp-json\/wp\/v2\/types\/product"}],"replies":[{"embeddable":true,"href":"https:\/\/brandss.com.py\/index\/wp-json\/wp\/v2\/comments?post=69330"}],"version-history":[{"count":1,"href":"https:\/\/brandss.com.py\/index\/wp-json\/wp\/v2\/product\/69330\/revisions"}],"predecessor-version":[{"id":69339,"href":"https:\/\/brandss.com.py\/index\/wp-json\/wp\/v2\/product\/69330\/revisions\/69339"}],"wp:featuredmedia":[{"embeddable":true,"href":"https:\/\/brandss.com.py\/index\/wp-json\/wp\/v2\/media\/69331"}],"wp:attachment":[{"href":"https:\/\/brandss.com.py\/index\/wp-json\/wp\/v2\/media?parent=69330"}],"wp:term":[{"taxonomy":"product_brand","embeddable":true,"href":"https:\/\/brandss.com.py\/index\/wp-json\/wp\/v2\/product_brand?post=69330"},{"taxonomy":"product_cat","embeddable":true,"href":"https:\/\/brandss.com.py\/index\/wp-json\/wp\/v2\/product_cat?post=69330"},{"taxonomy":"product_tag","embeddable":true,"href":"https:\/\/brandss.com.py\/index\/wp-json\/wp\/v2\/product_tag?post=69330"}],"curies":[{"name":"wp","href":"https:\/\/api.w.org\/{rel}","templated":true}]}}