{"id":69340,"date":"2025-02-04T11:43:00","date_gmt":"2025-02-04T11:43:00","guid":{"rendered":"https:\/\/brandss.com.py\/index\/?post_type=product&#038;p=69340"},"modified":"2025-02-04T11:44:19","modified_gmt":"2025-02-04T11:44:19","slug":"chaqueta-deportivo-femenino-nike-dri-fit-uv-victory-de-golf","status":"publish","type":"product","link":"https:\/\/brandss.com.py\/index\/producto\/chaqueta-deportivo-femenino-nike-dri-fit-uv-victory-de-golf\/","title":{"rendered":"CHAQUETA DEPORTIVO FEMENINO NIKE DRI-FIT UV VICTORY DE GOLF"},"content":{"rendered":"<p><img loading=\"lazy\" decoding=\"async\" class=\"\" src=\"https:\/\/1000marcas.net\/wp-content\/uploads\/2019\/11\/Logo-Nike.jpg\" alt=\"Logo de Nike: la historia y el significado del logotipo, la marca y el  s\u00edmbolo. | png, vector\" width=\"132\" height=\"74\" \/><\/p>\n<h1>DRI-FIT UV VICTORY<\/h1>\n<h5><span>UN ESENCIAL LIGERO.<\/span><\/h5>\n<p><span>Dise\u00f1ada para usar en capas, la\u00a0<\/span><strong><span>camiseta Nike Dri-FIT UV Victory<\/span><\/strong><span>\u00a0combina un tejido el\u00e1stico y transpirable con un cierre de largo completo para que puedas ajustar el flujo de aire mientras viajas.<\/span><\/p>\n<h5><span>Beneficios<\/span><\/h5>\n<ul>\n<li><span>La tecnolog\u00eda Dri-FIT te ayuda a mantenerte seco y c\u00f3modo.<\/span><\/li>\n<li><span>El tejido de punto transpirable tiene una textura similar a una malla con mucha elasticidad.<\/span><\/li>\n<li><span>La protecci\u00f3n de cremallera en la parte superior del cuello se siente suave contra la barbilla.<\/span><\/li>\n<li><span>Los bolsillos laterales est\u00e1n forrados con malla para reducir el volumen.<\/span><\/li>\n<\/ul>\n<h5><span>Caracter\u00edsticas<\/span><\/h5>\n<ul>\n<li><span>Ajuste est\u00e1ndar para una sensaci\u00f3n relajada y c\u00f3moda.<\/span><\/li>\n<li><span>100% poli\u00e9ster.<\/span><\/li>\n<li><span>Lavado a m\u00e1quina.<\/span><\/li>\n<li><span>Importado.<\/span><\/li>\n<li>Color: Fusion- Red.<\/li>\n<li>Modelo: CU9664-604.<\/li>\n<\/ul>\n","protected":false},"excerpt":{"rendered":"<p>DRI-FIT UV VICTORY UN ESENCIAL LIGERO. Dise\u00f1ada para usar en capas, la\u00a0camiseta Nike Dri-FIT UV Victory\u00a0combina un tejido el\u00e1stico y<\/p>\n","protected":false},"featured_media":69341,"comment_status":"open","ping_status":"closed","template":"","meta":{"nf_dc_page":""},"product_brand":[],"product_cat":[73],"product_tag":[],"class_list":{"0":"post-69340","1":"product","2":"type-product","3":"status-publish","4":"has-post-thumbnail","6":"product_cat-femenino","8":"first","9":"instock","10":"shipping-taxable","11":"purchasable","12":"product-type-simple"},"_links":{"self":[{"href":"https:\/\/brandss.com.py\/index\/wp-json\/wp\/v2\/product\/69340","targetHints":{"allow":["GET"]}}],"collection":[{"href":"https:\/\/brandss.com.py\/index\/wp-json\/wp\/v2\/product"}],"about":[{"href":"https:\/\/brandss.com.py\/index\/wp-json\/wp\/v2\/types\/product"}],"replies":[{"embeddable":true,"href":"https:\/\/brandss.com.py\/index\/wp-json\/wp\/v2\/comments?post=69340"}],"version-history":[{"count":1,"href":"https:\/\/brandss.com.py\/index\/wp-json\/wp\/v2\/product\/69340\/revisions"}],"predecessor-version":[{"id":69347,"href":"https:\/\/brandss.com.py\/index\/wp-json\/wp\/v2\/product\/69340\/revisions\/69347"}],"wp:featuredmedia":[{"embeddable":true,"href":"https:\/\/brandss.com.py\/index\/wp-json\/wp\/v2\/media\/69341"}],"wp:attachment":[{"href":"https:\/\/brandss.com.py\/index\/wp-json\/wp\/v2\/media?parent=69340"}],"wp:term":[{"taxonomy":"product_brand","embeddable":true,"href":"https:\/\/brandss.com.py\/index\/wp-json\/wp\/v2\/product_brand?post=69340"},{"taxonomy":"product_cat","embeddable":true,"href":"https:\/\/brandss.com.py\/index\/wp-json\/wp\/v2\/product_cat?post=69340"},{"taxonomy":"product_tag","embeddable":true,"href":"https:\/\/brandss.com.py\/index\/wp-json\/wp\/v2\/product_tag?post=69340"}],"curies":[{"name":"wp","href":"https:\/\/api.w.org\/{rel}","templated":true}]}}