{"id":69348,"date":"2025-02-04T12:16:22","date_gmt":"2025-02-04T12:16:22","guid":{"rendered":"https:\/\/brandss.com.py\/index\/?post_type=product&#038;p=69348"},"modified":"2025-02-04T12:19:10","modified_gmt":"2025-02-04T12:19:10","slug":"moleton-deportivo-femenino-nike-dri-fit-mid-layer-mangas-largas","status":"publish","type":"product","link":"https:\/\/brandss.com.py\/index\/producto\/moleton-deportivo-femenino-nike-dri-fit-mid-layer-mangas-largas\/","title":{"rendered":"MOLET\u00d3N DEPORTIVO FEMENINO NIKE DRI-FIT MID-LAYER MANGAS LARGAS DE GOLF"},"content":{"rendered":"<p><img loading=\"lazy\" decoding=\"async\" class=\"\" src=\"https:\/\/1000marcas.net\/wp-content\/uploads\/2019\/11\/Logo-Nike.jpg\" alt=\"Logo de Nike: la historia y el significado del logotipo, la marca y el  s\u00edmbolo. | png, vector\" width=\"91\" height=\"51\" \/><\/p>\n<h1>DRI-FIT MID-LAYER<\/h1>\n<p>Solo o como capa, este top es tu nueva opci\u00f3n para mayor comodidad mientras juegas al green. Su tejido liviano es fresco al tacto y absorbe el sudor, lo que te ayuda a mantenerte seco y c\u00f3modo desde el tee de salida 1 hasta el hoyo 18.<\/p>\n<p><strong>Beneficios<\/strong><\/p>\n<ul>\n<li>La tecnolog\u00eda Nike Dri-FIT aleja el sudor de la piel para una evaporaci\u00f3n m\u00e1s r\u00e1pida y te ayuda a mantenerte seco y c\u00f3modo.<\/li>\n<li>La tela floral jacquard a\u00f1ade un poco de textura a tus prendas b\u00e1sicas.<\/li>\n<li>Los bolsillos brindan almacenamiento r\u00e1pido para las llaves, el tel\u00e9fono y las manos fr\u00edas.<\/li>\n<\/ul>\n<p><strong>Detalles del producto<\/strong><\/p>\n<p>Composici\u00f3n: Cuerpo: 98 % poli\u00e9ster\/2 % spandex. Bolsas de bolsillo: 100% poli\u00e9ster.<\/p>\n<p>Lavar a m\u00e1quina<\/p>\n<p>Importado<\/p>\n<p>Color: Piedra caliza\/Marr\u00f3n madera mineral claro\/Negro<\/p>\n<p>Modelo: DO6790-250<\/p>\n","protected":false},"excerpt":{"rendered":"<p>DRI-FIT MID-LAYER Solo o como capa, este top es tu nueva opci\u00f3n para mayor comodidad mientras juegas al green. Su<\/p>\n","protected":false},"featured_media":69349,"comment_status":"open","ping_status":"closed","template":"","meta":{"nf_dc_page":""},"product_brand":[],"product_cat":[73],"product_tag":[],"class_list":{"0":"post-69348","1":"product","2":"type-product","3":"status-publish","4":"has-post-thumbnail","6":"product_cat-femenino","8":"first","9":"instock","10":"shipping-taxable","11":"purchasable","12":"product-type-simple"},"_links":{"self":[{"href":"https:\/\/brandss.com.py\/index\/wp-json\/wp\/v2\/product\/69348","targetHints":{"allow":["GET"]}}],"collection":[{"href":"https:\/\/brandss.com.py\/index\/wp-json\/wp\/v2\/product"}],"about":[{"href":"https:\/\/brandss.com.py\/index\/wp-json\/wp\/v2\/types\/product"}],"replies":[{"embeddable":true,"href":"https:\/\/brandss.com.py\/index\/wp-json\/wp\/v2\/comments?post=69348"}],"version-history":[{"count":2,"href":"https:\/\/brandss.com.py\/index\/wp-json\/wp\/v2\/product\/69348\/revisions"}],"predecessor-version":[{"id":69357,"href":"https:\/\/brandss.com.py\/index\/wp-json\/wp\/v2\/product\/69348\/revisions\/69357"}],"wp:featuredmedia":[{"embeddable":true,"href":"https:\/\/brandss.com.py\/index\/wp-json\/wp\/v2\/media\/69349"}],"wp:attachment":[{"href":"https:\/\/brandss.com.py\/index\/wp-json\/wp\/v2\/media?parent=69348"}],"wp:term":[{"taxonomy":"product_brand","embeddable":true,"href":"https:\/\/brandss.com.py\/index\/wp-json\/wp\/v2\/product_brand?post=69348"},{"taxonomy":"product_cat","embeddable":true,"href":"https:\/\/brandss.com.py\/index\/wp-json\/wp\/v2\/product_cat?post=69348"},{"taxonomy":"product_tag","embeddable":true,"href":"https:\/\/brandss.com.py\/index\/wp-json\/wp\/v2\/product_tag?post=69348"}],"curies":[{"name":"wp","href":"https:\/\/api.w.org\/{rel}","templated":true}]}}