{"id":69363,"date":"2025-02-04T12:44:06","date_gmt":"2025-02-04T12:44:06","guid":{"rendered":"https:\/\/brandss.com.py\/index\/?post_type=product&#038;p=69363"},"modified":"2025-02-04T12:48:35","modified_gmt":"2025-02-04T12:48:35","slug":"blusa-femenino-wallis-ml","status":"publish","type":"product","link":"https:\/\/brandss.com.py\/index\/producto\/blusa-femenino-wallis-ml\/","title":{"rendered":"BLUSA FEMENINO WALLIS ML"},"content":{"rendered":"<p><img loading=\"lazy\" decoding=\"async\" class=\"\" src=\"https:\/\/www.theindustry.fashion\/wp-content\/uploads\/2021\/09\/wallis.jpg\" alt=\"Wallis - TheIndustry.fashion\" width=\"307\" height=\"135\" \/><\/p>\n<h1>BYY05514<\/h1>\n<div class=\"tta_outtxt tta_outtxt_regen\" data-priority=\"2\">\n<div id=\"tta_output_ta\" class=\"tta_no_click_outline tta_output_hastxt tta_focusTextExtraExtraSmall\" dir=\"ltr\" lang=\"es\" data-placeholder=\"Traducci\u00f3n\">Descripci\u00f3n<br \/>\nTejido de viscosa suave y fluido con un acabado liso<br \/>\nCorte holgado con mangas largas de obispo<br \/>\nEl detalle del cuello anudado en la parte delantera a\u00f1ade inter\u00e9s visual<br \/>\nLos pu\u00f1os el\u00e1sticos crean un ajuste c\u00f3modo<br \/>\nEl vers\u00e1til tono s\u00f3lido complementa varios estampados<br \/>\nEsta blusa de corte relajado y cuello anudado de Wallis favorece la figura con su tejido de viscosa suave y fluido y su acabado liso. Las mangas largas de obispo y los pu\u00f1os el\u00e1sticos crean un ajuste c\u00f3modo. El detalle de cuello anudado en la parte delantera a\u00f1ade una sutil sofisticaci\u00f3n. Comb\u00ednalo con pantalones, faldas o jeans para un estilo vers\u00e1til. Esta blusa funciona bien sola o en capas debajo de c\u00e1rdigans y chaquetas. El vibrante tono azul complementa varios estampados y patrones. Adecuado tanto para ropa informal de d\u00eda como para ocasiones elegantes de noche.<\/div>\n<div>\n<div id=\"tta_regen_cnt\" class=\"\" dir=\"ltr\" data-priority=\"2\">\n<div id=\"infobubble_item_9_3D026F\" class=\"infobubble_item infobubble_tooltip\" data-bubbleid=\"infobubble_9_3D026F\">\n<div id=\"tta_regenTransIcon\" role=\"button\" aria-label=\"Regenerar con IA\" data-priority=\"2\"><\/div>\n<\/div>\n<\/div>\n<\/div>\n<\/div>\n<div id=\"t_outputoptions\" class=\"t_outputoptions t_outputhelperoptions\">\n<div id=\"tta_outctrl\" class=\"t_secOptions b_clearfix \">\n<div id=\"infobubble_item_10_3D06B1\" class=\"infobubble_item infobubble_tooltip\" data-bubbleid=\"infobubble_10_3D06B1\">\n<div class=\"tta_playc\">\n<div id=\"tta_playicontgt\" class=\"t_option\" role=\"button\" aria-label=\"Escuchar traducci\u00f3n\"><\/div>\n<\/div>\n<\/div>\n<div class=\"t_copyText\">\n<div id=\"infobubble_item_11_3D09D7\" class=\"infobubble_item infobubble_tooltip\" data-bubbleid=\"infobubble_11_3D09D7\">\n<div id=\"tta_copyIcon\" class=\"t_option\" role=\"button\" aria-label=\"Copiar\"><\/div>\n<\/div>\n<\/div>\n<\/div>\n<\/div>\n<div id=\"tta_outGDCont\" data-iid=\"SERP.5596\"><\/div>\n","protected":false},"excerpt":{"rendered":"<p>BYY05514 Descripci\u00f3n Tejido de viscosa suave y fluido con un acabado liso Corte holgado con mangas largas de obispo El<\/p>\n","protected":false},"featured_media":69371,"comment_status":"open","ping_status":"closed","template":"","meta":{"nf_dc_page":""},"product_brand":[],"product_cat":[73],"product_tag":[],"class_list":{"0":"post-69363","1":"product","2":"type-product","3":"status-publish","4":"has-post-thumbnail","6":"product_cat-femenino","8":"first","9":"instock","10":"shipping-taxable","11":"purchasable","12":"product-type-simple"},"_links":{"self":[{"href":"https:\/\/brandss.com.py\/index\/wp-json\/wp\/v2\/product\/69363","targetHints":{"allow":["GET"]}}],"collection":[{"href":"https:\/\/brandss.com.py\/index\/wp-json\/wp\/v2\/product"}],"about":[{"href":"https:\/\/brandss.com.py\/index\/wp-json\/wp\/v2\/types\/product"}],"replies":[{"embeddable":true,"href":"https:\/\/brandss.com.py\/index\/wp-json\/wp\/v2\/comments?post=69363"}],"version-history":[{"count":2,"href":"https:\/\/brandss.com.py\/index\/wp-json\/wp\/v2\/product\/69363\/revisions"}],"predecessor-version":[{"id":69384,"href":"https:\/\/brandss.com.py\/index\/wp-json\/wp\/v2\/product\/69363\/revisions\/69384"}],"wp:featuredmedia":[{"embeddable":true,"href":"https:\/\/brandss.com.py\/index\/wp-json\/wp\/v2\/media\/69371"}],"wp:attachment":[{"href":"https:\/\/brandss.com.py\/index\/wp-json\/wp\/v2\/media?parent=69363"}],"wp:term":[{"taxonomy":"product_brand","embeddable":true,"href":"https:\/\/brandss.com.py\/index\/wp-json\/wp\/v2\/product_brand?post=69363"},{"taxonomy":"product_cat","embeddable":true,"href":"https:\/\/brandss.com.py\/index\/wp-json\/wp\/v2\/product_cat?post=69363"},{"taxonomy":"product_tag","embeddable":true,"href":"https:\/\/brandss.com.py\/index\/wp-json\/wp\/v2\/product_tag?post=69363"}],"curies":[{"name":"wp","href":"https:\/\/api.w.org\/{rel}","templated":true}]}}