{"id":69370,"date":"2025-02-04T12:50:54","date_gmt":"2025-02-04T12:50:54","guid":{"rendered":"https:\/\/brandss.com.py\/index\/?post_type=product&#038;p=69370"},"modified":"2025-02-04T12:52:58","modified_gmt":"2025-02-04T12:52:58","slug":"top-deportivo-femenino-adidas-dont-rest-alphaskin","status":"publish","type":"product","link":"https:\/\/brandss.com.py\/index\/producto\/top-deportivo-femenino-adidas-dont-rest-alphaskin\/","title":{"rendered":"TOP DEPORTIVO FEMENINO ADIDAS DON&#8217;T REST ALPHASKIN"},"content":{"rendered":"<p><img loading=\"lazy\" decoding=\"async\" class=\"\" src=\"https:\/\/encrypted-tbn0.gstatic.com\/images?q=tbn:ANd9GcSGLJC-hmcfN9t5pvZRmFrTBktTfr4lpdWKTA&amp;s\" alt=\"Archivo:Adidas Logo.svg - Wikipedia, la enciclopedia libre\" width=\"82\" height=\"55\" \/><\/p>\n<h1>DON&#8217;T REST ALPHASKIN<\/h1>\n<h3 class=\"subtitle___9ljbp\">Top deportivo de compresi\u00f3n dise\u00f1ado para mantenerte fresca, seca y c\u00f3moda<\/h3>\n<p class=\"gl-vspace\">Dale nueva vida a tu rutina de entrenamiento. Este top deportivo para mujer incorpora tejido Alphaskin el\u00e1stico que envuelve el cuerpo para ofrecer una total libertad de movimiento y un ajuste de compresi\u00f3n que sujeta tus m\u00fasculos mientras entrenas. Adem\u00e1s, cuenta con tejido Climacool transpirable que ayuda a controlar el calor y la humedad, y protecci\u00f3n UV contra los rayos del sol.<\/p>\n<div class=\"accordion__header-text___2o9Im\">\n<h2 class=\"accordion-title___2sTgR\">Caracter\u00edsticas<\/h2>\n<\/div>\n<div class=\"accordion__header-icon___2FuRa\"><\/div>\n<div class=\"accordion__content___29x9h\">\n<div class=\"content-padding___2kVWQ\">\n<div class=\"features-section___1pumR\">\n<div class=\"item___1X-1_\"><img decoding=\"async\" class=\"img_with_fallback___2aHBu feature-icon___3S9eQ\" src=\"https:\/\/brand.assets.adidas.com\/image\/upload\/support_medium_36d9aa7bf3.jpg\" alt=\"\" data-auto-id=\"image\" \/><\/p>\n<p class=\"feature-icon-text___3Owgv\">Soporte Medio<\/p>\n<\/div>\n<div class=\"item___1X-1_\"><img decoding=\"async\" class=\"img_with_fallback___2aHBu feature-icon___3S9eQ\" src=\"https:\/\/brand.assets.adidas.com\/image\/upload\/straps_non_detachable_e84b4539d9.jpg\" alt=\"\" data-auto-id=\"image\" \/><\/p>\n<p class=\"feature-icon-text___3Owgv\">Tiras no removibles<\/p>\n<\/div>\n<div class=\"item___1X-1_\"><img decoding=\"async\" class=\"img_with_fallback___2aHBu feature-icon___3S9eQ\" src=\"https:\/\/brand.assets.adidas.com\/image\/upload\/padding_no_padding_90fc6fe84c.jpg\" alt=\"\" data-auto-id=\"image\" \/><\/p>\n<p class=\"feature-icon-text___3Owgv\">Sin acolchado<\/p>\n<div class=\"accordion__header-text___2o9Im\">\n<h2 class=\"accordion-title___2sTgR\">Cuidados<\/h2>\n<\/div>\n<div class=\"accordion__header-icon___2FuRa\"><\/div>\n<div class=\"accordion__content___29x9h\">\n<div class=\"content-padding___2kVWQ\">\n<div class=\"care___2GwB4\" data-auto-id=\"pdp-content-care\">\n<div class=\"care-instructions___3scEd\">\n<h4 class=\"care-title___2YJe1 gl-no-margin-bottom\">Instrucciones de lavado<\/h4>\n<ul class=\"\">\n<li class=\"gl-vspace-bpall-small\"><img loading=\"lazy\" decoding=\"async\" src=\"https:\/\/www.adidas.mx\/glass\/react\/622080a\/assets\/img\/washing-instructions\/B1.svg\" alt=\"\" width=\"24\" height=\"24\" \/>No usar blanqueador<\/li>\n<li class=\"gl-vspace-bpall-small\"><img loading=\"lazy\" decoding=\"async\" src=\"https:\/\/www.adidas.mx\/glass\/react\/622080a\/assets\/img\/washing-instructions\/C1.svg\" alt=\"\" width=\"24\" height=\"24\" \/>No utillizar secadora<\/li>\n<li class=\"gl-vspace-bpall-small\"><img loading=\"lazy\" decoding=\"async\" src=\"https:\/\/www.adidas.mx\/glass\/react\/622080a\/assets\/img\/washing-instructions\/E1.svg\" alt=\"\" width=\"24\" height=\"24\" \/>No lavar en seco.<\/li>\n<li class=\"gl-vspace-bpall-small\"><img loading=\"lazy\" decoding=\"async\" src=\"https:\/\/www.adidas.mx\/glass\/react\/622080a\/assets\/img\/washing-instructions\/D1.svg\" alt=\"\" width=\"24\" height=\"24\" \/>No planchar<\/li>\n<li class=\"gl-vspace-bpall-small\"><img loading=\"lazy\" decoding=\"async\" src=\"https:\/\/www.adidas.mx\/glass\/react\/622080a\/assets\/img\/washing-instructions\/A4.svg\" alt=\"\" width=\"24\" height=\"24\" \/>Lavar a m\u00e1quina en temperatura fr\u00eda y en ciclo delicado.<\/li>\n<\/ul>\n<\/div>\n<div class=\"extra-instructions___2TR8b\">\n<h4 class=\"care-title___2YJe1 gl-no-margin-bottom\">Informaci\u00f3n adicional sobre el cuidado<\/h4>\n<ul class=\"gl-list gl-vspace-bpall-small\">\n<li class=\"gl-vspace-bpall-small\">No usar suavizante<\/li>\n<li class=\"gl-vspace-bpall-small\">Usar \u00fanicamente detergente suave<\/li>\n<li class=\"gl-vspace-bpall-small\">Lavar por separado<\/li>\n<li class=\"gl-vspace-bpall-small\">Retirar r\u00e1pidamente despu\u00e9s de lavar<\/li>\n<\/ul>\n<div class=\"accordion__header-text___2o9Im\">\n<h2 class=\"accordion-title___2sTgR\">Detalles<\/h2>\n<\/div>\n<div class=\"accordion__header-icon___2FuRa\"><\/div>\n<div class=\"accordion__content___29x9h\">\n<div class=\"content-padding___2kVWQ\">\n<div class=\"bullets___3bsSs\" data-auto-id=\"specifications-section\">\n<ul class=\"gl-list\">\n<li class=\"gl-vspace-bpall-small\">Climacool te mantiene fresca y seca en climas c\u00e1lidos<\/li>\n<li class=\"gl-vspace-bpall-small\">Alphaskin ofrece un ajuste de compresi\u00f3n que se adapta al cuerpo y acompa\u00f1a todos tus movimientos<\/li>\n<li class=\"gl-vspace-bpall-small\">Estructura cin\u00e9tica envolvente para una total libertad de movimiento<\/li>\n<li class=\"gl-vspace-bpall-small\">Cuello redondo; espalda de malla doble-capa con tirante central; dobladillo de banda el\u00e1stica suave y c\u00f3modo con estampado adidas envolvente<\/li>\n<li class=\"gl-vspace-bpall-small\">Sujeci\u00f3n media; protecci\u00f3n FPS 50+ contra los rayos UV<\/li>\n<li class=\"gl-vspace-bpall-small\">Logo adidas Badge of Sport al frente<\/li>\n<li class=\"gl-vspace-bpall-small\">Ajuste de compresi\u00f3n: se amolda a tu cuerpo para una sensaci\u00f3n de m\u00e1xima sujeci\u00f3n que ayuda a reducir la vibraci\u00f3n de los m\u00fasculos<\/li>\n<li class=\"gl-vspace-bpall-small\">Tejido de punto doble 83% poli\u00e9ster reciclado \/ 17% elastano<\/li>\n<li class=\"gl-vspace-bpall-small\">Color: Black<\/li>\n<li class=\"gl-vspace-bpall-small\">Modelo: CF6599<\/li>\n<\/ul>\n<\/div>\n<\/div>\n<\/div>\n<\/div>\n<\/div>\n<\/div>\n<\/div>\n<\/div>\n<\/div>\n<\/div>\n<\/div>\n","protected":false},"excerpt":{"rendered":"<p>DON&#8217;T REST ALPHASKIN Top deportivo de compresi\u00f3n dise\u00f1ado para mantenerte fresca, seca y c\u00f3moda Dale nueva vida a tu rutina<\/p>\n","protected":false},"featured_media":69375,"comment_status":"open","ping_status":"closed","template":"","meta":{"nf_dc_page":""},"product_brand":[],"product_cat":[73],"product_tag":[],"class_list":{"0":"post-69370","1":"product","2":"type-product","3":"status-publish","4":"has-post-thumbnail","6":"product_cat-femenino","8":"first","9":"instock","10":"shipping-taxable","11":"purchasable","12":"product-type-simple"},"_links":{"self":[{"href":"https:\/\/brandss.com.py\/index\/wp-json\/wp\/v2\/product\/69370","targetHints":{"allow":["GET"]}}],"collection":[{"href":"https:\/\/brandss.com.py\/index\/wp-json\/wp\/v2\/product"}],"about":[{"href":"https:\/\/brandss.com.py\/index\/wp-json\/wp\/v2\/types\/product"}],"replies":[{"embeddable":true,"href":"https:\/\/brandss.com.py\/index\/wp-json\/wp\/v2\/comments?post=69370"}],"version-history":[{"count":1,"href":"https:\/\/brandss.com.py\/index\/wp-json\/wp\/v2\/product\/69370\/revisions"}],"predecessor-version":[{"id":69383,"href":"https:\/\/brandss.com.py\/index\/wp-json\/wp\/v2\/product\/69370\/revisions\/69383"}],"wp:featuredmedia":[{"embeddable":true,"href":"https:\/\/brandss.com.py\/index\/wp-json\/wp\/v2\/media\/69375"}],"wp:attachment":[{"href":"https:\/\/brandss.com.py\/index\/wp-json\/wp\/v2\/media?parent=69370"}],"wp:term":[{"taxonomy":"product_brand","embeddable":true,"href":"https:\/\/brandss.com.py\/index\/wp-json\/wp\/v2\/product_brand?post=69370"},{"taxonomy":"product_cat","embeddable":true,"href":"https:\/\/brandss.com.py\/index\/wp-json\/wp\/v2\/product_cat?post=69370"},{"taxonomy":"product_tag","embeddable":true,"href":"https:\/\/brandss.com.py\/index\/wp-json\/wp\/v2\/product_tag?post=69370"}],"curies":[{"name":"wp","href":"https:\/\/api.w.org\/{rel}","templated":true}]}}