{"id":69391,"date":"2025-02-04T14:14:38","date_gmt":"2025-02-04T14:14:38","guid":{"rendered":"https:\/\/brandss.com.py\/index\/?post_type=product&#038;p=69391"},"modified":"2025-02-04T14:15:24","modified_gmt":"2025-02-04T14:15:24","slug":"calzado-deportivo-femenino-nike-court-royale-2-mid","status":"publish","type":"product","link":"https:\/\/brandss.com.py\/index\/producto\/calzado-deportivo-femenino-nike-court-royale-2-mid\/","title":{"rendered":"CALZADO DEPORTIVO FEMENINO NIKE COURT ROYALE 2 MID"},"content":{"rendered":"<p><img loading=\"lazy\" decoding=\"async\" class=\"\" src=\"https:\/\/1000marcas.net\/wp-content\/uploads\/2019\/11\/Logo-Nike.jpg\" alt=\"Logo de Nike: la historia y el significado del logotipo, la marca y el  s\u00edmbolo. | png, vector\" width=\"92\" height=\"52\" \/><\/p>\n<h1>COURT ROYALE 2 MID<\/h1>\n<p class=\"nds-text pb4-sm css-1gn9yhm e1yhcai00 appearance-body1 color-primary weight-bold\" data-testid=\"product-reason-to-buy\"><span>HECHO PARA SACUDIR LAS CALLES.<\/span><\/p>\n<p class=\"nds-text pb4-sm css-qtj9g7 e1yhcai00 appearance-body1 color-primary weight-regular\" data-testid=\"product-description\"><span>Las NikeCourt Royale 2 Mid son un recuerdo del pasado y cuentan con la suela en forma de banana que sacudi\u00f3 las calles a fines de los a\u00f1os 70. El cuero en la parte superior luce impecable, se siente suave y es f\u00e1cil de usar.<\/span><\/p>\n<div data-testid=\"benefit-section\"><\/div>\n<div data-testid=\"benefit-section\">\n<h4 class=\"nds-text pb2-sm css-1m2rxfq e1yhcai00 appearance-title4 color-primary weight-regular\" data-testid=\"benefit-header\"><span>Beneficios<\/span><\/h4>\n<ul class=\"ncss-list-ul pb4-sm\" data-testid=\"benefit-list\">\n<li class=\"nds-text ncss-li css-xlkxpi e1yhcai00 appearance-body1 color-primary weight-regular\"><span>El cuero de la parte superior se siente suave y liso, agrega durabilidad y se ve limpio y fresco.<\/span><\/li>\n<li class=\"nds-text ncss-li css-xlkxpi e1yhcai00 appearance-body1 color-primary weight-regular\"><span>La moderna suela de espiga aporta un toque nuevo al estilo tradicional, la tracci\u00f3n y la durabilidad.<\/span><\/li>\n<li class=\"nds-text ncss-li css-xlkxpi e1yhcai00 appearance-body1 color-primary weight-regular\"><span>El dise\u00f1o acolchado de media ca\u00f1a se siente c\u00f3modo y presenta costuras decorativas en los lados.<\/span><\/li>\n<li class=\"nds-text ncss-li css-xlkxpi e1yhcai00 appearance-body1 color-primary weight-regular\"><span>La etiqueta colgante cosida en el cuello es s\u00f3lo uno de los muchos detalles nuevos y novedosos.<\/span><\/li>\n<li class=\"nds-text ncss-li css-xlkxpi e1yhcai00 appearance-body1 color-primary weight-regular\"><span>El detalle de cincha en el tal\u00f3n a\u00f1ade un toque moderno.<\/span><\/li>\n<\/ul>\n<\/div>\n<div data-testid=\"benefit-section\"><\/div>\n<div data-testid=\"benefit-section\">\n<h4 class=\"nds-text pb2-sm css-1m2rxfq e1yhcai00 appearance-title4 color-primary weight-regular\" data-testid=\"benefit-header\"><span>Detalles del producto<\/span><\/h4>\n<ul class=\"ncss-list-ul pb4-sm\" data-testid=\"benefit-list\">\n<li class=\"nds-text ncss-li css-xlkxpi e1yhcai00 appearance-body1 color-primary weight-regular\"><span>Dise\u00f1o Swoosh grabado en el tal\u00f3n<\/span><\/li>\n<li class=\"nds-text ncss-li css-xlkxpi e1yhcai00 appearance-body1 color-primary weight-regular\"><span>El gran dise\u00f1o Swoosh a\u00f1ade atractivo retro.<\/span><\/li>\n<li class=\"nds-text ncss-li css-xlkxpi e1yhcai00 appearance-body1 color-primary weight-regular\"><span>Color: blanco\/blanco<\/span><\/li>\n<li class=\"nds-text ncss-li css-xlkxpi e1yhcai00 appearance-body1 color-primary weight-regular\"><span>Modelo: CT1725-100<\/span><\/li>\n<li class=\"nds-text ncss-li css-xlkxpi e1yhcai00 appearance-body1 color-primary weight-regular\"><span>Pa\u00eds\/regi\u00f3n de origen: Indonesia, Vietnam<\/span><\/li>\n<\/ul>\n<\/div>\n","protected":false},"excerpt":{"rendered":"<p>COURT ROYALE 2 MID HECHO PARA SACUDIR LAS CALLES. Las NikeCourt Royale 2 Mid son un recuerdo del pasado y<\/p>\n","protected":false},"featured_media":69392,"comment_status":"open","ping_status":"closed","template":"","meta":{"nf_dc_page":""},"product_brand":[],"product_cat":[73],"product_tag":[],"class_list":{"0":"post-69391","1":"product","2":"type-product","3":"status-publish","4":"has-post-thumbnail","6":"product_cat-femenino","8":"first","9":"instock","10":"shipping-taxable","11":"purchasable","12":"product-type-simple"},"_links":{"self":[{"href":"https:\/\/brandss.com.py\/index\/wp-json\/wp\/v2\/product\/69391","targetHints":{"allow":["GET"]}}],"collection":[{"href":"https:\/\/brandss.com.py\/index\/wp-json\/wp\/v2\/product"}],"about":[{"href":"https:\/\/brandss.com.py\/index\/wp-json\/wp\/v2\/types\/product"}],"replies":[{"embeddable":true,"href":"https:\/\/brandss.com.py\/index\/wp-json\/wp\/v2\/comments?post=69391"}],"version-history":[{"count":1,"href":"https:\/\/brandss.com.py\/index\/wp-json\/wp\/v2\/product\/69391\/revisions"}],"predecessor-version":[{"id":69401,"href":"https:\/\/brandss.com.py\/index\/wp-json\/wp\/v2\/product\/69391\/revisions\/69401"}],"wp:featuredmedia":[{"embeddable":true,"href":"https:\/\/brandss.com.py\/index\/wp-json\/wp\/v2\/media\/69392"}],"wp:attachment":[{"href":"https:\/\/brandss.com.py\/index\/wp-json\/wp\/v2\/media?parent=69391"}],"wp:term":[{"taxonomy":"product_brand","embeddable":true,"href":"https:\/\/brandss.com.py\/index\/wp-json\/wp\/v2\/product_brand?post=69391"},{"taxonomy":"product_cat","embeddable":true,"href":"https:\/\/brandss.com.py\/index\/wp-json\/wp\/v2\/product_cat?post=69391"},{"taxonomy":"product_tag","embeddable":true,"href":"https:\/\/brandss.com.py\/index\/wp-json\/wp\/v2\/product_tag?post=69391"}],"curies":[{"name":"wp","href":"https:\/\/api.w.org\/{rel}","templated":true}]}}