{"id":69403,"date":"2025-02-04T14:30:05","date_gmt":"2025-02-04T14:30:05","guid":{"rendered":"https:\/\/brandss.com.py\/index\/?post_type=product&#038;p=69403"},"modified":"2025-03-08T11:04:52","modified_gmt":"2025-03-08T11:04:52","slug":"auricular-inalambrico-jbl-vibe-100tws-negro","status":"publish","type":"product","link":"https:\/\/brandss.com.py\/index\/producto\/auricular-inalambrico-jbl-vibe-100tws-negro\/","title":{"rendered":"AURICULAR INALAMBRICO JBL VIBE 100TWS-NEGRO"},"content":{"rendered":"<p><img loading=\"lazy\" decoding=\"async\" class=\"\" src=\"https:\/\/th.bing.com\/th\/id\/R.72c6ae5effa4ff4c0e486ebb53df4c5c?rik=Jf7B%2bHtCoW5nNw&amp;riu=http%3a%2f%2fwww.logotypes101.com%2flogos%2f750%2fB2524BEE7A04DDFD22625F02641CF7F7%2fJBL.png&amp;ehk=gzy%2bmBqNY46%2bSd0XEZbLsm5SudiXPP%2fZvXOY%2f274sXg%3d&amp;risl=&amp;pid=ImgRaw&amp;r=0\" alt=\"JBL logo, Vector Logo of JBL brand free download (eps, ai, png, cdr ...\" width=\"216\" height=\"216\" \/><\/p>\n<h1>050036382472<\/h1>\n<p>Los <strong>auriculares inal\u00e1mbricos JBL Vibe 100TWS en color negro<\/strong> son una excelente opci\u00f3n para quienes buscan comodidad, calidad de sonido y conectividad sin cables. A continuaci\u00f3n, te detallo sus principales caracter\u00edsticas:<\/p>\n<ul>\n<li><strong>Sonido JBL Pure Bass<\/strong>: Gracias a la tecnolog\u00eda JBL Pure Bass, estos auriculares proporcionan un sonido n\u00edtido y potente, ideal para disfrutar de graves profundos y de una calidad de audio envolvente.<\/li>\n<li><strong>Conectividad Bluetooth<\/strong>: Los JBL Vibe 100TWS cuentan con tecnolog\u00eda Bluetooth 5.0, lo que permite una conexi\u00f3n estable y r\u00e1pida a tus dispositivos m\u00f3viles, tabletas y m\u00e1s, sin la necesidad de cables.<\/li>\n<li><strong>Dise\u00f1o ergon\u00f3mico<\/strong>: Son livianos y cuentan con un dise\u00f1o c\u00f3modo que se adapta perfectamente al o\u00eddo, lo que permite una experiencia de uso prolongada sin molestias. Adem\u00e1s, los auriculares son de tama\u00f1o compacto, facilitando su transporte.<\/li>\n<li><strong>Bater\u00eda de larga duraci\u00f3n<\/strong>: Ofrecen hasta <strong>20 horas de reproducci\u00f3n<\/strong> (incluyendo las horas de carga del estuche). Su estuche de carga port\u00e1til permite cargar los auriculares varias veces, asegurando que siempre est\u00e9n listos para usar.<\/li>\n<li><strong>Llamadas con manos libres<\/strong>: Est\u00e1n equipados con un micr\u00f3fono incorporado, lo que permite realizar llamadas de forma clara sin tener que sacar el tel\u00e9fono. La funci\u00f3n de manos libres facilita el uso mientras realizas otras actividades.<\/li>\n<li><strong>Resistencia al agua IPX2<\/strong>: Tienen una clasificaci\u00f3n de resistencia al agua IPX2, lo que los hace aptos para resistir sudor o salpicaduras leves, lo que los convierte en una excelente opci\u00f3n para el ejercicio y actividades al aire libre.<\/li>\n<li><strong>Control t\u00e1ctil<\/strong>: El panel t\u00e1ctil en los auriculares te permite gestionar la m\u00fasica, controlar el volumen y contestar llamadas de manera f\u00e1cil e intuitiva con solo tocar los auriculares.<\/li>\n<\/ul>\n<p>&nbsp;<\/p>\n","protected":false},"excerpt":{"rendered":"<p>050036382472 Los auriculares inal\u00e1mbricos JBL Vibe 100TWS en color negro son una excelente opci\u00f3n para quienes buscan comodidad, calidad de<\/p>\n","protected":false},"featured_media":69404,"comment_status":"open","ping_status":"closed","template":"","meta":{"nf_dc_page":""},"product_brand":[],"product_cat":[89],"product_tag":[],"class_list":{"0":"post-69403","1":"product","2":"type-product","3":"status-publish","4":"has-post-thumbnail","6":"product_cat-electronicos","8":"first","9":"outofstock","10":"shipping-taxable","11":"purchasable","12":"product-type-simple"},"_links":{"self":[{"href":"https:\/\/brandss.com.py\/index\/wp-json\/wp\/v2\/product\/69403","targetHints":{"allow":["GET"]}}],"collection":[{"href":"https:\/\/brandss.com.py\/index\/wp-json\/wp\/v2\/product"}],"about":[{"href":"https:\/\/brandss.com.py\/index\/wp-json\/wp\/v2\/types\/product"}],"replies":[{"embeddable":true,"href":"https:\/\/brandss.com.py\/index\/wp-json\/wp\/v2\/comments?post=69403"}],"version-history":[{"count":1,"href":"https:\/\/brandss.com.py\/index\/wp-json\/wp\/v2\/product\/69403\/revisions"}],"predecessor-version":[{"id":69412,"href":"https:\/\/brandss.com.py\/index\/wp-json\/wp\/v2\/product\/69403\/revisions\/69412"}],"wp:featuredmedia":[{"embeddable":true,"href":"https:\/\/brandss.com.py\/index\/wp-json\/wp\/v2\/media\/69404"}],"wp:attachment":[{"href":"https:\/\/brandss.com.py\/index\/wp-json\/wp\/v2\/media?parent=69403"}],"wp:term":[{"taxonomy":"product_brand","embeddable":true,"href":"https:\/\/brandss.com.py\/index\/wp-json\/wp\/v2\/product_brand?post=69403"},{"taxonomy":"product_cat","embeddable":true,"href":"https:\/\/brandss.com.py\/index\/wp-json\/wp\/v2\/product_cat?post=69403"},{"taxonomy":"product_tag","embeddable":true,"href":"https:\/\/brandss.com.py\/index\/wp-json\/wp\/v2\/product_tag?post=69403"}],"curies":[{"name":"wp","href":"https:\/\/api.w.org\/{rel}","templated":true}]}}