{"id":69413,"date":"2025-02-04T16:28:19","date_gmt":"2025-02-04T16:28:19","guid":{"rendered":"https:\/\/brandss.com.py\/index\/?post_type=product&#038;p=69413"},"modified":"2025-02-04T16:28:53","modified_gmt":"2025-02-04T16:28:53","slug":"calzado-deportivo-femenino-nike-air-max-ap","status":"publish","type":"product","link":"https:\/\/brandss.com.py\/index\/producto\/calzado-deportivo-femenino-nike-air-max-ap\/","title":{"rendered":"CALZADO DEPORTIVO FEMENINO NIKE AIR MAX AP"},"content":{"rendered":"<p><img loading=\"lazy\" decoding=\"async\" class=\"\" src=\"https:\/\/1000marcas.net\/wp-content\/uploads\/2019\/11\/Logo-Nike.jpg\" alt=\"Logo de Nike: la historia y el significado del logotipo, la marca y el s\u00edmbolo. | png, vector\" width=\"129\" height=\"73\" \/><\/p>\n<h1>AIR MAX AP<\/h1>\n<div class=\"b-fullpdpdetails__heading\"><strong>PERFECTA ARMON\u00cdA ENTRE LO PROBADO Y LO NUEVO.<\/strong><\/div>\n<div class=\"b-fullpdpdetails__item\" data-prop-name=\"productDescription\">Con su dise\u00f1o elegante y deportivo, las Nike Air Max AP te permiten unir el pasado y el presente con una comodidad de primera clase. Los detalles tradicionales hacen un gui\u00f1o a las Air Max 97, mientras que la parte superior estilizada y la entresuela m\u00e1s suave le dan un toque moderno. El dise\u00f1o de perfil bajo con cuello acolchado, malla aireada y plantilla c\u00f3moda invita a combinarlo con cualquier atuendo.<\/div>\n<div data-prop-name=\"productDescription\">\n<ul class=\"b-list--dots\">\n<li>Color: Phantom\/Sail\/Blanco\/Negro<\/li>\n<li>Modelo: CU4870-004<\/li>\n<\/ul>\n<\/div>\n","protected":false},"excerpt":{"rendered":"<p>AIR MAX AP PERFECTA ARMON\u00cdA ENTRE LO PROBADO Y LO NUEVO. Con su dise\u00f1o elegante y deportivo, las Nike Air<\/p>\n","protected":false},"featured_media":69415,"comment_status":"open","ping_status":"closed","template":"","meta":{"nf_dc_page":""},"product_brand":[],"product_cat":[73],"product_tag":[],"class_list":{"0":"post-69413","1":"product","2":"type-product","3":"status-publish","4":"has-post-thumbnail","6":"product_cat-femenino","8":"first","9":"instock","10":"shipping-taxable","11":"purchasable","12":"product-type-simple"},"_links":{"self":[{"href":"https:\/\/brandss.com.py\/index\/wp-json\/wp\/v2\/product\/69413","targetHints":{"allow":["GET"]}}],"collection":[{"href":"https:\/\/brandss.com.py\/index\/wp-json\/wp\/v2\/product"}],"about":[{"href":"https:\/\/brandss.com.py\/index\/wp-json\/wp\/v2\/types\/product"}],"replies":[{"embeddable":true,"href":"https:\/\/brandss.com.py\/index\/wp-json\/wp\/v2\/comments?post=69413"}],"version-history":[{"count":2,"href":"https:\/\/brandss.com.py\/index\/wp-json\/wp\/v2\/product\/69413\/revisions"}],"predecessor-version":[{"id":69428,"href":"https:\/\/brandss.com.py\/index\/wp-json\/wp\/v2\/product\/69413\/revisions\/69428"}],"wp:featuredmedia":[{"embeddable":true,"href":"https:\/\/brandss.com.py\/index\/wp-json\/wp\/v2\/media\/69415"}],"wp:attachment":[{"href":"https:\/\/brandss.com.py\/index\/wp-json\/wp\/v2\/media?parent=69413"}],"wp:term":[{"taxonomy":"product_brand","embeddable":true,"href":"https:\/\/brandss.com.py\/index\/wp-json\/wp\/v2\/product_brand?post=69413"},{"taxonomy":"product_cat","embeddable":true,"href":"https:\/\/brandss.com.py\/index\/wp-json\/wp\/v2\/product_cat?post=69413"},{"taxonomy":"product_tag","embeddable":true,"href":"https:\/\/brandss.com.py\/index\/wp-json\/wp\/v2\/product_tag?post=69413"}],"curies":[{"name":"wp","href":"https:\/\/api.w.org\/{rel}","templated":true}]}}