{"id":69430,"date":"2025-02-04T16:57:03","date_gmt":"2025-02-04T16:57:03","guid":{"rendered":"https:\/\/brandss.com.py\/index\/?post_type=product&#038;p=69430"},"modified":"2025-02-04T16:57:33","modified_gmt":"2025-02-04T16:57:33","slug":"calzado-deportivo-femnenino-nike-downshifter-12","status":"publish","type":"product","link":"https:\/\/brandss.com.py\/index\/producto\/calzado-deportivo-femnenino-nike-downshifter-12\/","title":{"rendered":"CALZADO DEPORTIVO FEMNENINO NIKE DOWNSHIFTER 12"},"content":{"rendered":"<p><img loading=\"lazy\" decoding=\"async\" class=\"\" src=\"https:\/\/1000marcas.net\/wp-content\/uploads\/2019\/11\/Logo-Nike.jpg\" alt=\"Logo de Nike: la historia y el significado del logotipo, la marca y el  s\u00edmbolo. | png, vector\" width=\"143\" height=\"81\" \/><\/p>\n<h1>DOWNSHIFTER 12<\/h1>\n<p><span>3, 2, 1, \u00a1YA! Las Nike Downshifter 12 marcan el ritmo con una comodidad superliviana para tu pr\u00f3xima carrera. Son transpirables, acolchadas y duraderas donde m\u00e1s las necesitas, as\u00ed que la \u00fanica pregunta es: \u00bfqu\u00e9 tan r\u00e1pido puedes ir?<\/span><\/p>\n<h4><span>Caracter\u00edsticas:<\/span><\/h4>\n<ul>\n<li><span>La malla se siente liviana y transpirable para ayudar a que los pies se mantengan frescos.\u00a0<\/span><\/li>\n<li><span>La espuma suave proporciona amortiguaci\u00f3n en cada paso y zancada.<\/span><\/li>\n<li><span>Adem\u00e1s, el acolchado alrededor del tobillo se siente m\u00e1s c\u00f3modo.<\/span><\/li>\n<li><span>La suela de goma proporciona tracci\u00f3n en las superficies, adem\u00e1s, la puntera reforzada es m\u00e1s duradera para que los dedos no se arrastren por el suelo.<\/span><\/li>\n<li><span>Cord\u00f3n s\u00f3lido<\/span><\/li>\n<li><span>Suela gruesa que absorbe los impactos<\/span><\/li>\n<li><span>Banda de rodadura de goma con buen agarre<\/span><\/li>\n<li><span>Gran logotipo Swoosh en los paneles laterales<\/span><\/li>\n<li>Parte superior: textil, material sint\u00e9tico<\/li>\n<li>Forro: textil<\/li>\n<li>Suela: espuma EVA, goma<\/li>\n<li>Color: Blanco<\/li>\n<li>Modelo: DD9294-103<\/li>\n<\/ul>\n","protected":false},"excerpt":{"rendered":"<p>DOWNSHIFTER 12 3, 2, 1, \u00a1YA! Las Nike Downshifter 12 marcan el ritmo con una comodidad superliviana para tu pr\u00f3xima<\/p>\n","protected":false},"featured_media":69432,"comment_status":"open","ping_status":"closed","template":"","meta":{"nf_dc_page":""},"product_brand":[],"product_cat":[73],"product_tag":[],"class_list":{"0":"post-69430","1":"product","2":"type-product","3":"status-publish","4":"has-post-thumbnail","6":"product_cat-femenino","8":"first","9":"instock","10":"shipping-taxable","11":"purchasable","12":"product-type-simple"},"_links":{"self":[{"href":"https:\/\/brandss.com.py\/index\/wp-json\/wp\/v2\/product\/69430","targetHints":{"allow":["GET"]}}],"collection":[{"href":"https:\/\/brandss.com.py\/index\/wp-json\/wp\/v2\/product"}],"about":[{"href":"https:\/\/brandss.com.py\/index\/wp-json\/wp\/v2\/types\/product"}],"replies":[{"embeddable":true,"href":"https:\/\/brandss.com.py\/index\/wp-json\/wp\/v2\/comments?post=69430"}],"version-history":[{"count":1,"href":"https:\/\/brandss.com.py\/index\/wp-json\/wp\/v2\/product\/69430\/revisions"}],"predecessor-version":[{"id":69444,"href":"https:\/\/brandss.com.py\/index\/wp-json\/wp\/v2\/product\/69430\/revisions\/69444"}],"wp:featuredmedia":[{"embeddable":true,"href":"https:\/\/brandss.com.py\/index\/wp-json\/wp\/v2\/media\/69432"}],"wp:attachment":[{"href":"https:\/\/brandss.com.py\/index\/wp-json\/wp\/v2\/media?parent=69430"}],"wp:term":[{"taxonomy":"product_brand","embeddable":true,"href":"https:\/\/brandss.com.py\/index\/wp-json\/wp\/v2\/product_brand?post=69430"},{"taxonomy":"product_cat","embeddable":true,"href":"https:\/\/brandss.com.py\/index\/wp-json\/wp\/v2\/product_cat?post=69430"},{"taxonomy":"product_tag","embeddable":true,"href":"https:\/\/brandss.com.py\/index\/wp-json\/wp\/v2\/product_tag?post=69430"}],"curies":[{"name":"wp","href":"https:\/\/api.w.org\/{rel}","templated":true}]}}