{"id":69456,"date":"2025-02-04T17:18:30","date_gmt":"2025-02-04T17:18:30","guid":{"rendered":"https:\/\/brandss.com.py\/index\/?post_type=product&#038;p=69456"},"modified":"2025-02-04T17:19:12","modified_gmt":"2025-02-04T17:19:12","slug":"calzado-deportivo-femenino-nike-air-zoom-structure-25","status":"publish","type":"product","link":"https:\/\/brandss.com.py\/index\/producto\/calzado-deportivo-femenino-nike-air-zoom-structure-25\/","title":{"rendered":"CALZADO DEPORTIVO FEMENINO NIKE AIR ZOOM STRUCTURE 25"},"content":{"rendered":"<p><img loading=\"lazy\" decoding=\"async\" class=\"\" src=\"https:\/\/1000marcas.net\/wp-content\/uploads\/2019\/11\/Logo-Nike.jpg\" alt=\"Logo de Nike: la historia y el significado del logotipo, la marca y el  s\u00edmbolo. | png, vector\" width=\"110\" height=\"62\" \/><\/p>\n<h1>AIR ZOOM STRUCTURE 25<\/h1>\n<div class=\"experience-component experience-productText\">\n<div class=\"product-text-wrapper hide-empty  \">\n<div class=\"product-text-content     \">\n<div class=\"product-text  released    \" data-product-field=\"longDescription\">\n<p>Con estabilidad donde la necesitas y amortiguaci\u00f3n donde la quieres, el Structure 25 te apoya en los recorridos largos, las carreras cortas de entrenamiento e incluso con unas sentadillas antes de que acabe el d\u00eda. Es la estabilidad que buscas, leal desde el primer momento, probada y confiable, con un sistema de soporte completo en el mediopi\u00e9 y una amortiguaci\u00f3n m\u00e1s c\u00f3moda que antes.<\/p>\n<p><b>Soporte: alto<\/b><\/p>\n<p>Cuanto m\u00e1s soporte ofrece el calzado, m\u00e1s estabilidad puede darle a tu pisada natural. La combinaci\u00f3n de soporte optimizado y amortiguaci\u00f3n colocada intencionalmente te ayuda a sentir seguridad en cada paso. El Structure 25 es el calzado m\u00e1s estable de Nike Running. La entresuela de espuma renovada funciona con un soporte m\u00e1s amplio en el mediopi\u00e9 y un dise\u00f1o de mecedora m\u00e1s grande para ofrecer una plataforma m\u00e1s estable en la planta del pie y transiciones m\u00e1s fluidas del tal\u00f3n a la punta.<\/p>\n<p><b>Amortiguaci\u00f3n: alta<\/b><\/p>\n<p>Cuanta m\u00e1s amortiguaci\u00f3n tengas en la planta del pie, m\u00e1s suave y c\u00f3moda puede ser tu experiencia de running. La amortiguaci\u00f3n suaviza el impacto cuando los pies llegan al suelo. La espuma nueva y mejorada en la entresuela ofrece una sensaci\u00f3n suave y c\u00f3moda mientras recorres kil\u00f3metros. Las pilas altas de espuma mantienen la comodidad. La espuma, a la que se le dio la forma de mecedora, brinda soporte en las tres fases de la pisada de un corredor. Te brinda flexibilidad cuando levantas el pie del suelo, un deslizamiento suave cuando el pie se mueve hacia delante y amortiguaci\u00f3n al contacto con el suelo.<\/p>\n<p><b>Responsividad: m\u00ednima<\/b><\/p>\n<p>Cuanto m\u00e1s responsivo sea el calzado, m\u00e1s retorno de energ\u00eda obtendr\u00e1s con cada paso. Ya sea que quieras correr un poco m\u00e1s r\u00e1pido o con un poco menos de esfuerzo, un calzado responsivo te brinda m\u00e1s elasticidad en tu pisada para que aproveches al m\u00e1ximo tu carrera. La unidad Zoom Air en el antepi\u00e9 aporta amortiguaci\u00f3n responsiva. Cada paso crea retorno de energ\u00eda para impulsarte hacia delante de forma responsiva y con elasticidad.<\/p>\n<p><b>Ajuste adaptable<\/b><\/p>\n<p>El antepi\u00e9 adaptable tiene suficiente espacio para extender los dedos. El antepi\u00e9 m\u00e1s amplio complementa la base m\u00e1s ancha y una pisada suave. La estructura y contenci\u00f3n adicionales alrededor del tal\u00f3n ofrecen un ajuste con m\u00e1s soporte.<\/p>\n<p><b>\u00bfQu\u00e9 innovaciones tiene el Structure 25?<\/b><\/p>\n<p>Le agregamos m\u00e1s espuma que a nuestros Structure anteriores y tambi\u00e9n tiene mejor soporte y comodidad que su predecesor. La espuma nueva y mejorada en la planta del pie brinda soporte.<\/p>\n<p><b>M\u00e1s beneficios<\/b><\/p>\n<ul>\n<li>Suavizamos los materiales en el interior del tal\u00f3n, el cuello y la leng\u00fceta para que cualquier parte del calzado que toque el tobillo se sienta suave y c\u00f3moda.<\/li>\n<li>La malla unicapa ofrece transpirabilidad y durabilidad.<\/li>\n<li>La suela de goma duradera tiene ranuras en el antepi\u00e9 para crear flexibilidad y las ranuras verticales en los costados crean estabilidad.<\/li>\n<\/ul>\n<p><b>Datos del producto<\/b><\/p>\n<ul>\n<li>Agujetas ce\u00f1idas<\/li>\n<li>Tal\u00f3n moldeado<\/li>\n<li>Peso: 263 g (talla 8 para mujer)<\/li>\n<li>Ca\u00edda del tal\u00f3n a la punta: 10 mm<\/li>\n<li>Este producto no est\u00e1 dise\u00f1ado para usarse como equipo de protecci\u00f3n personal (EPP)<\/li>\n<li>Color:\u00a0 Negro\/Blanco\/Gris humo oscuro\/Oro metalizado<\/li>\n<li>Modelo:\u00a0 DJ7884-003<\/li>\n<\/ul>\n<\/div>\n<\/div>\n<\/div>\n<\/div>\n","protected":false},"excerpt":{"rendered":"<p>AIR ZOOM STRUCTURE 25 Con estabilidad donde la necesitas y amortiguaci\u00f3n donde la quieres, el Structure 25 te apoya en<\/p>\n","protected":false},"featured_media":69457,"comment_status":"open","ping_status":"closed","template":"","meta":{"nf_dc_page":""},"product_brand":[],"product_cat":[73],"product_tag":[],"class_list":{"0":"post-69456","1":"product","2":"type-product","3":"status-publish","4":"has-post-thumbnail","6":"product_cat-femenino","8":"first","9":"instock","10":"shipping-taxable","11":"purchasable","12":"product-type-simple"},"_links":{"self":[{"href":"https:\/\/brandss.com.py\/index\/wp-json\/wp\/v2\/product\/69456","targetHints":{"allow":["GET"]}}],"collection":[{"href":"https:\/\/brandss.com.py\/index\/wp-json\/wp\/v2\/product"}],"about":[{"href":"https:\/\/brandss.com.py\/index\/wp-json\/wp\/v2\/types\/product"}],"replies":[{"embeddable":true,"href":"https:\/\/brandss.com.py\/index\/wp-json\/wp\/v2\/comments?post=69456"}],"version-history":[{"count":1,"href":"https:\/\/brandss.com.py\/index\/wp-json\/wp\/v2\/product\/69456\/revisions"}],"predecessor-version":[{"id":69469,"href":"https:\/\/brandss.com.py\/index\/wp-json\/wp\/v2\/product\/69456\/revisions\/69469"}],"wp:featuredmedia":[{"embeddable":true,"href":"https:\/\/brandss.com.py\/index\/wp-json\/wp\/v2\/media\/69457"}],"wp:attachment":[{"href":"https:\/\/brandss.com.py\/index\/wp-json\/wp\/v2\/media?parent=69456"}],"wp:term":[{"taxonomy":"product_brand","embeddable":true,"href":"https:\/\/brandss.com.py\/index\/wp-json\/wp\/v2\/product_brand?post=69456"},{"taxonomy":"product_cat","embeddable":true,"href":"https:\/\/brandss.com.py\/index\/wp-json\/wp\/v2\/product_cat?post=69456"},{"taxonomy":"product_tag","embeddable":true,"href":"https:\/\/brandss.com.py\/index\/wp-json\/wp\/v2\/product_tag?post=69456"}],"curies":[{"name":"wp","href":"https:\/\/api.w.org\/{rel}","templated":true}]}}